{"id":91,"date":"2020-07-02T17:54:11","date_gmt":"2020-07-02T15:54:11","guid":{"rendered":"https:\/\/demosites.io\/doctor-gb\/?page_id=91"},"modified":"2023-02-27T13:41:39","modified_gmt":"2023-02-27T12:41:39","slug":"kontakt","status":"publish","type":"page","link":"https:\/\/denkpilot.ch\/cms\/kontakt\/","title":{"rendered":"Kontakt"},"content":{"rendered":"\n<div id=\"wp-block-themeisle-blocks-advanced-columns-1a23c41a\" class=\"wp-block-themeisle-blocks-advanced-columns alignfull has-1-columns has-desktop-equal-layout has-tablet-equal-layout has-mobile-equal-layout has-vertical-unset seitenBackground\"><div class=\"wp-block-themeisle-blocks-advanced-columns-overlay\"><\/div><div class=\"innerblocks-wrap\">\n<div id=\"wp-block-themeisle-blocks-advanced-column-1f2ed3de\" class=\"wp-block-themeisle-blocks-advanced-column animated slideInLeft\">\n<h2 class=\"has-text-align-center has-white-color has-text-color wp-block-heading\">Kontakt<\/h2>\n\n\n\n<p class=\"has-text-align-center has-white-color has-text-color\" style=\"font-size:21px\">Habe Ich Ihr Interesse geweckt und sind Sie bereit f\u00fcr die Ver\u00e4nderung in eine positive Zukunft?<\/p>\n<\/div>\n<\/div><\/div>\n\n\n\n<div id=\"wp-block-themeisle-blocks-advanced-columns-5209eab1\" class=\"wp-block-themeisle-blocks-advanced-columns alignfull has-1-columns has-desktop-equal-layout has-tablet-equal-layout has-mobile-equal-layout has-vertical-unset\"><div class=\"wp-block-themeisle-blocks-advanced-columns-overlay\"><\/div><div class=\"innerblocks-wrap\">\n<div id=\"wp-block-themeisle-blocks-advanced-column-9eb20d6d\" class=\"wp-block-themeisle-blocks-advanced-column\">\n<p class=\"has-text-align-left has-medium-font-size\">So nehmen Sie gerne \u00fcber das Formular Kontakt zu mir auf, so dass wir gemeinsam Ihr Anliegen bei einem ersten, kostenlosen Gespr\u00e4ch besprechen k\u00f6nnen. <\/p>\n\n\n\n<p class=\"has-medium-font-size\">Schreiben Sie mir hier \u00fcber das Kontaktformular oder E-Mail und ich melde mich so schnell wie m\u00f6glich telefonisch bei Ihnen. Hinterlassen Sie mir Ihre Nummer und die Zeiten, wann ich Sie am besten erreichen kann.<\/p>\n\n\n\n<p class=\"has-medium-font-size\">Ich antworte Ihnen in der Regel innerhalb von 48 Stunden. Ich freue mich darauf Sie kennenzulernen.<\/p>\n<\/div>\n<\/div><\/div>\n\n\n\n<div id=\"wp-block-themeisle-blocks-advanced-columns-0bea1d69\" class=\"wp-block-themeisle-blocks-advanced-columns alignfull has-2-columns has-desktop-oneTwo-layout has-tablet-equal-layout has-mobile-collapsedRows-layout has-vertical-unset containerKontaktformular\"><div class=\"wp-block-themeisle-blocks-advanced-columns-overlay\"><\/div><div class=\"innerblocks-wrap\">\n<div id=\"wp-block-themeisle-blocks-advanced-column-6a304aa0\" class=\"wp-block-themeisle-blocks-advanced-column animated slideInLeft columnAdresse has-dark-bg\">\n<h3 class=\"has-white-color has-text-color wp-block-heading\">Denkpilot<br>Marc Strickler<\/h3>\n\n\n\n<div id=\"wp-block-themeisle-blocks-button-group-a49028fd\" class=\"wp-block-themeisle-blocks-button-group wp-block-buttons\">\n<div id=\"wp-block-themeisle-blocks-button-ab2aa6af\" class=\"wp-block-themeisle-blocks-button wp-block-button\"><a href=\"\" target=\"_self\" rel=\"noopener noreferrer\" class=\"wp-block-button__link\"><i class=\"fas fa-fw fa-map-marker-alt margin-right\"><\/i><span><strong>Muslistrasse 3, 8820 W\u00e4denswil<\/strong><\/span><\/a><\/div>\n<\/div>\n\n\n\n<div id=\"wp-block-themeisle-blocks-button-group-78eb72b8\" class=\"wp-block-themeisle-blocks-button-group wp-block-buttons\">\n<div id=\"wp-block-themeisle-blocks-button-5eff2b6a\" class=\"wp-block-themeisle-blocks-button wp-block-button\"><a href=\"\" target=\"_self\" rel=\"noopener noreferrer\" class=\"wp-block-button__link\"><i class=\"fas fa-fw fa-phone-alt margin-right\"><\/i><span><strong><strong><strong>+<\/strong><\/strong><\/strong>41 (0) 79 376 02 77<\/span><\/a><\/div>\n<\/div>\n\n\n\n<div id=\"wp-block-themeisle-blocks-button-group-5f035649\" class=\"wp-block-themeisle-blocks-button-group wp-block-buttons\">\n<div id=\"wp-block-themeisle-blocks-button-0e108975\" class=\"wp-block-themeisle-blocks-button wp-block-button\"><a href=\"\" target=\"_self\" rel=\"noopener noreferrer\" class=\"wp-block-button__link\"><i class=\"fas fa-fw fa-envelope margin-right\"><\/i><span><strong><strong><strong>info<\/strong><\/strong><\/strong>@denk<strong><strong><strong>pilot.ch<\/strong><\/strong><\/strong><\/span><\/a><\/div>\n<\/div>\n\n\n\n<div class=\"wp-block-columns is-layout-flex wp-container-core-columns-is-layout-9d6595d7 wp-block-columns-is-layout-flex\">\n<div class=\"wp-block-column is-layout-flow wp-block-column-is-layout-flow\">\n<p><\/p>\n\n\n\n<h4 class=\"has-nv-site-bg-color has-text-color wp-block-heading\">Standort:<\/h4>\n\n\n\n<p class=\"linkKontakt\"><a href=\"https:\/\/www.seesichttheater.ch\/\" target=\"_blank\" rel=\"noreferrer noopener\">www.seesichttheater.ch<\/a><\/p>\n<\/div>\n<\/div>\n\n\n\n<ul class=\"wp-block-social-links animated fadeIn SocialMedia is-layout-flex wp-block-social-links-is-layout-flex\"><li class=\"wp-social-link wp-social-link-instagram  wp-block-social-link\"><a rel=\"noopener nofollow\" target=\"_blank\" href=\"https:\/\/www.instagram.com\/\" class=\"wp-block-social-link-anchor\"><svg width=\"24\" height=\"24\" viewBox=\"0 0 24 24\" version=\"1.1\" xmlns=\"http:\/\/www.w3.org\/2000\/svg\" aria-hidden=\"true\" focusable=\"false\"><path d=\"M12,4.622c2.403,0,2.688,0.009,3.637,0.052c0.877,0.04,1.354,0.187,1.671,0.31c0.42,0.163,0.72,0.358,1.035,0.673 c0.315,0.315,0.51,0.615,0.673,1.035c0.123,0.317,0.27,0.794,0.31,1.671c0.043,0.949,0.052,1.234,0.052,3.637 s-0.009,2.688-0.052,3.637c-0.04,0.877-0.187,1.354-0.31,1.671c-0.163,0.42-0.358,0.72-0.673,1.035 c-0.315,0.315-0.615,0.51-1.035,0.673c-0.317,0.123-0.794,0.27-1.671,0.31c-0.949,0.043-1.233,0.052-3.637,0.052 s-2.688-0.009-3.637-0.052c-0.877-0.04-1.354-0.187-1.671-0.31c-0.42-0.163-0.72-0.358-1.035-0.673 c-0.315-0.315-0.51-0.615-0.673-1.035c-0.123-0.317-0.27-0.794-0.31-1.671C4.631,14.688,4.622,14.403,4.622,12 s0.009-2.688,0.052-3.637c0.04-0.877,0.187-1.354,0.31-1.671c0.163-0.42,0.358-0.72,0.673-1.035 c0.315-0.315,0.615-0.51,1.035-0.673c0.317-0.123,0.794-0.27,1.671-0.31C9.312,4.631,9.597,4.622,12,4.622 M12,3 C9.556,3,9.249,3.01,8.289,3.054C7.331,3.098,6.677,3.25,6.105,3.472C5.513,3.702,5.011,4.01,4.511,4.511 c-0.5,0.5-0.808,1.002-1.038,1.594C3.25,6.677,3.098,7.331,3.054,8.289C3.01,9.249,3,9.556,3,12c0,2.444,0.01,2.751,0.054,3.711 c0.044,0.958,0.196,1.612,0.418,2.185c0.23,0.592,0.538,1.094,1.038,1.594c0.5,0.5,1.002,0.808,1.594,1.038 c0.572,0.222,1.227,0.375,2.185,0.418C9.249,20.99,9.556,21,12,21s2.751-0.01,3.711-0.054c0.958-0.044,1.612-0.196,2.185-0.418 c0.592-0.23,1.094-0.538,1.594-1.038c0.5-0.5,0.808-1.002,1.038-1.594c0.222-0.572,0.375-1.227,0.418-2.185 C20.99,14.751,21,14.444,21,12s-0.01-2.751-0.054-3.711c-0.044-0.958-0.196-1.612-0.418-2.185c-0.23-0.592-0.538-1.094-1.038-1.594 c-0.5-0.5-1.002-0.808-1.594-1.038c-0.572-0.222-1.227-0.375-2.185-0.418C14.751,3.01,14.444,3,12,3L12,3z M12,7.378 c-2.552,0-4.622,2.069-4.622,4.622S9.448,16.622,12,16.622s4.622-2.069,4.622-4.622S14.552,7.378,12,7.378z M12,15 c-1.657,0-3-1.343-3-3s1.343-3,3-3s3,1.343,3,3S13.657,15,12,15z M16.804,6.116c-0.596,0-1.08,0.484-1.08,1.08 s0.484,1.08,1.08,1.08c0.596,0,1.08-0.484,1.08-1.08S17.401,6.116,16.804,6.116z\"><\/path><\/svg><span class=\"wp-block-social-link-label screen-reader-text\">Instagram<\/span><\/a><\/li>\n\n<li class=\"wp-social-link wp-social-link-facebook  wp-block-social-link\"><a rel=\"noopener nofollow\" target=\"_blank\" href=\"https:\/\/www.facebook.com\/\" class=\"wp-block-social-link-anchor\"><svg width=\"24\" height=\"24\" viewBox=\"0 0 24 24\" version=\"1.1\" xmlns=\"http:\/\/www.w3.org\/2000\/svg\" aria-hidden=\"true\" focusable=\"false\"><path d=\"M12 2C6.5 2 2 6.5 2 12c0 5 3.7 9.1 8.4 9.9v-7H7.9V12h2.5V9.8c0-2.5 1.5-3.9 3.8-3.9 1.1 0 2.2.2 2.2.2v2.5h-1.3c-1.2 0-1.6.8-1.6 1.6V12h2.8l-.4 2.9h-2.3v7C18.3 21.1 22 17 22 12c0-5.5-4.5-10-10-10z\"><\/path><\/svg><span class=\"wp-block-social-link-label screen-reader-text\">Facebook<\/span><\/a><\/li>\n\n<li class=\"wp-social-link wp-social-link-linkedin  wp-block-social-link\"><a rel=\"noopener nofollow\" target=\"_blank\" href=\"https:\/\/ch.linkedin.com\/\" class=\"wp-block-social-link-anchor\"><svg width=\"24\" height=\"24\" viewBox=\"0 0 24 24\" version=\"1.1\" xmlns=\"http:\/\/www.w3.org\/2000\/svg\" aria-hidden=\"true\" focusable=\"false\"><path d=\"M19.7,3H4.3C3.582,3,3,3.582,3,4.3v15.4C3,20.418,3.582,21,4.3,21h15.4c0.718,0,1.3-0.582,1.3-1.3V4.3 C21,3.582,20.418,3,19.7,3z M8.339,18.338H5.667v-8.59h2.672V18.338z M7.004,8.574c-0.857,0-1.549-0.694-1.549-1.548 c0-0.855,0.691-1.548,1.549-1.548c0.854,0,1.547,0.694,1.547,1.548C8.551,7.881,7.858,8.574,7.004,8.574z M18.339,18.338h-2.669 v-4.177c0-0.996-0.017-2.278-1.387-2.278c-1.389,0-1.601,1.086-1.601,2.206v4.249h-2.667v-8.59h2.559v1.174h0.037 c0.356-0.675,1.227-1.387,2.526-1.387c2.703,0,3.203,1.779,3.203,4.092V18.338z\"><\/path><\/svg><span class=\"wp-block-social-link-label screen-reader-text\">LinkedIn<\/span><\/a><\/li><\/ul>\n<\/div>\n\n\n\n<div id=\"wp-block-themeisle-blocks-advanced-column-e1e36f52\" class=\"wp-block-themeisle-blocks-advanced-column contact-form columnKontaktformular\">\n<h2 class=\"has-neve-link-color-color has-text-color wp-block-heading\">Kontaktformular<\/h2>\n\n\n\n<div class=\"wp-block-contact-form-7-contact-form-selector\">\n<div class=\"wpcf7 no-js\" id=\"wpcf7-f1233-o1\" lang=\"de-CH\" dir=\"ltr\" data-wpcf7-id=\"1233\">\n<div class=\"screen-reader-response\"><p role=\"status\" aria-live=\"polite\" aria-atomic=\"true\"><\/p> <ul><\/ul><\/div>\n<form action=\"\/cms\/wp-json\/wp\/v2\/pages\/91#wpcf7-f1233-o1\" method=\"post\" class=\"wpcf7-form init\" aria-label=\"Contact form\" novalidate=\"novalidate\" data-status=\"init\">\n<fieldset class=\"hidden-fields-container\"><input type=\"hidden\" name=\"_wpcf7\" value=\"1233\" \/><input type=\"hidden\" name=\"_wpcf7_version\" value=\"6.1.6\" \/><input type=\"hidden\" name=\"_wpcf7_locale\" value=\"de_CH\" \/><input type=\"hidden\" name=\"_wpcf7_unit_tag\" value=\"wpcf7-f1233-o1\" \/><input type=\"hidden\" name=\"_wpcf7_container_post\" value=\"0\" \/><input type=\"hidden\" name=\"_wpcf7_posted_data_hash\" value=\"\" \/>\n<\/fieldset>\n<div class=\"formContainer\">\n\t<p><label> Anrede *<br \/>\n<span class=\"wpcf7-form-control-wrap\" data-name=\"anrede\"><select class=\"wpcf7-form-control wpcf7-select wpcf7-validates-as-required\" aria-required=\"true\" aria-invalid=\"false\" name=\"anrede\"><option value=\"Frau\">Frau<\/option><option value=\"Herr\">Herr<\/option><option value=\"Firma\">Firma<\/option><\/select><\/span><\/label>\n\t<\/p>\n\t<p><label> Vorname *<br \/>\n<span class=\"wpcf7-form-control-wrap\" data-name=\"vorname\"><input size=\"40\" maxlength=\"400\" class=\"wpcf7-form-control wpcf7-text wpcf7-validates-as-required\" aria-required=\"true\" aria-invalid=\"false\" value=\"\" type=\"text\" name=\"vorname\" \/><\/span> <\/label>\n\t<\/p>\n\t<p><label> Nachname *<br \/>\n<span class=\"wpcf7-form-control-wrap\" data-name=\"nachname\"><input size=\"40\" maxlength=\"400\" class=\"wpcf7-form-control wpcf7-text wpcf7-validates-as-required\" aria-required=\"true\" aria-invalid=\"false\" value=\"\" type=\"text\" name=\"nachname\" \/><\/span> <\/label>\n\t<\/p>\n\t<p><label> E-Mail *<br \/>\n<span class=\"wpcf7-form-control-wrap\" data-name=\"email\"><input size=\"40\" maxlength=\"400\" class=\"wpcf7-form-control wpcf7-email wpcf7-validates-as-required wpcf7-text wpcf7-validates-as-email\" aria-required=\"true\" aria-invalid=\"false\" value=\"\" type=\"email\" name=\"email\" \/><\/span> <\/label><br \/>\n<span id=\"wpcf7-6a09e7097a8fe-wrapper\" class=\"wpcf7-form-control-wrap website-wrap\" ><input type=\"hidden\" name=\"website-random-hash\" value=\"10266227\"><label\n\t\t    for=\"wpcf7-6a09e7097a8fe-field\"\n\t\t    class=\"hp-message\"\n        >Bitte lassen Sie dieses Feld leer.<\/label><input\n\t    id=\"wpcf7-6a09e7097a8fe-field\"\n\t    \n\t    class=\"wpcf7-form-control wpcf7-text\"\n\t    type=\"text\"\n\t    name=\"giyuf3tx34s4\"\n\t    value=\"\"\n\t    size=\"40\"\n\t    autocomplete=\"new-password\"\n\t    tabindex=\"1000\"\n    \/><\/span><br \/>\n<label> Betreff *<br \/>\n<span class=\"wpcf7-form-control-wrap\" data-name=\"betreff\"><input size=\"40\" maxlength=\"400\" class=\"wpcf7-form-control wpcf7-text wpcf7-validates-as-required\" aria-required=\"true\" aria-invalid=\"false\" value=\"\" type=\"text\" name=\"betreff\" \/><\/span> <\/label>\n\t<\/p>\n\t<p><label> Ihre Nachricht (optional)<br \/>\n<span class=\"wpcf7-form-control-wrap\" data-name=\"textarea-nachricht\"><textarea cols=\"40\" rows=\"10\" maxlength=\"2000\" class=\"wpcf7-form-control wpcf7-textarea\" aria-invalid=\"false\" name=\"textarea-nachricht\"><\/textarea><\/span> <\/label>\n\t<\/p>\n\t<div>\n\t\t<p><label>Sicherheitsabfrage *<br \/>\n<input type=\"hidden\" name=\"_wpcf7_captcha_challenge_captcha-170\" value=\"4066538072\" \/><img decoding=\"async\" class=\"wpcf7-form-control wpcf7-captchac wpcf7-captcha-captcha-170 sicherheit lazyload\" width=\"72\" height=\"24\" alt=\"captcha\" data-src=\"https:\/\/denkpilot.ch\/cms\/wp-content\/uploads\/wpcf7_captcha\/4066538072.png\" src=\"data:image\/svg+xml;base64,PHN2ZyB3aWR0aD0iMSIgaGVpZ2h0PSIxIiB4bWxucz0iaHR0cDovL3d3dy53My5vcmcvMjAwMC9zdmciPjwvc3ZnPg==\" style=\"--smush-placeholder-width: 72px; --smush-placeholder-aspect-ratio: 72\/24;\" \/><span class=\"wpcf7-form-control-wrap\" data-name=\"captcha-170\"><input size=\"4\" maxlength=\"4\" class=\"wpcf7-form-control wpcf7-captchar\" autocomplete=\"off\" aria-invalid=\"false\" value=\"\" type=\"text\" name=\"captcha-170\" \/><\/span><\/label>\n\t\t<\/p>\n\t\t<p><input class=\"wpcf7-form-control wpcf7-submit has-spinner\" type=\"submit\" value=\"Absenden\" \/>\n\t\t<\/p>\n\t<\/div>\n<\/div><div class=\"wpcf7-response-output\" aria-hidden=\"true\"><\/div>\n<\/form>\n<\/div>\n<\/div>\n<\/div>\n<\/div><\/div>\n\n\n","protected":false},"excerpt":{"rendered":"","protected":false},"author":1,"featured_media":0,"parent":0,"menu_order":0,"comment_status":"closed","ping_status":"closed","template":"","meta":{"_bbp_topic_count":0,"_bbp_reply_count":0,"_bbp_total_topic_count":0,"_bbp_total_reply_count":0,"_bbp_voice_count":0,"_bbp_anonymous_reply_count":0,"_bbp_topic_count_hidden":0,"_bbp_reply_count_hidden":0,"_bbp_forum_subforum_count":0,"neve_meta_sidebar":"full-width","neve_meta_container":"","neve_meta_enable_content_width":"on","neve_meta_content_width":100,"neve_meta_title_alignment":"","neve_meta_author_avatar":"","neve_post_elements_order":"","neve_meta_disable_header":"","neve_meta_disable_footer":"","neve_meta_disable_title":"on","_themeisle_gutenberg_block_has_review":false,"footnotes":""},"class_list":["post-91","page","type-page","status-publish","hentry"],"featured_image_urls_v2":{"full":"","thumbnail":"","medium":"","medium_large":"","large":"","1536x1536":"","2048x2048":"","neve-blog":""},"post_excerpt_stackable_v2":"<p>Kontakt Habe Ich Ihr Interesse geweckt und sind Sie bereit f\u00fcr die Ver\u00e4nderung in eine positive Zukunft? So nehmen Sie gerne \u00fcber das Formular Kontakt zu mir auf, so dass wir gemeinsam Ihr Anliegen bei einem ersten, kostenlosen Gespr\u00e4ch besprechen k\u00f6nnen. Schreiben Sie mir hier \u00fcber das Kontaktformular oder E-Mail und ich melde mich so schnell wie m\u00f6glich telefonisch bei Ihnen. Hinterlassen Sie mir Ihre Nummer und die Zeiten, wann ich Sie am besten erreichen kann. Ich antworte Ihnen in der Regel innerhalb von 48 Stunden. Ich freue mich darauf Sie kennenzulernen. DenkpilotMarc Strickler Muslistrasse 3, 8820 W\u00e4denswil +41 (0)&hellip;<\/p>\n","category_list_v2":"","author_info_v2":{"name":"webmaster@denkpilot.ch","url":"https:\/\/denkpilot.ch\/cms\/author\/webmasterdenkpilot-ch\/"},"comments_num_v2":"0 comments","yoast_head":"<!-- This site is optimized with the Yoast SEO plugin v27.6 - https:\/\/yoast.com\/product\/yoast-seo-wordpress\/ -->\n<title>Kontakt - Denkpilot<\/title>\n<meta name=\"description\" content=\"Nehmen Sie gerne Kontakt, dass wir gemeinsam Ihr Anliegen bei einem ersten, kostenlosen Gespr\u00e4ch besprechen k\u00f6nnen. Denkpilot Marc Strickler, info@denkpilot.ch\" \/>\n<meta name=\"robots\" content=\"index, follow, max-snippet:-1, max-image-preview:large, max-video-preview:-1\" \/>\n<link rel=\"canonical\" href=\"https:\/\/denkpilot.ch\/cms\/kontakt\/\" \/>\n<meta property=\"og:locale\" content=\"de_DE\" \/>\n<meta property=\"og:type\" content=\"article\" \/>\n<meta property=\"og:title\" content=\"Kontakt - Denkpilot\" \/>\n<meta property=\"og:description\" content=\"Nehmen Sie gerne Kontakt, dass wir gemeinsam Ihr Anliegen bei einem ersten, kostenlosen Gespr\u00e4ch besprechen k\u00f6nnen. Denkpilot Marc Strickler, info@denkpilot.ch\" \/>\n<meta property=\"og:url\" content=\"https:\/\/denkpilot.ch\/cms\/kontakt\/\" \/>\n<meta property=\"og:site_name\" content=\"Denkpilot\" \/>\n<meta property=\"article:modified_time\" content=\"2023-02-27T12:41:39+00:00\" \/>\n<meta name=\"twitter:card\" content=\"summary_large_image\" \/>\n<meta name=\"twitter:label1\" content=\"Gesch\u00e4tzte Lesezeit\" \/>\n\t<meta name=\"twitter:data1\" content=\"1\u00a0Minute\" \/>\n<script type=\"application\/ld+json\" class=\"yoast-schema-graph\">{\"@context\":\"https:\\\/\\\/schema.org\",\"@graph\":[{\"@type\":\"WebPage\",\"@id\":\"https:\\\/\\\/denkpilot.ch\\\/cms\\\/kontakt\\\/\",\"url\":\"https:\\\/\\\/denkpilot.ch\\\/cms\\\/kontakt\\\/\",\"name\":\"Kontakt - Denkpilot\",\"isPartOf\":{\"@id\":\"https:\\\/\\\/denkpilot.ch\\\/cms\\\/#website\"},\"datePublished\":\"2020-07-02T15:54:11+00:00\",\"dateModified\":\"2023-02-27T12:41:39+00:00\",\"description\":\"Nehmen Sie gerne Kontakt, dass wir gemeinsam Ihr Anliegen bei einem ersten, kostenlosen Gespr\u00e4ch besprechen k\u00f6nnen. Denkpilot Marc Strickler, info@denkpilot.ch\",\"breadcrumb\":{\"@id\":\"https:\\\/\\\/denkpilot.ch\\\/cms\\\/kontakt\\\/#breadcrumb\"},\"inLanguage\":\"de-CH\",\"potentialAction\":[{\"@type\":\"ReadAction\",\"target\":[\"https:\\\/\\\/denkpilot.ch\\\/cms\\\/kontakt\\\/\"]}]},{\"@type\":\"BreadcrumbList\",\"@id\":\"https:\\\/\\\/denkpilot.ch\\\/cms\\\/kontakt\\\/#breadcrumb\",\"itemListElement\":[{\"@type\":\"ListItem\",\"position\":1,\"name\":\"Home\",\"item\":\"https:\\\/\\\/denkpilot.ch\\\/cms\\\/\"},{\"@type\":\"ListItem\",\"position\":2,\"name\":\"Kontakt\"}]},{\"@type\":\"WebSite\",\"@id\":\"https:\\\/\\\/denkpilot.ch\\\/cms\\\/#website\",\"url\":\"https:\\\/\\\/denkpilot.ch\\\/cms\\\/\",\"name\":\"Denkpilot\",\"description\":\" Ein Knopf im Kopf ? Deine neuen Schritte zur Ver\u00e4nderung\",\"publisher\":{\"@id\":\"https:\\\/\\\/denkpilot.ch\\\/cms\\\/#organization\"},\"potentialAction\":[{\"@type\":\"SearchAction\",\"target\":{\"@type\":\"EntryPoint\",\"urlTemplate\":\"https:\\\/\\\/denkpilot.ch\\\/cms\\\/?s={search_term_string}\"},\"query-input\":{\"@type\":\"PropertyValueSpecification\",\"valueRequired\":true,\"valueName\":\"search_term_string\"}}],\"inLanguage\":\"de-CH\"},{\"@type\":\"Organization\",\"@id\":\"https:\\\/\\\/denkpilot.ch\\\/cms\\\/#organization\",\"name\":\"denkpilot.ch\",\"url\":\"https:\\\/\\\/denkpilot.ch\\\/cms\\\/\",\"logo\":{\"@type\":\"ImageObject\",\"inLanguage\":\"de-CH\",\"@id\":\"https:\\\/\\\/denkpilot.ch\\\/cms\\\/#\\\/schema\\\/logo\\\/image\\\/\",\"url\":\"https:\\\/\\\/denkpilot.ch\\\/cms\\\/wp-content\\\/uploads\\\/2021\\\/09\\\/gross-denken.png\",\"contentUrl\":\"https:\\\/\\\/denkpilot.ch\\\/cms\\\/wp-content\\\/uploads\\\/2021\\\/09\\\/gross-denken.png\",\"width\":256,\"height\":256,\"caption\":\"denkpilot.ch\"},\"image\":{\"@id\":\"https:\\\/\\\/denkpilot.ch\\\/cms\\\/#\\\/schema\\\/logo\\\/image\\\/\"}}]}<\/script>\n<!-- \/ Yoast SEO plugin. -->","yoast_head_json":{"title":"Kontakt - Denkpilot","description":"Nehmen Sie gerne Kontakt, dass wir gemeinsam Ihr Anliegen bei einem ersten, kostenlosen Gespr\u00e4ch besprechen k\u00f6nnen. Denkpilot Marc Strickler, info@denkpilot.ch","robots":{"index":"index","follow":"follow","max-snippet":"max-snippet:-1","max-image-preview":"max-image-preview:large","max-video-preview":"max-video-preview:-1"},"canonical":"https:\/\/denkpilot.ch\/cms\/kontakt\/","og_locale":"de_DE","og_type":"article","og_title":"Kontakt - Denkpilot","og_description":"Nehmen Sie gerne Kontakt, dass wir gemeinsam Ihr Anliegen bei einem ersten, kostenlosen Gespr\u00e4ch besprechen k\u00f6nnen. Denkpilot Marc Strickler, info@denkpilot.ch","og_url":"https:\/\/denkpilot.ch\/cms\/kontakt\/","og_site_name":"Denkpilot","article_modified_time":"2023-02-27T12:41:39+00:00","twitter_card":"summary_large_image","twitter_misc":{"Gesch\u00e4tzte Lesezeit":"1\u00a0Minute"},"schema":{"@context":"https:\/\/schema.org","@graph":[{"@type":"WebPage","@id":"https:\/\/denkpilot.ch\/cms\/kontakt\/","url":"https:\/\/denkpilot.ch\/cms\/kontakt\/","name":"Kontakt - Denkpilot","isPartOf":{"@id":"https:\/\/denkpilot.ch\/cms\/#website"},"datePublished":"2020-07-02T15:54:11+00:00","dateModified":"2023-02-27T12:41:39+00:00","description":"Nehmen Sie gerne Kontakt, dass wir gemeinsam Ihr Anliegen bei einem ersten, kostenlosen Gespr\u00e4ch besprechen k\u00f6nnen. Denkpilot Marc Strickler, info@denkpilot.ch","breadcrumb":{"@id":"https:\/\/denkpilot.ch\/cms\/kontakt\/#breadcrumb"},"inLanguage":"de-CH","potentialAction":[{"@type":"ReadAction","target":["https:\/\/denkpilot.ch\/cms\/kontakt\/"]}]},{"@type":"BreadcrumbList","@id":"https:\/\/denkpilot.ch\/cms\/kontakt\/#breadcrumb","itemListElement":[{"@type":"ListItem","position":1,"name":"Home","item":"https:\/\/denkpilot.ch\/cms\/"},{"@type":"ListItem","position":2,"name":"Kontakt"}]},{"@type":"WebSite","@id":"https:\/\/denkpilot.ch\/cms\/#website","url":"https:\/\/denkpilot.ch\/cms\/","name":"Denkpilot","description":" Ein Knopf im Kopf ? Deine neuen Schritte zur Ver\u00e4nderung","publisher":{"@id":"https:\/\/denkpilot.ch\/cms\/#organization"},"potentialAction":[{"@type":"SearchAction","target":{"@type":"EntryPoint","urlTemplate":"https:\/\/denkpilot.ch\/cms\/?s={search_term_string}"},"query-input":{"@type":"PropertyValueSpecification","valueRequired":true,"valueName":"search_term_string"}}],"inLanguage":"de-CH"},{"@type":"Organization","@id":"https:\/\/denkpilot.ch\/cms\/#organization","name":"denkpilot.ch","url":"https:\/\/denkpilot.ch\/cms\/","logo":{"@type":"ImageObject","inLanguage":"de-CH","@id":"https:\/\/denkpilot.ch\/cms\/#\/schema\/logo\/image\/","url":"https:\/\/denkpilot.ch\/cms\/wp-content\/uploads\/2021\/09\/gross-denken.png","contentUrl":"https:\/\/denkpilot.ch\/cms\/wp-content\/uploads\/2021\/09\/gross-denken.png","width":256,"height":256,"caption":"denkpilot.ch"},"image":{"@id":"https:\/\/denkpilot.ch\/cms\/#\/schema\/logo\/image\/"}}]}},"_links":{"self":[{"href":"https:\/\/denkpilot.ch\/cms\/wp-json\/wp\/v2\/pages\/91","targetHints":{"allow":["GET"]}}],"collection":[{"href":"https:\/\/denkpilot.ch\/cms\/wp-json\/wp\/v2\/pages"}],"about":[{"href":"https:\/\/denkpilot.ch\/cms\/wp-json\/wp\/v2\/types\/page"}],"author":[{"embeddable":true,"href":"https:\/\/denkpilot.ch\/cms\/wp-json\/wp\/v2\/users\/1"}],"replies":[{"embeddable":true,"href":"https:\/\/denkpilot.ch\/cms\/wp-json\/wp\/v2\/comments?post=91"}],"version-history":[{"count":67,"href":"https:\/\/denkpilot.ch\/cms\/wp-json\/wp\/v2\/pages\/91\/revisions"}],"predecessor-version":[{"id":1465,"href":"https:\/\/denkpilot.ch\/cms\/wp-json\/wp\/v2\/pages\/91\/revisions\/1465"}],"wp:attachment":[{"href":"https:\/\/denkpilot.ch\/cms\/wp-json\/wp\/v2\/media?parent=91"}],"curies":[{"name":"wp","href":"https:\/\/api.w.org\/{rel}","templated":true}]}}