{"id":85,"date":"2020-07-02T17:52:02","date_gmt":"2020-07-02T15:52:02","guid":{"rendered":"https:\/\/demosites.io\/doctor-gb\/?page_id=85"},"modified":"2024-05-08T18:46:51","modified_gmt":"2024-05-08T16:46:51","slug":"navigationssystem","status":"publish","type":"page","link":"https:\/\/denkpilot.ch\/cms\/navigationssystem\/","title":{"rendered":"Navigationssystem"},"content":{"rendered":"\n<div id=\"wp-block-themeisle-blocks-advanced-columns-ea2627c2\" class=\"wp-block-themeisle-blocks-advanced-columns alignfull has-1-columns has-desktop-equal-layout has-tablet-equal-layout has-mobile-equal-layout has-vertical-unset seitenBackground\"><div class=\"wp-block-themeisle-blocks-advanced-columns-overlay\"><\/div><div class=\"innerblocks-wrap\">\n<div id=\"wp-block-themeisle-blocks-advanced-column-e853598c\" class=\"wp-block-themeisle-blocks-advanced-column animated slideInLeft\">\n<h1 class=\"wp-block-heading has-text-align-center has-white-color has-text-color has-x-large-font-size\">        Navigationssystem<\/h1>\n<\/div>\n<\/div><\/div>\n\n\n\n<div class=\"wp-block-media-text alignfull is-stacked-on-mobile animated bounceIn\" style=\"grid-template-columns:43% auto\"><figure class=\"wp-block-media-text__media\"><img decoding=\"async\" width=\"300\" height=\"200\" data-src=\"https:\/\/denkpilot.ch\/cms\/wp-content\/uploads\/2021\/11\/foto_2_navigationssystem_v_1_02-300x200.jpg\" alt=\"\" class=\"wp-image-709 size-medium lazyload\" data-srcset=\"https:\/\/denkpilot.ch\/cms\/wp-content\/uploads\/2021\/11\/foto_2_navigationssystem_v_1_02-300x200.jpg 300w, https:\/\/denkpilot.ch\/cms\/wp-content\/uploads\/2021\/11\/foto_2_navigationssystem_v_1_02-1024x682.jpg 1024w, https:\/\/denkpilot.ch\/cms\/wp-content\/uploads\/2021\/11\/foto_2_navigationssystem_v_1_02-768x511.jpg 768w, https:\/\/denkpilot.ch\/cms\/wp-content\/uploads\/2021\/11\/foto_2_navigationssystem_v_1_02-930x620.jpg 930w, https:\/\/denkpilot.ch\/cms\/wp-content\/uploads\/2021\/11\/foto_2_navigationssystem_v_1_02.jpg 1280w\" data-sizes=\"(max-width: 300px) 100vw, 300px\" src=\"data:image\/svg+xml;base64,PHN2ZyB3aWR0aD0iMSIgaGVpZ2h0PSIxIiB4bWxucz0iaHR0cDovL3d3dy53My5vcmcvMjAwMC9zdmciPjwvc3ZnPg==\" style=\"--smush-placeholder-width: 300px; --smush-placeholder-aspect-ratio: 300\/200;\" \/><\/figure><div class=\"wp-block-media-text__content\">\n<p class=\"has-medium-font-size\"><\/p>\n\n\n\n<h3 class=\"wp-block-heading has-neve-link-color-color has-text-color\">Glaubenss\u00e4tze &#8211; Alles nur Zufall?<\/h3>\n\n\n\n<p>Die Glaubenss\u00e4tze laufen in der Tiefe der Macht des Unterbewusstseins oft im Gang des Autopiloten ab, so dass Sie meist nicht verstehen warum es so ist wie es ist. Einzig, dass Sie emotionale Loopings fliegen und Ihr Nervenkost\u00fcm ziemlich in Anspruch genommen wird. Und Ihr Leben auf der falschen Luftstrasse verl\u00e4uft. Dinge wiederholen sich immer wieder wie ein roter Faden.&nbsp;<\/p>\n\n\n\n<p>Innere \u00dcberzeugungen sprich einschr\u00e4nkende Glaubenss\u00e4tze hindern uns an der Erf\u00fcllung unserer W\u00fcnsche und Ziele:&nbsp;<\/p>\n\n\n\n<div class=\"wp-block-ugb-icon-list ugb-icon-list ugb-bb74b24 ugb-icon-list--v2 ugb-main-block\"><style>.ugb-bb74b24 li::before{background-image:url('data:image\/svg+xml;base64,PHN2ZyB4bWxucz0iaHR0cDovL3d3dy53My5vcmcvMjAwMC9zdmciIHZpZXdCb3g9IjAgMCAxOTAgMTkwIiBzdHlsZT0iZmlsbDogI2U0NTMwYSAhaW1wb3J0YW50OyBjb2xvcjogI2U0NTMwYSAhaW1wb3J0YW50Ij48cG9seWdvbiBwb2ludHM9IjE3My44LDI4LjQgNjAuNCwxNDEuOCAxNS43LDk3LjIgNS4xLDEwNy44IDYwLjQsMTYzIDE4NC40LDM5IDE3My44LDI4LjQiIGZpbGw9IiNlNDUzMGEiIHN0cm9rZT0iI2U0NTMwYSIgc3R5bGU9ImZpbGw6IHJnYigyMjgsIDgzLCAxMCk7IHN0cm9rZTogcmdiKDIyOCwgODMsIDEwKTsiLz48L3N2Zz4=')}.ugb-bb74b24.ugb-icon-list ul{columns:3}<\/style><div class=\"ugb-inner-block\"><div class=\"ugb-block-content\"><ul><li>Ich werde nur geliebt, wenn ich Leistung bringe.<\/li><li>Das schaffe ich nie<\/li><li>Ich bin nicht wertvoll<\/li><li>Ich bin dumm<\/li><li>Ich erf\u00fclle meine W\u00fcnsche ab der Pension. Dann habe ich Zeit.<\/li><li>Ich kann jetzt doch nicht\u2026was denken die anderen?&nbsp;<\/li><\/ul><\/div><\/div><\/div>\n<\/div><\/div>\n\n\n\n<p><\/p>\n\n\n\n<div id=\"wp-block-themeisle-blocks-advanced-columns-14e5eb2c\" class=\"wp-block-themeisle-blocks-advanced-columns has-1-columns has-desktop-equal-layout has-tablet-equal-layout has-mobile-equal-layout has-vertical-unset animated slideInRight\"><div class=\"wp-block-themeisle-blocks-advanced-columns-overlay\"><\/div><div class=\"innerblocks-wrap\">\n<div id=\"wp-block-themeisle-blocks-advanced-column-f14a2e1a\" class=\"wp-block-themeisle-blocks-advanced-column\">\n<h3 class=\"wp-block-heading has-neve-link-color-color has-text-color has-large-font-size\">Erkennen Sie sich gerade? &nbsp;<\/h3>\n\n\n\n<p>Hier kommt die Arbeit der Denkwende zum Zug. \u00a0<br>Wer sein Leben zum Positiven ver\u00e4ndern m\u00f6chte und ein selbstbestimmtes Leben voller Lebensfreude, Selbstvertrauen und Selbstsicherheit, mit all seinen Facetten leben m\u00f6chte, kommt an dieser Arbeit der Denkwende nicht vorbei.\u00a0<br>Als Ihr Coach unterst\u00fctze ich Sie auf Ihrem Weg der Ver\u00e4nderung. In ein erf\u00fclltes Leben voller Energie. Sie werden Ihre Lebensziele Schritt f\u00fcr Schritt anpacken und umsetzen k\u00f6nnen.<\/p>\n<\/div>\n<\/div><\/div>\n\n\n\n<div id=\"wp-block-themeisle-blocks-advanced-columns-43ea65eb\" class=\"wp-block-themeisle-blocks-advanced-columns alignfull has-1-columns has-desktop-equal-layout has-tablet-equal-layout has-mobile-equal-layout has-vertical-unset has-dark-bg\"><div class=\"wp-block-themeisle-blocks-advanced-columns-overlay\"><\/div><div class=\"innerblocks-wrap\">\n<div id=\"wp-block-themeisle-blocks-advanced-column-62cf06c5\" class=\"wp-block-themeisle-blocks-advanced-column\">\n<h2 class=\"wp-block-heading has-text-align-center has-white-color has-text-color\" id=\"kontaktieren-sie-mich\">Kontaktieren Sie mich <\/h2>\n\n\n\n<p class=\"has-text-align-center has-white-color has-text-color\">um weitere Informationen zu erhalten<\/p>\n\n\n\n<div style=\"height:20px\" aria-hidden=\"true\" class=\"wp-block-spacer\"><\/div>\n\n\n\n<div id=\"wp-block-themeisle-blocks-button-group-86a9613a\" class=\"wp-block-themeisle-blocks-button-group wp-block-buttons align-center\">\n<div id=\"wp-block-themeisle-blocks-button-8c280382\" class=\"wp-block-themeisle-blocks-button wp-block-button\"><a href=\"cms\/kontakt\" target=\"_self\" rel=\"noopener noreferrer\" class=\"wp-block-button__link\"><span>Hier geht es weiter<\/span><\/a><\/div>\n<\/div>\n<\/div>\n<\/div><\/div>\n","protected":false},"excerpt":{"rendered":"","protected":false},"author":1,"featured_media":0,"parent":0,"menu_order":0,"comment_status":"closed","ping_status":"closed","template":"page-templates\/template-pagebuilder-full-width.php","meta":{"_bbp_topic_count":0,"_bbp_reply_count":0,"_bbp_total_topic_count":0,"_bbp_total_reply_count":0,"_bbp_voice_count":0,"_bbp_anonymous_reply_count":0,"_bbp_topic_count_hidden":0,"_bbp_reply_count_hidden":0,"_bbp_forum_subforum_count":0,"neve_meta_sidebar":"full-width","neve_meta_container":"","neve_meta_enable_content_width":"on","neve_meta_content_width":100,"neve_meta_title_alignment":"center","neve_meta_author_avatar":"","neve_post_elements_order":"","neve_meta_disable_header":"","neve_meta_disable_footer":"","neve_meta_disable_title":"on","_themeisle_gutenberg_block_has_review":false,"footnotes":""},"class_list":["post-85","page","type-page","status-publish","hentry"],"featured_image_urls_v2":{"full":"","thumbnail":"","medium":"","medium_large":"","large":"","1536x1536":"","2048x2048":"","neve-blog":""},"post_excerpt_stackable_v2":"<p>Navigationssystem Glaubenss\u00e4tze &#8211; Alles nur Zufall? Die Glaubenss\u00e4tze laufen in der Tiefe der Macht des Unterbewusstseins oft im Gang des Autopiloten ab, so dass Sie meist nicht verstehen warum es so ist wie es ist. Einzig, dass Sie emotionale Loopings fliegen und Ihr Nervenkost\u00fcm ziemlich in Anspruch genommen wird. Und Ihr Leben auf der falschen Luftstrasse verl\u00e4uft. Dinge wiederholen sich immer wieder wie ein roter Faden.&nbsp; Innere \u00dcberzeugungen sprich einschr\u00e4nkende Glaubenss\u00e4tze hindern uns an der Erf\u00fcllung unserer W\u00fcnsche und Ziele:&nbsp; Ich werde nur geliebt, wenn ich Leistung bringe.Das schaffe ich nieIch bin nicht wertvollIch bin dummIch erf\u00fclle meine W\u00fcnsche ab&hellip;<\/p>\n","category_list_v2":"","author_info_v2":{"name":"webmaster@denkpilot.ch","url":"https:\/\/denkpilot.ch\/cms\/author\/webmasterdenkpilot-ch\/"},"comments_num_v2":"0 comments","yoast_head":"<!-- This site is optimized with the Yoast SEO plugin v27.6 - https:\/\/yoast.com\/product\/yoast-seo-wordpress\/ -->\n<title>Navigationssystem - Denkpilot<\/title>\n<meta name=\"description\" content=\"Ein Knopf im Kopf ? Deine neuen Schritte zur Ver\u00e4nderung. M\u00f6chtest Du Dein eigener Denkpilot werden und brauchst Du Navigationswerkzeug?\" \/>\n<meta name=\"robots\" content=\"index, follow, max-snippet:-1, max-image-preview:large, max-video-preview:-1\" \/>\n<link rel=\"canonical\" href=\"https:\/\/denkpilot.ch\/cms\/navigationssystem\/\" \/>\n<meta property=\"og:locale\" content=\"de_DE\" \/>\n<meta property=\"og:type\" content=\"article\" \/>\n<meta property=\"og:title\" content=\"Navigationssystem - Denkpilot\" \/>\n<meta property=\"og:description\" content=\"Ein Knopf im Kopf ? Deine neuen Schritte zur Ver\u00e4nderung. M\u00f6chtest Du Dein eigener Denkpilot werden und brauchst Du Navigationswerkzeug?\" \/>\n<meta property=\"og:url\" content=\"https:\/\/denkpilot.ch\/cms\/navigationssystem\/\" \/>\n<meta property=\"og:site_name\" content=\"Denkpilot\" \/>\n<meta property=\"article:modified_time\" content=\"2024-05-08T16:46:51+00:00\" \/>\n<meta property=\"og:image\" content=\"https:\/\/denkpilot.ch\/cms\/wp-content\/uploads\/2021\/11\/foto_2_navigationssystem_v_1_02-300x200.jpg\" \/>\n<meta name=\"twitter:card\" content=\"summary_large_image\" \/>\n<meta name=\"twitter:label1\" content=\"Gesch\u00e4tzte Lesezeit\" \/>\n\t<meta name=\"twitter:data1\" content=\"2\u00a0Minuten\" \/>\n<script type=\"application\/ld+json\" class=\"yoast-schema-graph\">{\"@context\":\"https:\\\/\\\/schema.org\",\"@graph\":[{\"@type\":\"WebPage\",\"@id\":\"https:\\\/\\\/denkpilot.ch\\\/cms\\\/navigationssystem\\\/\",\"url\":\"https:\\\/\\\/denkpilot.ch\\\/cms\\\/navigationssystem\\\/\",\"name\":\"Navigationssystem - Denkpilot\",\"isPartOf\":{\"@id\":\"https:\\\/\\\/denkpilot.ch\\\/cms\\\/#website\"},\"primaryImageOfPage\":{\"@id\":\"https:\\\/\\\/denkpilot.ch\\\/cms\\\/navigationssystem\\\/#primaryimage\"},\"image\":{\"@id\":\"https:\\\/\\\/denkpilot.ch\\\/cms\\\/navigationssystem\\\/#primaryimage\"},\"thumbnailUrl\":\"https:\\\/\\\/denkpilot.ch\\\/cms\\\/wp-content\\\/uploads\\\/2021\\\/11\\\/foto_2_navigationssystem_v_1_02-300x200.jpg\",\"datePublished\":\"2020-07-02T15:52:02+00:00\",\"dateModified\":\"2024-05-08T16:46:51+00:00\",\"description\":\"Ein Knopf im Kopf ? Deine neuen Schritte zur Ver\u00e4nderung. M\u00f6chtest Du Dein eigener Denkpilot werden und brauchst Du Navigationswerkzeug?\",\"breadcrumb\":{\"@id\":\"https:\\\/\\\/denkpilot.ch\\\/cms\\\/navigationssystem\\\/#breadcrumb\"},\"inLanguage\":\"de-CH\",\"potentialAction\":[{\"@type\":\"ReadAction\",\"target\":[\"https:\\\/\\\/denkpilot.ch\\\/cms\\\/navigationssystem\\\/\"]}]},{\"@type\":\"ImageObject\",\"inLanguage\":\"de-CH\",\"@id\":\"https:\\\/\\\/denkpilot.ch\\\/cms\\\/navigationssystem\\\/#primaryimage\",\"url\":\"https:\\\/\\\/denkpilot.ch\\\/cms\\\/wp-content\\\/uploads\\\/2021\\\/11\\\/foto_2_navigationssystem_v_1_02.jpg\",\"contentUrl\":\"https:\\\/\\\/denkpilot.ch\\\/cms\\\/wp-content\\\/uploads\\\/2021\\\/11\\\/foto_2_navigationssystem_v_1_02.jpg\",\"width\":1280,\"height\":852},{\"@type\":\"BreadcrumbList\",\"@id\":\"https:\\\/\\\/denkpilot.ch\\\/cms\\\/navigationssystem\\\/#breadcrumb\",\"itemListElement\":[{\"@type\":\"ListItem\",\"position\":1,\"name\":\"Home\",\"item\":\"https:\\\/\\\/denkpilot.ch\\\/cms\\\/\"},{\"@type\":\"ListItem\",\"position\":2,\"name\":\"Navigationssystem\"}]},{\"@type\":\"WebSite\",\"@id\":\"https:\\\/\\\/denkpilot.ch\\\/cms\\\/#website\",\"url\":\"https:\\\/\\\/denkpilot.ch\\\/cms\\\/\",\"name\":\"Denkpilot\",\"description\":\" Ein Knopf im Kopf ? Deine neuen Schritte zur Ver\u00e4nderung\",\"publisher\":{\"@id\":\"https:\\\/\\\/denkpilot.ch\\\/cms\\\/#organization\"},\"potentialAction\":[{\"@type\":\"SearchAction\",\"target\":{\"@type\":\"EntryPoint\",\"urlTemplate\":\"https:\\\/\\\/denkpilot.ch\\\/cms\\\/?s={search_term_string}\"},\"query-input\":{\"@type\":\"PropertyValueSpecification\",\"valueRequired\":true,\"valueName\":\"search_term_string\"}}],\"inLanguage\":\"de-CH\"},{\"@type\":\"Organization\",\"@id\":\"https:\\\/\\\/denkpilot.ch\\\/cms\\\/#organization\",\"name\":\"denkpilot.ch\",\"url\":\"https:\\\/\\\/denkpilot.ch\\\/cms\\\/\",\"logo\":{\"@type\":\"ImageObject\",\"inLanguage\":\"de-CH\",\"@id\":\"https:\\\/\\\/denkpilot.ch\\\/cms\\\/#\\\/schema\\\/logo\\\/image\\\/\",\"url\":\"https:\\\/\\\/denkpilot.ch\\\/cms\\\/wp-content\\\/uploads\\\/2021\\\/09\\\/gross-denken.png\",\"contentUrl\":\"https:\\\/\\\/denkpilot.ch\\\/cms\\\/wp-content\\\/uploads\\\/2021\\\/09\\\/gross-denken.png\",\"width\":256,\"height\":256,\"caption\":\"denkpilot.ch\"},\"image\":{\"@id\":\"https:\\\/\\\/denkpilot.ch\\\/cms\\\/#\\\/schema\\\/logo\\\/image\\\/\"}}]}<\/script>\n<!-- \/ Yoast SEO plugin. -->","yoast_head_json":{"title":"Navigationssystem - Denkpilot","description":"Ein Knopf im Kopf ? Deine neuen Schritte zur Ver\u00e4nderung. M\u00f6chtest Du Dein eigener Denkpilot werden und brauchst Du Navigationswerkzeug?","robots":{"index":"index","follow":"follow","max-snippet":"max-snippet:-1","max-image-preview":"max-image-preview:large","max-video-preview":"max-video-preview:-1"},"canonical":"https:\/\/denkpilot.ch\/cms\/navigationssystem\/","og_locale":"de_DE","og_type":"article","og_title":"Navigationssystem - Denkpilot","og_description":"Ein Knopf im Kopf ? Deine neuen Schritte zur Ver\u00e4nderung. M\u00f6chtest Du Dein eigener Denkpilot werden und brauchst Du Navigationswerkzeug?","og_url":"https:\/\/denkpilot.ch\/cms\/navigationssystem\/","og_site_name":"Denkpilot","article_modified_time":"2024-05-08T16:46:51+00:00","og_image":[{"url":"https:\/\/denkpilot.ch\/cms\/wp-content\/uploads\/2021\/11\/foto_2_navigationssystem_v_1_02-300x200.jpg","type":"","width":"","height":""}],"twitter_card":"summary_large_image","twitter_misc":{"Gesch\u00e4tzte Lesezeit":"2\u00a0Minuten"},"schema":{"@context":"https:\/\/schema.org","@graph":[{"@type":"WebPage","@id":"https:\/\/denkpilot.ch\/cms\/navigationssystem\/","url":"https:\/\/denkpilot.ch\/cms\/navigationssystem\/","name":"Navigationssystem - Denkpilot","isPartOf":{"@id":"https:\/\/denkpilot.ch\/cms\/#website"},"primaryImageOfPage":{"@id":"https:\/\/denkpilot.ch\/cms\/navigationssystem\/#primaryimage"},"image":{"@id":"https:\/\/denkpilot.ch\/cms\/navigationssystem\/#primaryimage"},"thumbnailUrl":"https:\/\/denkpilot.ch\/cms\/wp-content\/uploads\/2021\/11\/foto_2_navigationssystem_v_1_02-300x200.jpg","datePublished":"2020-07-02T15:52:02+00:00","dateModified":"2024-05-08T16:46:51+00:00","description":"Ein Knopf im Kopf ? Deine neuen Schritte zur Ver\u00e4nderung. M\u00f6chtest Du Dein eigener Denkpilot werden und brauchst Du Navigationswerkzeug?","breadcrumb":{"@id":"https:\/\/denkpilot.ch\/cms\/navigationssystem\/#breadcrumb"},"inLanguage":"de-CH","potentialAction":[{"@type":"ReadAction","target":["https:\/\/denkpilot.ch\/cms\/navigationssystem\/"]}]},{"@type":"ImageObject","inLanguage":"de-CH","@id":"https:\/\/denkpilot.ch\/cms\/navigationssystem\/#primaryimage","url":"https:\/\/denkpilot.ch\/cms\/wp-content\/uploads\/2021\/11\/foto_2_navigationssystem_v_1_02.jpg","contentUrl":"https:\/\/denkpilot.ch\/cms\/wp-content\/uploads\/2021\/11\/foto_2_navigationssystem_v_1_02.jpg","width":1280,"height":852},{"@type":"BreadcrumbList","@id":"https:\/\/denkpilot.ch\/cms\/navigationssystem\/#breadcrumb","itemListElement":[{"@type":"ListItem","position":1,"name":"Home","item":"https:\/\/denkpilot.ch\/cms\/"},{"@type":"ListItem","position":2,"name":"Navigationssystem"}]},{"@type":"WebSite","@id":"https:\/\/denkpilot.ch\/cms\/#website","url":"https:\/\/denkpilot.ch\/cms\/","name":"Denkpilot","description":" Ein Knopf im Kopf ? Deine neuen Schritte zur Ver\u00e4nderung","publisher":{"@id":"https:\/\/denkpilot.ch\/cms\/#organization"},"potentialAction":[{"@type":"SearchAction","target":{"@type":"EntryPoint","urlTemplate":"https:\/\/denkpilot.ch\/cms\/?s={search_term_string}"},"query-input":{"@type":"PropertyValueSpecification","valueRequired":true,"valueName":"search_term_string"}}],"inLanguage":"de-CH"},{"@type":"Organization","@id":"https:\/\/denkpilot.ch\/cms\/#organization","name":"denkpilot.ch","url":"https:\/\/denkpilot.ch\/cms\/","logo":{"@type":"ImageObject","inLanguage":"de-CH","@id":"https:\/\/denkpilot.ch\/cms\/#\/schema\/logo\/image\/","url":"https:\/\/denkpilot.ch\/cms\/wp-content\/uploads\/2021\/09\/gross-denken.png","contentUrl":"https:\/\/denkpilot.ch\/cms\/wp-content\/uploads\/2021\/09\/gross-denken.png","width":256,"height":256,"caption":"denkpilot.ch"},"image":{"@id":"https:\/\/denkpilot.ch\/cms\/#\/schema\/logo\/image\/"}}]}},"_links":{"self":[{"href":"https:\/\/denkpilot.ch\/cms\/wp-json\/wp\/v2\/pages\/85","targetHints":{"allow":["GET"]}}],"collection":[{"href":"https:\/\/denkpilot.ch\/cms\/wp-json\/wp\/v2\/pages"}],"about":[{"href":"https:\/\/denkpilot.ch\/cms\/wp-json\/wp\/v2\/types\/page"}],"author":[{"embeddable":true,"href":"https:\/\/denkpilot.ch\/cms\/wp-json\/wp\/v2\/users\/1"}],"replies":[{"embeddable":true,"href":"https:\/\/denkpilot.ch\/cms\/wp-json\/wp\/v2\/comments?post=85"}],"version-history":[{"count":60,"href":"https:\/\/denkpilot.ch\/cms\/wp-json\/wp\/v2\/pages\/85\/revisions"}],"predecessor-version":[{"id":1548,"href":"https:\/\/denkpilot.ch\/cms\/wp-json\/wp\/v2\/pages\/85\/revisions\/1548"}],"wp:attachment":[{"href":"https:\/\/denkpilot.ch\/cms\/wp-json\/wp\/v2\/media?parent=85"}],"curies":[{"name":"wp","href":"https:\/\/api.w.org\/{rel}","templated":true}]}}