{"id":76,"date":"2020-06-17T12:34:02","date_gmt":"2020-06-17T10:34:02","guid":{"rendered":"https:\/\/demosites.io\/doctor-gb\/?page_id=76"},"modified":"2024-05-08T18:26:22","modified_gmt":"2024-05-08T16:26:22","slug":"home","status":"publish","type":"page","link":"https:\/\/denkpilot.ch\/cms\/","title":{"rendered":"Home"},"content":{"rendered":"\n<div id=\"wp-block-themeisle-blocks-advanced-columns-c0e9e719\" class=\"wp-block-themeisle-blocks-advanced-columns alignfull has-1-columns has-desktop-equal-layout has-tablet-equal-layout has-mobile-equal-layout has-vertical-unset seitenBackground\"><div class=\"wp-block-themeisle-blocks-advanced-columns-overlay\"><\/div><div class=\"innerblocks-wrap\">\n<div id=\"wp-block-themeisle-blocks-advanced-column-11971373\" class=\"wp-block-themeisle-blocks-advanced-column animated slideInLeft\">\n<h1 class=\"wp-block-heading has-text-align-center has-white-color has-text-color has-x-large-font-size\" id=\"ein-knopf-im-kopf-deine-neuen-schritte-zur-veranderung\">Ein Knopf im Kopf ?<\/h1>\n\n\n\n<h1 class=\"wp-block-heading has-text-align-center has-white-color has-text-color has-x-large-font-size\" id=\"ein-knopf-im-kopf-deine-neuen-schritte-zur-veranderung\">Deine neuen Schritte zur Ver\u00e4nderung<\/h1>\n<\/div>\n<\/div><\/div>\n\n\n\n<div class=\"wp-block-media-text alignfull is-stacked-on-mobile animated bounceIn\" style=\"grid-template-columns:43% auto\"><figure class=\"wp-block-media-text__media\"><img decoding=\"async\" width=\"500\" height=\"333\" data-src=\"https:\/\/denkpilot.ch\/cms\/wp-content\/uploads\/2021\/11\/foto_1_Seite_Home_v_1_00.jpg\" alt=\"\" class=\"wp-image-672 size-medium lazyload\" data-srcset=\"https:\/\/denkpilot.ch\/cms\/wp-content\/uploads\/2021\/11\/foto_1_Seite_Home_v_1_00.jpg 500w, https:\/\/denkpilot.ch\/cms\/wp-content\/uploads\/2021\/11\/foto_1_Seite_Home_v_1_00-300x200.jpg 300w\" data-sizes=\"(max-width: 500px) 100vw, 500px\" src=\"data:image\/svg+xml;base64,PHN2ZyB3aWR0aD0iMSIgaGVpZ2h0PSIxIiB4bWxucz0iaHR0cDovL3d3dy53My5vcmcvMjAwMC9zdmciPjwvc3ZnPg==\" style=\"--smush-placeholder-width: 500px; --smush-placeholder-aspect-ratio: 500\/333;\" \/><\/figure><div class=\"wp-block-media-text__content\">\n<p><\/p>\n\n\n\n<h3 class=\"wp-block-heading has-text-align-center has-neve-link-color-color has-text-color has-large-font-size\" id=\"raum-fur-entwicklung-und-entfaltung\"> Raum f\u00fcr Entwicklung und Entfaltung <\/h3>\n\n\n\n<h3 class=\"wp-block-heading has-text-align-center has-neve-link-color-color has-text-color has-large-font-size\" id=\"coaching-und-training-fur\"><strong>Coaching und Training <\/strong>f\u00fcr<\/h3>\n\n\n\n<p><\/p>\n\n\n\n<p><\/p>\n\n\n\n<div class=\"wp-block-ugb-icon-list ugb-icon-list ugb-0fc8abc ugb-icon-list--v2 ugb-main-block\"><style>.ugb-0fc8abc li::before{background-image:url('data:image\/svg+xml;base64,PHN2ZyB4bWxucz0iaHR0cDovL3d3dy53My5vcmcvMjAwMC9zdmciIHZpZXdCb3g9IjAgMCAxOTAgMTkwIiBzdHlsZT0iZmlsbDogI2U0NTMwYSAhaW1wb3J0YW50OyBjb2xvcjogI2U0NTMwYSAhaW1wb3J0YW50Ij48cG9seWdvbiBwb2ludHM9IjE3My44LDI4LjQgNjAuNCwxNDEuOCAxNS43LDk3LjIgNS4xLDEwNy44IDYwLjQsMTYzIDE4NC40LDM5IDE3My44LDI4LjQiIGZpbGw9IiNlNDUzMGEiIHN0cm9rZT0iI2U0NTMwYSIgc3R5bGU9ImZpbGw6IHJnYigyMjgsIDgzLCAxMCk7IHN0cm9rZTogcmdiKDIyOCwgODMsIDEwKTsiLz48L3N2Zz4=')}.ugb-0fc8abc li:nth-child(1):before{background-image:url('data:image\/svg+xml;base64,PHN2ZyBkYXRhLXByZWZpeD0iZmFzIiBkYXRhLWljb249InJlY2VpcHQiIGNsYXNzPSJzdmctaW5saW5lLS1mYSBmYS1yZWNlaXB0IGZhLXctMTIiIHJvbGU9ImltZyIgeG1sbnM9Imh0dHA6Ly93d3cudzMub3JnLzIwMDAvc3ZnIiB2aWV3Qm94PSIwIDAgMzg0IDUxMiIgc3R5bGU9ImZpbGw6ICNlNDUzMGEgIWltcG9ydGFudDsgY29sb3I6ICNlNDUzMGEgIWltcG9ydGFudCI+PHBhdGggZmlsbD0iI2U0NTMwYSIgZD0iTTM1OC40IDMuMkwzMjAgNDggMjY1LjYgMy4yYTE1LjkgMTUuOSAwIDAgMC0xOS4yIDBMMTkyIDQ4IDEzNy42IDMuMmExNS45IDE1LjkgMCAwIDAtMTkuMiAwTDY0IDQ4IDI1LjYgMy4yQzE1LTQuNyAwIDIuOCAwIDE2djQ4MGMwIDEzLjIgMTUgMjAuNyAyNS42IDEyLjhMNjQgNDY0bDU0LjQgNDQuOGExNS45IDE1LjkgMCAwIDAgMTkuMiAwTDE5MiA0NjRsNTQuNCA0NC44YTE1LjkgMTUuOSAwIDAgMCAxOS4yIDBMMzIwIDQ2NGwzOC40IDQ0LjhjMTAuNSA3LjkgMjUuNi40IDI1LjYtMTIuOFYxNmMwLTEzLjItMTUtMjAuNy0yNS42LTEyLjh6TTMyMCAzNjBjMCA0LjQtMy42IDgtOCA4SDcyYy00LjQgMC04LTMuNi04LTh2LTE2YzAtNC40IDMuNi04IDgtOGgyNDBjNC40IDAgOCAzLjYgOCA4djE2em0wLTk2YzAgNC40LTMuNiA4LTggOEg3MmMtNC40IDAtOC0zLjYtOC04di0xNmMwLTQuNCAzLjYtOCA4LThoMjQwYzQuNCAwIDggMy42IDggOHYxNnptMC05NmMwIDQuNC0zLjYgOC04IDhINzJjLTQuNCAwLTgtMy42LTgtOHYtMTZjMC00LjQgMy42LTggOC04aDI0MGM0LjQgMCA4IDMuNiA4IDh2MTZ6IiBzdHJva2U9IiNlNDUzMGEiIHN0eWxlPSJmaWxsOiByZ2IoMjI4LCA4MywgMTApOyBzdHJva2U6IHJnYigyMjgsIDgzLCAxMCk7Ii8+PC9zdmc+')}.ugb-0fc8abc li:nth-child(2):before{background-image:url('data:image\/svg+xml;base64,PHN2ZyBkYXRhLXByZWZpeD0iZmFiIiBkYXRhLWljb249Imlubm9zb2Z0IiBjbGFzcz0ic3ZnLWlubGluZS0tZmEgZmEtaW5ub3NvZnQgZmEtdy0xNCIgcm9sZT0iaW1nIiB4bWxucz0iaHR0cDovL3d3dy53My5vcmcvMjAwMC9zdmciIHZpZXdCb3g9IjAgMCA0NDggNTEyIiBzdHlsZT0iZmlsbDogI2U0NTMwYSAhaW1wb3J0YW50OyBjb2xvcjogI2U0NTMwYSAhaW1wb3J0YW50Ij48cGF0aCBmaWxsPSIjZTQ1MzBhIiBkPSJNNDIyLjU1OSwxNTkuNzFhMjcuMzc5LDI3LjM3OSwwLDAsMC0xMy44NjYtMjMuMzM3LDI2LjQyLDI2LjQyLDAsMCwwLTI2LjIxMS4xMzNMNzMuOTQzLDMxNC42NDdWMTc2LjI2MWExMS45NTUsMTEuOTU1LDAsMCwxLDYuMDQ3LTEwLjM0TDIxOC4wNjYsODYuMjA4YTEyLjE1MywxMi4xNTMsMCwwLDEsMTEuOTIyLjAyNWwzMi42NTYsMTguODUzTDExMi41ODEsMTkxLjcyM3Y1NkwzNTkuNjQyLDEwNS4wODYsMjQxLjEyOSwzNi42NzljLTEwLjk5Mi02LjEyOS0yMi4zLTYuMjU1LTMzLjgtLjI3bC0xNjQuNiw5NS4wMjZjLTEwLjYzNCw2LjEyLTE2Ljc3MSwxNi4zOS0xNy4yOSwyOS4xMjRsMCwxOTEuNWMuMTcsMTAuMTM1LDUuMDgsMTguNjcyLDEzLjQ3NCwyMy40MjhhMjcuMDM3LDI3LjAzNywwLDAsMCwyNi43MzYtLjA0NUwzNzQuMDU3LDE5Ny4zNzZWMzM1LjY1N2ExMS45NzYsMTEuOTc2LDAsMCwxLTUuOTIsMTAuMzY4TDIzMC4wMjUsNDI1Ljc3YTEyLjE3NSwxMi4xNzUsMCwwLDEtMTEuOTM3LjA2MmwtMzIuNzIzLTE4LjksMTUwLjA1MS04Ni42Mjd2LTU2TDg4LjM2Nyw0MDYuOTMybDExOC43OTQsNjguNTgzYTMzLjg4LDMzLjg4LDAsMCwwLDM0LjI1LS4zMjdsMTY0LjUyNy05NC45OTVjMTAuNzQ2LTYuNjMxLDE2LjY0OS0xNy4xMTgsMTYuNjI0LTI5LjUyOFoiIHN0cm9rZT0iI2U0NTMwYSIgc3R5bGU9ImZpbGw6IHJnYigyMjgsIDgzLCAxMCk7IHN0cm9rZTogcmdiKDIyOCwgODMsIDEwKTsiLz48L3N2Zz4=')}.ugb-0fc8abc li:nth-child(3):before{background-image:url('data:image\/svg+xml;base64,PHN2ZyBkYXRhLXByZWZpeD0iZmFzIiBkYXRhLWljb249IndpbmRvdy1taW5pbWl6ZSIgY2xhc3M9InN2Zy1pbmxpbmUtLWZhIGZhLXdpbmRvdy1taW5pbWl6ZSBmYS13LTE2IiByb2xlPSJpbWciIHhtbG5zPSJodHRwOi8vd3d3LnczLm9yZy8yMDAwL3N2ZyIgdmlld0JveD0iMCAwIDUxMiA1MTIiIHN0eWxlPSJmaWxsOiAjZTQ1MzBhICFpbXBvcnRhbnQ7IGNvbG9yOiAjZTQ1MzBhICFpbXBvcnRhbnQiPjxwYXRoIGZpbGw9IiNlNDUzMGEiIGQ9Ik00NjQgMzUySDQ4Yy0yNi41IDAtNDggMjEuNS00OCA0OHYzMmMwIDI2LjUgMjEuNSA0OCA0OCA0OGg0MTZjMjYuNSAwIDQ4LTIxLjUgNDgtNDh2LTMyYzAtMjYuNS0yMS41LTQ4LTQ4LTQ4eiIgc3Ryb2tlPSIjZTQ1MzBhIiBzdHlsZT0iZmlsbDogcmdiKDIyOCwgODMsIDEwKTsgc3Ryb2tlOiByZ2IoMjI4LCA4MywgMTApOyIvPjwvc3ZnPg==')}.ugb-0fc8abc li:nth-child(5):before{background-image:url('data:image\/svg+xml;base64,PHN2ZyBkYXRhLXByZWZpeD0iZmFzIiBkYXRhLWljb249InFyY29kZSIgY2xhc3M9InN2Zy1pbmxpbmUtLWZhIGZhLXFyY29kZSBmYS13LTE0IiByb2xlPSJpbWciIHhtbG5zPSJodHRwOi8vd3d3LnczLm9yZy8yMDAwL3N2ZyIgdmlld0JveD0iMCAwIDQ0OCA1MTIiIHN0eWxlPSJmaWxsOiAjZTQ1MzBhICFpbXBvcnRhbnQ7IGNvbG9yOiAjZTQ1MzBhICFpbXBvcnRhbnQiPjxwYXRoIGZpbGw9IiNlNDUzMGEiIGQ9Ik0wIDIyNGgxOTJWMzJIMHYxOTJ6TTY0IDk2aDY0djY0SDY0Vjk2em0xOTItNjR2MTkyaDE5MlYzMkgyNTZ6bTEyOCAxMjhoLTY0Vjk2aDY0djY0ek0wIDQ4MGgxOTJWMjg4SDB2MTkyem02NC0xMjhoNjR2NjRINjR2LTY0em0zNTItNjRoMzJ2MTI4aC05NnYtMzJoLTMydjk2aC02NFYyODhoOTZ2MzJoNjR2LTMyem0wIDE2MGgzMnYzMmgtMzJ2LTMyem0tNjQgMGgzMnYzMmgtMzJ2LTMyeiIgc3Ryb2tlPSIjZTQ1MzBhIiBzdHlsZT0iZmlsbDogcmdiKDIyOCwgODMsIDEwKTsgc3Ryb2tlOiByZ2IoMjI4LCA4MywgMTApOyIvPjwvc3ZnPg==')}.ugb-0fc8abc li:nth-child(7):before{background-image:url('data:image\/svg+xml;base64,PHN2ZyBkYXRhLXByZWZpeD0iZmFiIiBkYXRhLWljb249Imlubm9zb2Z0IiBjbGFzcz0ic3ZnLWlubGluZS0tZmEgZmEtaW5ub3NvZnQgZmEtdy0xNCIgcm9sZT0iaW1nIiB4bWxucz0iaHR0cDovL3d3dy53My5vcmcvMjAwMC9zdmciIHZpZXdCb3g9IjAgMCA0NDggNTEyIiBzdHlsZT0iZmlsbDogI2U0NTMwYSAhaW1wb3J0YW50OyBjb2xvcjogI2U0NTMwYSAhaW1wb3J0YW50Ij48cGF0aCBmaWxsPSIjZTQ1MzBhIiBkPSJNNDIyLjU1OSwxNTkuNzFhMjcuMzc5LDI3LjM3OSwwLDAsMC0xMy44NjYtMjMuMzM3LDI2LjQyLDI2LjQyLDAsMCwwLTI2LjIxMS4xMzNMNzMuOTQzLDMxNC42NDdWMTc2LjI2MWExMS45NTUsMTEuOTU1LDAsMCwxLDYuMDQ3LTEwLjM0TDIxOC4wNjYsODYuMjA4YTEyLjE1MywxMi4xNTMsMCwwLDEsMTEuOTIyLjAyNWwzMi42NTYsMTguODUzTDExMi41ODEsMTkxLjcyM3Y1NkwzNTkuNjQyLDEwNS4wODYsMjQxLjEyOSwzNi42NzljLTEwLjk5Mi02LjEyOS0yMi4zLTYuMjU1LTMzLjgtLjI3bC0xNjQuNiw5NS4wMjZjLTEwLjYzNCw2LjEyLTE2Ljc3MSwxNi4zOS0xNy4yOSwyOS4xMjRsMCwxOTEuNWMuMTcsMTAuMTM1LDUuMDgsMTguNjcyLDEzLjQ3NCwyMy40MjhhMjcuMDM3LDI3LjAzNywwLDAsMCwyNi43MzYtLjA0NUwzNzQuMDU3LDE5Ny4zNzZWMzM1LjY1N2ExMS45NzYsMTEuOTc2LDAsMCwxLTUuOTIsMTAuMzY4TDIzMC4wMjUsNDI1Ljc3YTEyLjE3NSwxMi4xNzUsMCwwLDEtMTEuOTM3LjA2MmwtMzIuNzIzLTE4LjksMTUwLjA1MS04Ni42Mjd2LTU2TDg4LjM2Nyw0MDYuOTMybDExOC43OTQsNjguNTgzYTMzLjg4LDMzLjg4LDAsMCwwLDM0LjI1LS4zMjdsMTY0LjUyNy05NC45OTVjMTAuNzQ2LTYuNjMxLDE2LjY0OS0xNy4xMTgsMTYuNjI0LTI5LjUyOFoiIHN0cm9rZT0iI2U0NTMwYSIgc3R5bGU9ImZpbGw6IHJnYigyMjgsIDgzLCAxMCk7IHN0cm9rZTogcmdiKDIyOCwgODMsIDEwKTsiLz48L3N2Zz4=')}.ugb-0fc8abc.ugb-icon-list ul{columns:2}.ugb-0fc8abc .ugb-inner-block{text-align:center}<\/style><div class=\"ugb-inner-block\"><div class=\"ugb-block-content\"><ul><li>Ausbrecher des Alltages und des Routinenkabinetts\u00a0<\/li><li>Zeitforscher der beruflichen Neuorientierung&nbsp;<\/li><li>Kreative, mutige und jung gebliebene<\/li><li>Komfortzonenausbrecher<\/li><li>Arbeits, Selbst &#8211; und Ver\u00e4nderungswillige<\/li><li>Vom Couch potatoe zum Runningman\/girl<\/li><\/ul><\/div><\/div><\/div>\n\n\n\n<p><\/p>\n\n\n\n<p><\/p>\n\n\n\n<p><\/p>\n\n\n\n<p><\/p>\n\n\n\n<p class=\"has-text-align-center has-medium-font-size\"><\/p>\n\n\n\n<p class=\"has-text-align-center has-medium-font-size\"><\/p>\n\n\n\n<p><\/p>\n<\/div><\/div>\n\n\n\n<section id=\"wp-block-themeisle-blocks-advanced-columns-dab9e0bf\" class=\"wp-block-themeisle-blocks-advanced-columns alignfull has-1-columns has-desktop-equal-layout has-tablet-equal-layout has-mobile-equal-layout has-vertical-flex-start animated bounceInRight slow has-dark-bg\"><div class=\"wp-block-themeisle-blocks-advanced-columns-overlay\"><\/div><div class=\"innerblocks-wrap\">\n<div id=\"wp-block-themeisle-blocks-advanced-column-9df22226\" class=\"wp-block-themeisle-blocks-advanced-column\">\n<section id=\"wp-block-themeisle-blocks-advanced-columns-25c95699\" class=\"wp-block-themeisle-blocks-advanced-columns has-1-columns has-desktop-equal-layout has-tablet-equal-layout has-mobile-equal-layout has-vertical-flex-start\"><div class=\"wp-block-themeisle-blocks-advanced-columns-overlay\"><\/div><div class=\"innerblocks-wrap\">\n<div id=\"wp-block-themeisle-blocks-advanced-column-d4d9a4f8\" class=\"wp-block-themeisle-blocks-advanced-column\">\n<p id=\"wp-block-themeisle-blocks-font-awesome-icons-c7e69b4d\" class=\"wp-block-themeisle-blocks-font-awesome-icons\"><span class=\"wp-block-themeisle-blocks-font-awesome-icons-container\"><i class=\"fas fa-cube\"><\/i><\/span><\/p>\n\n\n\n<h2 class=\"wp-block-heading has-nv-site-bg-color has-text-color has-x-large-font-size\" id=\"navigationssystem\">Navigationssystem<\/h2>\n<\/div>\n<\/div><\/section>\n\n\n\n<section id=\"wp-block-themeisle-blocks-advanced-columns-b56443a0\" class=\"wp-block-themeisle-blocks-advanced-columns has-1-columns has-desktop-equal-layout has-tablet-equal-layout has-mobile-equal-layout has-vertical-flex-start\"><div class=\"wp-block-themeisle-blocks-advanced-columns-overlay\"><\/div><div class=\"innerblocks-wrap\">\n<div id=\"wp-block-themeisle-blocks-advanced-column-1bb9ffb4\" class=\"wp-block-themeisle-blocks-advanced-column\">\n<p class=\"has-nv-site-bg-color has-text-color\">Der Knopf im Kopf &#8211; Dein Update zur Ver\u00e4nderung<br>M\u00f6chtest Du Dein eigener Denkpilot werden und brauchst Du Navigationswerkzeug?<\/p>\n\n\n\n<p class=\"has-nv-site-bg-color has-text-color\">Ich lade Dich ein ins Denkpilot Cockpit.<br>\u00c4ndere in Deinem Navigationssystem Deine Denklandschaft und erreiche Deine Herzensziele.<br>Verschiebe Deine Leitplanken, entwickle mehr Selbstvertrauen und Selbstsicherheit.<br>Erziehe und \u00fcberwinde Deinen inneren Schweinehund und Du wirst die H\u00fcrden mit Leichtigkeit \u00fcberspringen.<\/p>\n\n\n\n<div class=\"wp-block-buttons homeButton is-layout-flex wp-block-buttons-is-layout-flex\">\n<div class=\"wp-block-button is-style-primary\"><a class=\"wp-block-button__link has-neve-link-hover-color-background-color has-background wp-element-button\" href=\"https:\/\/denkpilot.ch\/cms\/navigationssystem\/\">Mehr Info<\/a><\/div>\n<\/div>\n<\/div>\n<\/div><\/section>\n<\/div>\n<\/div><\/section>\n","protected":false},"excerpt":{"rendered":"","protected":false},"author":1,"featured_media":0,"parent":0,"menu_order":0,"comment_status":"closed","ping_status":"closed","template":"","meta":{"_bbp_topic_count":0,"_bbp_reply_count":0,"_bbp_total_topic_count":0,"_bbp_total_reply_count":0,"_bbp_voice_count":0,"_bbp_anonymous_reply_count":0,"_bbp_topic_count_hidden":0,"_bbp_reply_count_hidden":0,"_bbp_forum_subforum_count":0,"neve_meta_sidebar":"full-width","neve_meta_container":"","neve_meta_enable_content_width":"on","neve_meta_content_width":100,"neve_meta_title_alignment":"","neve_meta_author_avatar":"","neve_post_elements_order":"","neve_meta_disable_header":"","neve_meta_disable_footer":"","neve_meta_disable_title":"on","_themeisle_gutenberg_block_has_review":false,"footnotes":""},"class_list":["post-76","page","type-page","status-publish","hentry"],"featured_image_urls_v2":{"full":"","thumbnail":"","medium":"","medium_large":"","large":"","1536x1536":"","2048x2048":"","neve-blog":""},"post_excerpt_stackable_v2":"<p>Ein Knopf im Kopf ? Deine neuen Schritte zur Ver\u00e4nderung Raum f\u00fcr Entwicklung und Entfaltung Coaching und Training f\u00fcr Ausbrecher des Alltages und des Routinenkabinetts\u00a0Zeitforscher der beruflichen Neuorientierung&nbsp;Kreative, mutige und jung gebliebeneKomfortzonenausbrecherArbeits, Selbst &#8211; und Ver\u00e4nderungswilligeVom Couch potatoe zum Runningman\/girl Navigationssystem Der Knopf im Kopf &#8211; Dein Update zur Ver\u00e4nderungM\u00f6chtest Du Dein eigener Denkpilot werden und brauchst Du Navigationswerkzeug? Ich lade Dich ein ins Denkpilot Cockpit.\u00c4ndere in Deinem Navigationssystem Deine Denklandschaft und erreiche Deine Herzensziele.Verschiebe Deine Leitplanken, entwickle mehr Selbstvertrauen und Selbstsicherheit.Erziehe und \u00fcberwinde Deinen inneren Schweinehund und Du wirst die H\u00fcrden mit Leichtigkeit \u00fcberspringen. Mehr Info<\/p>\n","category_list_v2":"","author_info_v2":{"name":"webmaster@denkpilot.ch","url":"https:\/\/denkpilot.ch\/cms\/author\/webmasterdenkpilot-ch\/"},"comments_num_v2":"0 comments","yoast_head":"<!-- This site is optimized with the Yoast SEO plugin v27.2 - https:\/\/yoast.com\/product\/yoast-seo-wordpress\/ -->\n<title>Home - Denkpilot<\/title>\n<meta name=\"description\" content=\"Ein Knopf im Kopf? Deine neuen Schritte zur Ver\u00e4nderung. Raum f\u00fcr Entwicklung und Entfaltung Coaching und Training f\u00fcr Komfortzonenausbrecher\" \/>\n<meta name=\"robots\" content=\"index, follow, max-snippet:-1, max-image-preview:large, max-video-preview:-1\" \/>\n<link rel=\"canonical\" href=\"https:\/\/denkpilot.ch\/cms\/\" \/>\n<meta property=\"og:locale\" content=\"de_DE\" \/>\n<meta property=\"og:type\" content=\"article\" \/>\n<meta property=\"og:title\" content=\"Home - Denkpilot\" \/>\n<meta property=\"og:description\" content=\"Ein Knopf im Kopf? Deine neuen Schritte zur Ver\u00e4nderung. Raum f\u00fcr Entwicklung und Entfaltung Coaching und Training f\u00fcr Komfortzonenausbrecher\" \/>\n<meta property=\"og:url\" content=\"https:\/\/denkpilot.ch\/cms\/\" \/>\n<meta property=\"og:site_name\" content=\"Denkpilot\" \/>\n<meta property=\"article:modified_time\" content=\"2024-05-08T16:26:22+00:00\" \/>\n<meta property=\"og:image\" content=\"https:\/\/denkpilot.ch\/cms\/wp-content\/uploads\/2021\/11\/foto_1_Seite_Home_v_1_00.jpg\" \/>\n<meta name=\"twitter:card\" content=\"summary_large_image\" \/>\n<meta name=\"twitter:label1\" content=\"Gesch\u00e4tzte Lesezeit\" \/>\n\t<meta name=\"twitter:data1\" content=\"1\u00a0Minute\" \/>\n<script type=\"application\/ld+json\" class=\"yoast-schema-graph\">{\"@context\":\"https:\/\/schema.org\",\"@graph\":[{\"@type\":\"Article\",\"@id\":\"https:\/\/denkpilot.ch\/cms\/#article\",\"isPartOf\":{\"@id\":\"https:\/\/denkpilot.ch\/cms\/\"},\"author\":{\"name\":\"webmaster@denkpilot.ch\",\"@id\":\"https:\/\/denkpilot.ch\/cms\/#\/schema\/person\/9db486b0ab2aa52cd75ec28bd8cc0f45\"},\"headline\":\"Home\",\"datePublished\":\"2020-06-17T10:34:02+00:00\",\"dateModified\":\"2024-05-08T16:26:22+00:00\",\"mainEntityOfPage\":{\"@id\":\"https:\/\/denkpilot.ch\/cms\/\"},\"wordCount\":114,\"publisher\":{\"@id\":\"https:\/\/denkpilot.ch\/cms\/#organization\"},\"image\":{\"@id\":\"https:\/\/denkpilot.ch\/cms\/#primaryimage\"},\"thumbnailUrl\":\"https:\/\/denkpilot.ch\/cms\/wp-content\/uploads\/2021\/11\/foto_1_Seite_Home_v_1_00.jpg\",\"inLanguage\":\"de-CH\"},{\"@type\":\"WebPage\",\"@id\":\"https:\/\/denkpilot.ch\/cms\/\",\"url\":\"https:\/\/denkpilot.ch\/cms\/\",\"name\":\"Home - Denkpilot\",\"isPartOf\":{\"@id\":\"https:\/\/denkpilot.ch\/cms\/#website\"},\"primaryImageOfPage\":{\"@id\":\"https:\/\/denkpilot.ch\/cms\/#primaryimage\"},\"image\":{\"@id\":\"https:\/\/denkpilot.ch\/cms\/#primaryimage\"},\"thumbnailUrl\":\"https:\/\/denkpilot.ch\/cms\/wp-content\/uploads\/2021\/11\/foto_1_Seite_Home_v_1_00.jpg\",\"datePublished\":\"2020-06-17T10:34:02+00:00\",\"dateModified\":\"2024-05-08T16:26:22+00:00\",\"description\":\"Ein Knopf im Kopf? Deine neuen Schritte zur Ver\u00e4nderung. Raum f\u00fcr Entwicklung und Entfaltung Coaching und Training f\u00fcr Komfortzonenausbrecher\",\"breadcrumb\":{\"@id\":\"https:\/\/denkpilot.ch\/cms\/#breadcrumb\"},\"inLanguage\":\"de-CH\",\"potentialAction\":[{\"@type\":\"ReadAction\",\"target\":[\"https:\/\/denkpilot.ch\/cms\/\"]}]},{\"@type\":\"ImageObject\",\"inLanguage\":\"de-CH\",\"@id\":\"https:\/\/denkpilot.ch\/cms\/#primaryimage\",\"url\":\"https:\/\/denkpilot.ch\/cms\/wp-content\/uploads\/2021\/11\/foto_1_Seite_Home_v_1_00.jpg\",\"contentUrl\":\"https:\/\/denkpilot.ch\/cms\/wp-content\/uploads\/2021\/11\/foto_1_Seite_Home_v_1_00.jpg\",\"width\":500,\"height\":333},{\"@type\":\"BreadcrumbList\",\"@id\":\"https:\/\/denkpilot.ch\/cms\/#breadcrumb\",\"itemListElement\":[{\"@type\":\"ListItem\",\"position\":1,\"name\":\"Home\",\"item\":\"https:\/\/denkpilot.ch\/cms\/\"},{\"@type\":\"ListItem\",\"position\":2,\"name\":\"Home\"}]},{\"@type\":\"WebSite\",\"@id\":\"https:\/\/denkpilot.ch\/cms\/#website\",\"url\":\"https:\/\/denkpilot.ch\/cms\/\",\"name\":\"Denkpilot\",\"description\":\" Ein Knopf im Kopf ? Deine neuen Schritte zur Ver\u00e4nderung\",\"publisher\":{\"@id\":\"https:\/\/denkpilot.ch\/cms\/#organization\"},\"potentialAction\":[{\"@type\":\"SearchAction\",\"target\":{\"@type\":\"EntryPoint\",\"urlTemplate\":\"https:\/\/denkpilot.ch\/cms\/?s={search_term_string}\"},\"query-input\":{\"@type\":\"PropertyValueSpecification\",\"valueRequired\":true,\"valueName\":\"search_term_string\"}}],\"inLanguage\":\"de-CH\"},{\"@type\":\"Organization\",\"@id\":\"https:\/\/denkpilot.ch\/cms\/#organization\",\"name\":\"denkpilot.ch\",\"url\":\"https:\/\/denkpilot.ch\/cms\/\",\"logo\":{\"@type\":\"ImageObject\",\"inLanguage\":\"de-CH\",\"@id\":\"https:\/\/denkpilot.ch\/cms\/#\/schema\/logo\/image\/\",\"url\":\"https:\/\/denkpilot.ch\/cms\/wp-content\/uploads\/2021\/09\/gross-denken.png\",\"contentUrl\":\"https:\/\/denkpilot.ch\/cms\/wp-content\/uploads\/2021\/09\/gross-denken.png\",\"width\":256,\"height\":256,\"caption\":\"denkpilot.ch\"},\"image\":{\"@id\":\"https:\/\/denkpilot.ch\/cms\/#\/schema\/logo\/image\/\"}},{\"@type\":\"Person\",\"@id\":\"https:\/\/denkpilot.ch\/cms\/#\/schema\/person\/9db486b0ab2aa52cd75ec28bd8cc0f45\",\"name\":\"webmaster@denkpilot.ch\",\"image\":{\"@type\":\"ImageObject\",\"inLanguage\":\"de-CH\",\"@id\":\"https:\/\/secure.gravatar.com\/avatar\/2e14ed69239666f0a694c38a0ef3398448fd831610ab8c280409803dde9d2556?s=96&d=mm&r=g\",\"url\":\"https:\/\/secure.gravatar.com\/avatar\/2e14ed69239666f0a694c38a0ef3398448fd831610ab8c280409803dde9d2556?s=96&d=mm&r=g\",\"contentUrl\":\"https:\/\/secure.gravatar.com\/avatar\/2e14ed69239666f0a694c38a0ef3398448fd831610ab8c280409803dde9d2556?s=96&d=mm&r=g\",\"caption\":\"webmaster@denkpilot.ch\"},\"sameAs\":[\"https:\/\/denkpilot.ch\/cms\"]}]}<\/script>\n<!-- \/ Yoast SEO plugin. -->","yoast_head_json":{"title":"Home - Denkpilot","description":"Ein Knopf im Kopf? Deine neuen Schritte zur Ver\u00e4nderung. Raum f\u00fcr Entwicklung und Entfaltung Coaching und Training f\u00fcr Komfortzonenausbrecher","robots":{"index":"index","follow":"follow","max-snippet":"max-snippet:-1","max-image-preview":"max-image-preview:large","max-video-preview":"max-video-preview:-1"},"canonical":"https:\/\/denkpilot.ch\/cms\/","og_locale":"de_DE","og_type":"article","og_title":"Home - Denkpilot","og_description":"Ein Knopf im Kopf? Deine neuen Schritte zur Ver\u00e4nderung. Raum f\u00fcr Entwicklung und Entfaltung Coaching und Training f\u00fcr Komfortzonenausbrecher","og_url":"https:\/\/denkpilot.ch\/cms\/","og_site_name":"Denkpilot","article_modified_time":"2024-05-08T16:26:22+00:00","og_image":[{"url":"https:\/\/denkpilot.ch\/cms\/wp-content\/uploads\/2021\/11\/foto_1_Seite_Home_v_1_00.jpg","type":"","width":"","height":""}],"twitter_card":"summary_large_image","twitter_misc":{"Gesch\u00e4tzte Lesezeit":"1\u00a0Minute"},"schema":{"@context":"https:\/\/schema.org","@graph":[{"@type":"Article","@id":"https:\/\/denkpilot.ch\/cms\/#article","isPartOf":{"@id":"https:\/\/denkpilot.ch\/cms\/"},"author":{"name":"webmaster@denkpilot.ch","@id":"https:\/\/denkpilot.ch\/cms\/#\/schema\/person\/9db486b0ab2aa52cd75ec28bd8cc0f45"},"headline":"Home","datePublished":"2020-06-17T10:34:02+00:00","dateModified":"2024-05-08T16:26:22+00:00","mainEntityOfPage":{"@id":"https:\/\/denkpilot.ch\/cms\/"},"wordCount":114,"publisher":{"@id":"https:\/\/denkpilot.ch\/cms\/#organization"},"image":{"@id":"https:\/\/denkpilot.ch\/cms\/#primaryimage"},"thumbnailUrl":"https:\/\/denkpilot.ch\/cms\/wp-content\/uploads\/2021\/11\/foto_1_Seite_Home_v_1_00.jpg","inLanguage":"de-CH"},{"@type":"WebPage","@id":"https:\/\/denkpilot.ch\/cms\/","url":"https:\/\/denkpilot.ch\/cms\/","name":"Home - Denkpilot","isPartOf":{"@id":"https:\/\/denkpilot.ch\/cms\/#website"},"primaryImageOfPage":{"@id":"https:\/\/denkpilot.ch\/cms\/#primaryimage"},"image":{"@id":"https:\/\/denkpilot.ch\/cms\/#primaryimage"},"thumbnailUrl":"https:\/\/denkpilot.ch\/cms\/wp-content\/uploads\/2021\/11\/foto_1_Seite_Home_v_1_00.jpg","datePublished":"2020-06-17T10:34:02+00:00","dateModified":"2024-05-08T16:26:22+00:00","description":"Ein Knopf im Kopf? Deine neuen Schritte zur Ver\u00e4nderung. Raum f\u00fcr Entwicklung und Entfaltung Coaching und Training f\u00fcr Komfortzonenausbrecher","breadcrumb":{"@id":"https:\/\/denkpilot.ch\/cms\/#breadcrumb"},"inLanguage":"de-CH","potentialAction":[{"@type":"ReadAction","target":["https:\/\/denkpilot.ch\/cms\/"]}]},{"@type":"ImageObject","inLanguage":"de-CH","@id":"https:\/\/denkpilot.ch\/cms\/#primaryimage","url":"https:\/\/denkpilot.ch\/cms\/wp-content\/uploads\/2021\/11\/foto_1_Seite_Home_v_1_00.jpg","contentUrl":"https:\/\/denkpilot.ch\/cms\/wp-content\/uploads\/2021\/11\/foto_1_Seite_Home_v_1_00.jpg","width":500,"height":333},{"@type":"BreadcrumbList","@id":"https:\/\/denkpilot.ch\/cms\/#breadcrumb","itemListElement":[{"@type":"ListItem","position":1,"name":"Home","item":"https:\/\/denkpilot.ch\/cms\/"},{"@type":"ListItem","position":2,"name":"Home"}]},{"@type":"WebSite","@id":"https:\/\/denkpilot.ch\/cms\/#website","url":"https:\/\/denkpilot.ch\/cms\/","name":"Denkpilot","description":" Ein Knopf im Kopf ? Deine neuen Schritte zur Ver\u00e4nderung","publisher":{"@id":"https:\/\/denkpilot.ch\/cms\/#organization"},"potentialAction":[{"@type":"SearchAction","target":{"@type":"EntryPoint","urlTemplate":"https:\/\/denkpilot.ch\/cms\/?s={search_term_string}"},"query-input":{"@type":"PropertyValueSpecification","valueRequired":true,"valueName":"search_term_string"}}],"inLanguage":"de-CH"},{"@type":"Organization","@id":"https:\/\/denkpilot.ch\/cms\/#organization","name":"denkpilot.ch","url":"https:\/\/denkpilot.ch\/cms\/","logo":{"@type":"ImageObject","inLanguage":"de-CH","@id":"https:\/\/denkpilot.ch\/cms\/#\/schema\/logo\/image\/","url":"https:\/\/denkpilot.ch\/cms\/wp-content\/uploads\/2021\/09\/gross-denken.png","contentUrl":"https:\/\/denkpilot.ch\/cms\/wp-content\/uploads\/2021\/09\/gross-denken.png","width":256,"height":256,"caption":"denkpilot.ch"},"image":{"@id":"https:\/\/denkpilot.ch\/cms\/#\/schema\/logo\/image\/"}},{"@type":"Person","@id":"https:\/\/denkpilot.ch\/cms\/#\/schema\/person\/9db486b0ab2aa52cd75ec28bd8cc0f45","name":"webmaster@denkpilot.ch","image":{"@type":"ImageObject","inLanguage":"de-CH","@id":"https:\/\/secure.gravatar.com\/avatar\/2e14ed69239666f0a694c38a0ef3398448fd831610ab8c280409803dde9d2556?s=96&d=mm&r=g","url":"https:\/\/secure.gravatar.com\/avatar\/2e14ed69239666f0a694c38a0ef3398448fd831610ab8c280409803dde9d2556?s=96&d=mm&r=g","contentUrl":"https:\/\/secure.gravatar.com\/avatar\/2e14ed69239666f0a694c38a0ef3398448fd831610ab8c280409803dde9d2556?s=96&d=mm&r=g","caption":"webmaster@denkpilot.ch"},"sameAs":["https:\/\/denkpilot.ch\/cms"]}]}},"_links":{"self":[{"href":"https:\/\/denkpilot.ch\/cms\/wp-json\/wp\/v2\/pages\/76","targetHints":{"allow":["GET"]}}],"collection":[{"href":"https:\/\/denkpilot.ch\/cms\/wp-json\/wp\/v2\/pages"}],"about":[{"href":"https:\/\/denkpilot.ch\/cms\/wp-json\/wp\/v2\/types\/page"}],"author":[{"embeddable":true,"href":"https:\/\/denkpilot.ch\/cms\/wp-json\/wp\/v2\/users\/1"}],"replies":[{"embeddable":true,"href":"https:\/\/denkpilot.ch\/cms\/wp-json\/wp\/v2\/comments?post=76"}],"version-history":[{"count":93,"href":"https:\/\/denkpilot.ch\/cms\/wp-json\/wp\/v2\/pages\/76\/revisions"}],"predecessor-version":[{"id":1540,"href":"https:\/\/denkpilot.ch\/cms\/wp-json\/wp\/v2\/pages\/76\/revisions\/1540"}],"wp:attachment":[{"href":"https:\/\/denkpilot.ch\/cms\/wp-json\/wp\/v2\/media?parent=76"}],"curies":[{"name":"wp","href":"https:\/\/api.w.org\/{rel}","templated":true}]}}