{"id":510,"date":"2021-08-25T15:39:16","date_gmt":"2021-08-25T13:39:16","guid":{"rendered":"https:\/\/denkpilot.ch\/cms\/?page_id=510"},"modified":"2024-05-08T19:39:14","modified_gmt":"2024-05-08T17:39:14","slug":"impressum","status":"publish","type":"page","link":"https:\/\/denkpilot.ch\/cms\/impressum\/","title":{"rendered":"Impressum"},"content":{"rendered":"\n<div id=\"wp-block-themeisle-blocks-advanced-columns-ea2627c2\" class=\"wp-block-themeisle-blocks-advanced-columns alignfull has-1-columns has-desktop-equal-layout has-tablet-equal-layout has-mobile-equal-layout has-vertical-unset seitenBackground\"><div class=\"wp-block-themeisle-blocks-advanced-columns-overlay\"><\/div><div class=\"innerblocks-wrap\">\n<div id=\"wp-block-themeisle-blocks-advanced-column-e853598c\" class=\"wp-block-themeisle-blocks-advanced-column\">\n<h1 class=\"wp-block-heading has-white-color has-text-color\">Impressum <\/h1>\n<\/div>\n<\/div><\/div>\n\n\n\n<div id=\"wp-block-themeisle-blocks-advanced-columns-b59cb4f4\" class=\"wp-block-themeisle-blocks-advanced-columns alignfull has-1-columns has-desktop-equal-layout has-tablet-equal-layout has-mobile-equal-layout has-vertical-unset\"><div class=\"wp-block-themeisle-blocks-advanced-columns-overlay\"><\/div><div class=\"innerblocks-wrap\">\n<div id=\"wp-block-themeisle-blocks-advanced-column-eb7de5a4\" class=\"wp-block-themeisle-blocks-advanced-column\">\n<h3 class=\"wp-block-heading has-neve-link-color-color has-text-color\"><strong>Verantwortlich f\u00fcr die Inhalte (Text und Bild) ist:<\/strong><\/h3>\n\n\n\n<p>Denkpilot<br>Marc Strickler<br>Muslistrasse 3<br>8820 W\u00e4denswil<br>+41 79 376 02 77<br><a href=\"mailto:info@denkpilot.ch\" target=\"_blank\" rel=\"noreferrer noopener\">info@denkpilot.ch<\/a><\/p>\n\n\n\n<h3 class=\"wp-block-heading has-neve-link-color-color has-text-color\"><strong><strong>Webseite Erstellung und Hosting:<\/strong><\/strong><\/h3>\n\n\n\n<p>abc4IT GmbH<br>Schmidgass 2<br>CH-8820 W\u00e4denswil<br>Tel. 044 680 26 56<br><a rel=\"noreferrer noopener\" href=\"mailto:info@abc4it.com\" target=\"_blank\">info@abc4it.com<\/a><br><a href=\"http:\/\/www.abc4it.com\">www.abc4it.com<\/a><\/p>\n<\/div>\n<\/div><\/div>\n","protected":false},"excerpt":{"rendered":"","protected":false},"author":1,"featured_media":0,"parent":0,"menu_order":0,"comment_status":"closed","ping_status":"closed","template":"page-templates\/template-pagebuilder-full-width.php","meta":{"_bbp_topic_count":0,"_bbp_reply_count":0,"_bbp_total_topic_count":0,"_bbp_total_reply_count":0,"_bbp_voice_count":0,"_bbp_anonymous_reply_count":0,"_bbp_topic_count_hidden":0,"_bbp_reply_count_hidden":0,"_bbp_forum_subforum_count":0,"neve_meta_sidebar":"full-width","neve_meta_container":"","neve_meta_enable_content_width":"on","neve_meta_content_width":100,"neve_meta_title_alignment":"","neve_meta_author_avatar":"","neve_post_elements_order":"","neve_meta_disable_header":"","neve_meta_disable_footer":"","neve_meta_disable_title":"on","_themeisle_gutenberg_block_has_review":false,"footnotes":""},"class_list":["post-510","page","type-page","status-publish","hentry"],"featured_image_urls_v2":{"full":"","thumbnail":"","medium":"","medium_large":"","large":"","1536x1536":"","2048x2048":"","neve-blog":""},"post_excerpt_stackable_v2":"<p>Impressum Verantwortlich f\u00fcr die Inhalte (Text und Bild) ist: DenkpilotMarc StricklerMuslistrasse 38820 W\u00e4denswil+41 79 376 02 77info@denkpilot.ch Webseite Erstellung und Hosting: abc4IT GmbHSchmidgass 2CH-8820 W\u00e4denswilTel. 044 680 26 56info@abc4it.comwww.abc4it.com<\/p>\n","category_list_v2":"","author_info_v2":{"name":"webmaster@denkpilot.ch","url":"https:\/\/denkpilot.ch\/cms\/author\/webmasterdenkpilot-ch\/"},"comments_num_v2":"0 comments","yoast_head":"<!-- This site is optimized with the Yoast SEO plugin v27.6 - https:\/\/yoast.com\/product\/yoast-seo-wordpress\/ -->\n<title>Impressum - Denkpilot<\/title>\n<meta name=\"description\" content=\"Verantwortlich f\u00fcr die Inhalte (Text und Bild) ist: Denkpilot Marc Strickler, Muslistrasse 3, 8820 W\u00e4denswil, info@denpilot.ch.\" \/>\n<meta name=\"robots\" content=\"index, follow, max-snippet:-1, max-image-preview:large, max-video-preview:-1\" \/>\n<link rel=\"canonical\" href=\"https:\/\/denkpilot.ch\/cms\/impressum\/\" \/>\n<meta property=\"og:locale\" content=\"de_DE\" \/>\n<meta property=\"og:type\" content=\"article\" \/>\n<meta property=\"og:title\" content=\"Impressum - Denkpilot\" \/>\n<meta property=\"og:description\" content=\"Verantwortlich f\u00fcr die Inhalte (Text und Bild) ist: Denkpilot Marc Strickler, Muslistrasse 3, 8820 W\u00e4denswil, info@denpilot.ch.\" \/>\n<meta property=\"og:url\" content=\"https:\/\/denkpilot.ch\/cms\/impressum\/\" \/>\n<meta property=\"og:site_name\" content=\"Denkpilot\" \/>\n<meta property=\"article:modified_time\" content=\"2024-05-08T17:39:14+00:00\" \/>\n<meta name=\"twitter:card\" content=\"summary_large_image\" \/>\n<meta name=\"twitter:label1\" content=\"Gesch\u00e4tzte Lesezeit\" \/>\n\t<meta name=\"twitter:data1\" content=\"1\u00a0Minute\" \/>\n<script type=\"application\/ld+json\" class=\"yoast-schema-graph\">{\"@context\":\"https:\\\/\\\/schema.org\",\"@graph\":[{\"@type\":\"WebPage\",\"@id\":\"https:\\\/\\\/denkpilot.ch\\\/cms\\\/impressum\\\/\",\"url\":\"https:\\\/\\\/denkpilot.ch\\\/cms\\\/impressum\\\/\",\"name\":\"Impressum - Denkpilot\",\"isPartOf\":{\"@id\":\"https:\\\/\\\/denkpilot.ch\\\/cms\\\/#website\"},\"datePublished\":\"2021-08-25T13:39:16+00:00\",\"dateModified\":\"2024-05-08T17:39:14+00:00\",\"description\":\"Verantwortlich f\u00fcr die Inhalte (Text und Bild) ist: Denkpilot Marc Strickler, Muslistrasse 3, 8820 W\u00e4denswil, info@denpilot.ch.\",\"breadcrumb\":{\"@id\":\"https:\\\/\\\/denkpilot.ch\\\/cms\\\/impressum\\\/#breadcrumb\"},\"inLanguage\":\"de-CH\",\"potentialAction\":[{\"@type\":\"ReadAction\",\"target\":[\"https:\\\/\\\/denkpilot.ch\\\/cms\\\/impressum\\\/\"]}]},{\"@type\":\"BreadcrumbList\",\"@id\":\"https:\\\/\\\/denkpilot.ch\\\/cms\\\/impressum\\\/#breadcrumb\",\"itemListElement\":[{\"@type\":\"ListItem\",\"position\":1,\"name\":\"Home\",\"item\":\"https:\\\/\\\/denkpilot.ch\\\/cms\\\/\"},{\"@type\":\"ListItem\",\"position\":2,\"name\":\"Impressum\"}]},{\"@type\":\"WebSite\",\"@id\":\"https:\\\/\\\/denkpilot.ch\\\/cms\\\/#website\",\"url\":\"https:\\\/\\\/denkpilot.ch\\\/cms\\\/\",\"name\":\"Denkpilot\",\"description\":\" Ein Knopf im Kopf ? Deine neuen Schritte zur Ver\u00e4nderung\",\"publisher\":{\"@id\":\"https:\\\/\\\/denkpilot.ch\\\/cms\\\/#organization\"},\"potentialAction\":[{\"@type\":\"SearchAction\",\"target\":{\"@type\":\"EntryPoint\",\"urlTemplate\":\"https:\\\/\\\/denkpilot.ch\\\/cms\\\/?s={search_term_string}\"},\"query-input\":{\"@type\":\"PropertyValueSpecification\",\"valueRequired\":true,\"valueName\":\"search_term_string\"}}],\"inLanguage\":\"de-CH\"},{\"@type\":\"Organization\",\"@id\":\"https:\\\/\\\/denkpilot.ch\\\/cms\\\/#organization\",\"name\":\"denkpilot.ch\",\"url\":\"https:\\\/\\\/denkpilot.ch\\\/cms\\\/\",\"logo\":{\"@type\":\"ImageObject\",\"inLanguage\":\"de-CH\",\"@id\":\"https:\\\/\\\/denkpilot.ch\\\/cms\\\/#\\\/schema\\\/logo\\\/image\\\/\",\"url\":\"https:\\\/\\\/denkpilot.ch\\\/cms\\\/wp-content\\\/uploads\\\/2021\\\/09\\\/gross-denken.png\",\"contentUrl\":\"https:\\\/\\\/denkpilot.ch\\\/cms\\\/wp-content\\\/uploads\\\/2021\\\/09\\\/gross-denken.png\",\"width\":256,\"height\":256,\"caption\":\"denkpilot.ch\"},\"image\":{\"@id\":\"https:\\\/\\\/denkpilot.ch\\\/cms\\\/#\\\/schema\\\/logo\\\/image\\\/\"}}]}<\/script>\n<!-- \/ Yoast SEO plugin. -->","yoast_head_json":{"title":"Impressum - Denkpilot","description":"Verantwortlich f\u00fcr die Inhalte (Text und Bild) ist: Denkpilot Marc Strickler, Muslistrasse 3, 8820 W\u00e4denswil, info@denpilot.ch.","robots":{"index":"index","follow":"follow","max-snippet":"max-snippet:-1","max-image-preview":"max-image-preview:large","max-video-preview":"max-video-preview:-1"},"canonical":"https:\/\/denkpilot.ch\/cms\/impressum\/","og_locale":"de_DE","og_type":"article","og_title":"Impressum - Denkpilot","og_description":"Verantwortlich f\u00fcr die Inhalte (Text und Bild) ist: Denkpilot Marc Strickler, Muslistrasse 3, 8820 W\u00e4denswil, info@denpilot.ch.","og_url":"https:\/\/denkpilot.ch\/cms\/impressum\/","og_site_name":"Denkpilot","article_modified_time":"2024-05-08T17:39:14+00:00","twitter_card":"summary_large_image","twitter_misc":{"Gesch\u00e4tzte Lesezeit":"1\u00a0Minute"},"schema":{"@context":"https:\/\/schema.org","@graph":[{"@type":"WebPage","@id":"https:\/\/denkpilot.ch\/cms\/impressum\/","url":"https:\/\/denkpilot.ch\/cms\/impressum\/","name":"Impressum - Denkpilot","isPartOf":{"@id":"https:\/\/denkpilot.ch\/cms\/#website"},"datePublished":"2021-08-25T13:39:16+00:00","dateModified":"2024-05-08T17:39:14+00:00","description":"Verantwortlich f\u00fcr die Inhalte (Text und Bild) ist: Denkpilot Marc Strickler, Muslistrasse 3, 8820 W\u00e4denswil, info@denpilot.ch.","breadcrumb":{"@id":"https:\/\/denkpilot.ch\/cms\/impressum\/#breadcrumb"},"inLanguage":"de-CH","potentialAction":[{"@type":"ReadAction","target":["https:\/\/denkpilot.ch\/cms\/impressum\/"]}]},{"@type":"BreadcrumbList","@id":"https:\/\/denkpilot.ch\/cms\/impressum\/#breadcrumb","itemListElement":[{"@type":"ListItem","position":1,"name":"Home","item":"https:\/\/denkpilot.ch\/cms\/"},{"@type":"ListItem","position":2,"name":"Impressum"}]},{"@type":"WebSite","@id":"https:\/\/denkpilot.ch\/cms\/#website","url":"https:\/\/denkpilot.ch\/cms\/","name":"Denkpilot","description":" Ein Knopf im Kopf ? Deine neuen Schritte zur Ver\u00e4nderung","publisher":{"@id":"https:\/\/denkpilot.ch\/cms\/#organization"},"potentialAction":[{"@type":"SearchAction","target":{"@type":"EntryPoint","urlTemplate":"https:\/\/denkpilot.ch\/cms\/?s={search_term_string}"},"query-input":{"@type":"PropertyValueSpecification","valueRequired":true,"valueName":"search_term_string"}}],"inLanguage":"de-CH"},{"@type":"Organization","@id":"https:\/\/denkpilot.ch\/cms\/#organization","name":"denkpilot.ch","url":"https:\/\/denkpilot.ch\/cms\/","logo":{"@type":"ImageObject","inLanguage":"de-CH","@id":"https:\/\/denkpilot.ch\/cms\/#\/schema\/logo\/image\/","url":"https:\/\/denkpilot.ch\/cms\/wp-content\/uploads\/2021\/09\/gross-denken.png","contentUrl":"https:\/\/denkpilot.ch\/cms\/wp-content\/uploads\/2021\/09\/gross-denken.png","width":256,"height":256,"caption":"denkpilot.ch"},"image":{"@id":"https:\/\/denkpilot.ch\/cms\/#\/schema\/logo\/image\/"}}]}},"_links":{"self":[{"href":"https:\/\/denkpilot.ch\/cms\/wp-json\/wp\/v2\/pages\/510","targetHints":{"allow":["GET"]}}],"collection":[{"href":"https:\/\/denkpilot.ch\/cms\/wp-json\/wp\/v2\/pages"}],"about":[{"href":"https:\/\/denkpilot.ch\/cms\/wp-json\/wp\/v2\/types\/page"}],"author":[{"embeddable":true,"href":"https:\/\/denkpilot.ch\/cms\/wp-json\/wp\/v2\/users\/1"}],"replies":[{"embeddable":true,"href":"https:\/\/denkpilot.ch\/cms\/wp-json\/wp\/v2\/comments?post=510"}],"version-history":[{"count":17,"href":"https:\/\/denkpilot.ch\/cms\/wp-json\/wp\/v2\/pages\/510\/revisions"}],"predecessor-version":[{"id":1568,"href":"https:\/\/denkpilot.ch\/cms\/wp-json\/wp\/v2\/pages\/510\/revisions\/1568"}],"wp:attachment":[{"href":"https:\/\/denkpilot.ch\/cms\/wp-json\/wp\/v2\/media?parent=510"}],"curies":[{"name":"wp","href":"https:\/\/api.w.org\/{rel}","templated":true}]}}