{"id":465,"date":"2021-08-25T14:38:40","date_gmt":"2021-08-25T12:38:40","guid":{"rendered":"https:\/\/denkpilot.ch\/cms\/?page_id=465"},"modified":"2026-02-03T15:51:36","modified_gmt":"2026-02-03T14:51:36","slug":"entertainment-2","status":"publish","type":"page","link":"https:\/\/denkpilot.ch\/cms\/entertainment-2\/","title":{"rendered":"Der Impropilot"},"content":{"rendered":"\n<div id=\"wp-block-themeisle-blocks-advanced-columns-1a23c41a\" class=\"wp-block-themeisle-blocks-advanced-columns alignfull has-2-columns has-desktop-equal-layout has-tablet-equal-layout has-mobile-collapsedRows-layout has-vertical-unset seitenBackground\"><div class=\"wp-block-themeisle-blocks-advanced-columns-overlay\"><\/div><div class=\"innerblocks-wrap\">\n<div id=\"wp-block-themeisle-blocks-advanced-column-1f2ed3de\" class=\"wp-block-themeisle-blocks-advanced-column animated slideInLeft\">\n<h1 class=\"wp-block-heading has-text-align-center has-white-color has-text-color\" id=\"denktheater\"><em>Der Denk &#8211; und Impropilot<\/em><\/h1>\n\n\n\n<p class=\"has-text-align-center has-white-color has-text-color\" style=\"font-size:21px\">Raum f\u00fcr kreative Improvisation, Entwicklung und Entfaltung<\/p>\n\n\n\n<p class=\"has-text-align-center\"><\/p>\n<\/div>\n\n\n\n<div id=\"wp-block-themeisle-blocks-advanced-column-5d5f0a81\" class=\"wp-block-themeisle-blocks-advanced-column\"><\/div>\n<\/div><\/div>\n\n\n\n<section id=\"wp-block-themeisle-blocks-advanced-columns-69940be8\" class=\"wp-block-themeisle-blocks-advanced-columns alignfull has-1-columns has-desktop-equal-layout has-tablet-collapsedRows-layout has-mobile-collapsedRows-layout has-vertical-unset has-vertical-undefined has-light-bg\"><div class=\"wp-block-themeisle-blocks-advanced-columns-overlay\"><\/div><div class=\"innerblocks-wrap\">\n<div id=\"wp-block-themeisle-blocks-advanced-column-6b55fa3d\" class=\"wp-block-themeisle-blocks-advanced-column\">\n<p class=\"has-text-align-center\"><\/p>\n\n\n\n<h2 class=\"wp-block-heading has-text-align-center\" id=\"improvisationstheater\"><em>Das Improvisationstheater f\u00fcr jung und alt<\/em><\/h2>\n\n\n\n<p class=\"has-text-align-center\"><strong>Die kreative und spielerische M\u00f6glichkeit des Lernens und St\u00e4rkung Deines Profils<\/strong><\/p>\n\n\n\n<p class=\"has-text-align-center\">Das Improvisationstheater umfasst sehr viele M\u00f6glichkeiten das pers\u00f6nliche Profil des Teilnehmers zu st\u00e4rken. Es f\u00f6rdert die kreative, emotionale und intellektuelle Entwicklung des Menschen. Es f\u00f6rdert Deine Spontanit\u00e4t und Flexibilit\u00e4t.<\/p>\n\n\n\n<p class=\"has-text-align-center\">Impro gibt Dir Raum zu Experimentieren, dich der Entfaltung hinzugeben, dich in kreativer und spielerischer Form in Ausdruck und Gestaltung zu formen.<\/p>\n\n\n\n<p class=\"has-text-align-center\">Du wirst bei Deinem Aufenthalt dem Humor, Selbstironie und der liebevollen Blamage begegnen. Wir begr\u00fcssen das kleine, leise Mauerbl\u00fcmchen, das sein Potenzial entdecken wird und dem B\u00e4ren der sich Schutz suchend hinter dicken Eisenst\u00e4ben in seiner H\u00f6hle vergr\u00e4bt. Vielleicht finden wir noch den hoffnungsvollen Romantiker auf der Liebesschaukel.<\/p>\n\n\n\n<p class=\"has-text-align-center\">Und wir werden viel lachen und Spass haben. Du darfst mit Freude scheitern und ausserhalb der Komfortzone Grenzen verschieben. Und die Spontanit\u00e4t und Flexibilit\u00e4t wecken. Dich versuchen, ausprobieren, Dich von einer neuen Seite kennen lernen und kreativ sein.<\/p>\n\n\n\n<p class=\"has-text-align-center\">Du wirst Hemmungen abbauen und \u00c4ngste \u00fcberwinden. Es l\u00f6sen sich Blockaden durch spielerische und kreative M\u00f6glichkeiten. Gewinne durch den Fluss des Spiels und der Bewegung mehr Mut, Selbstvertrauen, Selbstwertgef\u00fchl.<\/p>\n\n\n\n<p class=\"has-text-align-center\">Du lernst Gef\u00fchle und Gedanken auszudr\u00fccken. Schreibe die Geschichte Deines Herzens und spiele Sie in Form des Spiels. Im Einfluss von Emotionen und Gestalt der Handlung.<\/p>\n\n\n\n<p class=\"has-text-align-center\">St\u00e4rke Dein Selbstbewusstsein. Nimm neue Herausforderungen an. Du bekommst von mir Unterst\u00fctzung. Verlasse die Komfortzone und erlebe neue Seiten an Dir. Moduliere eigene Figuren verschiedener emotionaler Stimmungen. Nutze Deine Stimme, Deine Mimik, Deinen K\u00f6rper als Instrument von Ausdruck und Gestik<\/p>\n\n\n\n<p class=\"has-text-align-center\"><\/p>\n\n\n\n<p class=\"has-text-align-center\"><strong><em>Du bist hier richtig:<\/em><\/strong><\/p>\n\n\n\n<p class=\"has-text-align-center\">Wenn Du bereit bist Dich auf diesen Prozess einzulassen.<\/p>\n\n\n\n<p class=\"has-text-align-center\">Wenn Du Hemmungen abbauen und mutiger werden willst<\/p>\n\n\n\n<p class=\"has-text-align-center\">Wenn Du Dein Potenzial entdecken und f\u00f6rdern willst.<\/p>\n\n\n\n<p class=\"has-text-align-center\">Wenn Du zu mehr Selbstvertrauen und Selbstbewusstsein kommen m\u00f6chtest<\/p>\n\n\n\n<p class=\"has-text-align-center\">Wenn Du Deine Visualierungs \u2013 und Vorstellungskraft entdecken und st\u00e4rken willst.<\/p>\n\n\n\n<p class=\"has-text-align-center\">Wenn Du deinen K\u00f6rper als Instrument wahrnehmen, dein K\u00f6rperbewusstsein und all Deine Sinne st\u00e4rken willst<\/p>\n\n\n\n<p class=\"has-text-align-center\"><\/p>\n\n\n\n<h2 class=\"wp-block-heading has-text-align-center\">Was l\u00e4uft gerade<\/h2>\n\n\n\n<p class=\"has-text-align-center\">Improtheater Abende im Theater Thalwil<\/p>\n\n\n\n<p class=\"has-text-align-center\">f\u00fcr Anf\u00e4nger und Fortgeschrittene<\/p>\n\n\n<div class=\"wp-block-image\">\n<figure class=\"aligncenter size-large\"><img decoding=\"async\" width=\"724\" height=\"1024\" data-src=\"https:\/\/denkpilot.ch\/cms\/wp-content\/uploads\/2026\/02\/Meine-neue-Traumwelt-marc-strickler-februar-2026-Theater-Thalwil-1-pdf-724x1024.jpg\" alt=\"\" class=\"wp-image-1708 lazyload\" src=\"data:image\/svg+xml;base64,PHN2ZyB3aWR0aD0iMSIgaGVpZ2h0PSIxIiB4bWxucz0iaHR0cDovL3d3dy53My5vcmcvMjAwMC9zdmciPjwvc3ZnPg==\" style=\"--smush-placeholder-width: 724px; --smush-placeholder-aspect-ratio: 724\/1024;\" \/><\/figure>\n<\/div>\n\n\n<div class=\"wp-block-columns is-layout-flex wp-container-core-columns-is-layout-9d6595d7 wp-block-columns-is-layout-flex\">\n<div class=\"wp-block-column is-layout-flow wp-block-column-is-layout-flow\" style=\"flex-basis:100%\">\n<div class=\"wp-block-stackable-columns stk-block-columns stk-block stk-72da021\" data-block-id=\"72da021\"><div class=\"stk-row stk-inner-blocks stk-block-content stk-content-align stk-72da021-column\">\n<div class=\"wp-block-stackable-column stk-block-column stk-column stk-block stk-4dbe645\" data-v=\"4\" data-block-id=\"4dbe645\"><div class=\"stk-column-wrapper stk-block-column__content stk-container stk-4dbe645-container stk--no-background stk--no-padding\"><div class=\"has-text-align-right stk-block-content stk-inner-blocks stk-4dbe645-inner-blocks\"><div class=\"wp-block-image\">\n<figure class=\"aligncenter size-large is-resized\"><img decoding=\"async\" width=\"724\" height=\"1024\" data-src=\"https:\/\/denkpilot.ch\/cms\/wp-content\/uploads\/2025\/01\/1-auf-dem-bauernhof-marc-strickler-januar-2025-1-724x1024.png\" alt=\"\" class=\"wp-image-1684 lazyload\" style=\"--smush-placeholder-width: 724px; --smush-placeholder-aspect-ratio: 724\/1024;width:724px;height:auto\" data-srcset=\"https:\/\/denkpilot.ch\/cms\/wp-content\/uploads\/2025\/01\/1-auf-dem-bauernhof-marc-strickler-januar-2025-1-724x1024.png 724w, https:\/\/denkpilot.ch\/cms\/wp-content\/uploads\/2025\/01\/1-auf-dem-bauernhof-marc-strickler-januar-2025-1-212x300.png 212w, https:\/\/denkpilot.ch\/cms\/wp-content\/uploads\/2025\/01\/1-auf-dem-bauernhof-marc-strickler-januar-2025-1-768x1086.png 768w, https:\/\/denkpilot.ch\/cms\/wp-content\/uploads\/2025\/01\/1-auf-dem-bauernhof-marc-strickler-januar-2025-1-1086x1536.png 1086w, https:\/\/denkpilot.ch\/cms\/wp-content\/uploads\/2025\/01\/1-auf-dem-bauernhof-marc-strickler-januar-2025-1.png 1240w\" data-sizes=\"(max-width: 724px) 100vw, 724px\" src=\"data:image\/svg+xml;base64,PHN2ZyB3aWR0aD0iMSIgaGVpZ2h0PSIxIiB4bWxucz0iaHR0cDovL3d3dy53My5vcmcvMjAwMC9zdmciPjwvc3ZnPg==\" \/><\/figure>\n<\/div><\/div><\/div><\/div>\n<\/div><\/div>\n<\/div>\n<\/div>\n\n\n<div class=\"wp-block-image\">\n<figure class=\"aligncenter size-large\"><img decoding=\"async\" width=\"724\" height=\"1024\" data-src=\"https:\/\/denkpilot.ch\/cms\/wp-content\/uploads\/2024\/10\/Im-institut-der-anatomie-marc-strickler-oktober-24-pdf-724x1024.jpg\" alt=\"\" class=\"wp-image-1585 lazyload\" src=\"data:image\/svg+xml;base64,PHN2ZyB3aWR0aD0iMSIgaGVpZ2h0PSIxIiB4bWxucz0iaHR0cDovL3d3dy53My5vcmcvMjAwMC9zdmciPjwvc3ZnPg==\" style=\"--smush-placeholder-width: 724px; --smush-placeholder-aspect-ratio: 724\/1024;\" \/><\/figure>\n<\/div>\n\n\n<p><\/p>\n\n\n<div class=\"wp-block-image\">\n<figure class=\"aligncenter size-large\"><img decoding=\"async\" width=\"724\" height=\"1024\" data-src=\"https:\/\/denkpilot.ch\/cms\/wp-content\/uploads\/2024\/10\/Theaterabend-Emojis-26.-August-24-pdf-724x1024.jpg\" alt=\"\" class=\"wp-image-1606 lazyload\" src=\"data:image\/svg+xml;base64,PHN2ZyB3aWR0aD0iMSIgaGVpZ2h0PSIxIiB4bWxucz0iaHR0cDovL3d3dy53My5vcmcvMjAwMC9zdmciPjwvc3ZnPg==\" style=\"--smush-placeholder-width: 724px; --smush-placeholder-aspect-ratio: 724\/1024;\" \/><\/figure>\n<\/div>\n\n\n<div class=\"wp-block-stackable-columns stk-block-columns stk-block stk-17e6957\" data-block-id=\"17e6957\"><style>.stk-17e6957 {margin-bottom:0px !important;}<\/style><div class=\"stk-row stk-inner-blocks stk-block-content stk-content-align stk-17e6957-column\">\n<div class=\"wp-block-stackable-column stk-block-column stk-column stk-block stk-bf80e76\" data-v=\"4\" data-block-id=\"bf80e76\"><div class=\"stk-column-wrapper stk-block-column__content stk-container stk-bf80e76-container stk--no-background stk--no-padding\"><div class=\"stk-block-content stk-inner-blocks stk-bf80e76-inner-blocks\"><\/div><\/div><\/div>\n<\/div><\/div>\n\n\n<div class=\"wp-block-image\">\n<figure class=\"aligncenter size-large is-resized\"><img decoding=\"async\" data-src=\"https:\/\/denkpilot.ch\/cms\/wp-content\/uploads\/2024\/10\/denktheater-755x1024.png\" alt=\"\" class=\"wp-image-1591 lazyload\" style=\"--smush-placeholder-width: 755px; --smush-placeholder-aspect-ratio: 755\/1024;width:725px;height:auto\" src=\"data:image\/svg+xml;base64,PHN2ZyB3aWR0aD0iMSIgaGVpZ2h0PSIxIiB4bWxucz0iaHR0cDovL3d3dy53My5vcmcvMjAwMC9zdmciPjwvc3ZnPg==\" \/><\/figure>\n<\/div>\n\n\n\n\n<div class=\"wp-block-buttons alignwide is-content-justification-center is-layout-flex wp-container-core-buttons-is-layout-16018d1d wp-block-buttons-is-layout-flex\"><\/div>\n<\/div>\n<\/div><\/section>\n\n\n\n<div id=\"wp-block-themeisle-blocks-advanced-columns-43ea65eb\" class=\"wp-block-themeisle-blocks-advanced-columns alignfull has-1-columns has-desktop-equal-layout has-tablet-equal-layout has-mobile-equal-layout has-vertical-unset has-dark-bg\"><div class=\"wp-block-themeisle-blocks-advanced-columns-overlay\"><\/div><div class=\"innerblocks-wrap\">\n<div id=\"wp-block-themeisle-blocks-advanced-column-62cf06c5\" class=\"wp-block-themeisle-blocks-advanced-column\">\n<h2 class=\"wp-block-heading has-text-align-center has-white-color has-text-color\" id=\"kontaktieren-sie-mich\">Kontaktieren Sie mich <\/h2>\n\n\n\n<p class=\"has-text-align-center has-white-color has-text-color\">um weitere Informationen zu erhalten<\/p>\n\n\n\n<div style=\"height:20px\" aria-hidden=\"true\" class=\"wp-block-spacer\"><\/div>\n\n\n\n<div id=\"wp-block-themeisle-blocks-button-group-86a9613a\" class=\"wp-block-themeisle-blocks-button-group wp-block-buttons align-center\">\n<div id=\"wp-block-themeisle-blocks-button-8c280382\" class=\"wp-block-themeisle-blocks-button wp-block-button\"><a href=\"https:\/\/denkpilot.ch\/cms\/kontakt\/\" target=\"_self\" rel=\"noopener noreferrer\" class=\"wp-block-button__link\"><span>Kontaktieren<\/span><\/a><\/div>\n<\/div>\n<\/div>\n<\/div><\/div>\n\n\n\n<div class=\"wpcf7 no-js\" id=\"wpcf7-f1484-o1\" lang=\"de-CH\" dir=\"ltr\" data-wpcf7-id=\"1484\">\n<div class=\"screen-reader-response\"><p role=\"status\" aria-live=\"polite\" aria-atomic=\"true\"><\/p> <ul><\/ul><\/div>\n<form action=\"\/cms\/wp-json\/wp\/v2\/pages\/465#wpcf7-f1484-o1\" method=\"post\" class=\"wpcf7-form init\" aria-label=\"Contact form\" novalidate=\"novalidate\" data-status=\"init\">\n<fieldset class=\"hidden-fields-container\"><input type=\"hidden\" name=\"_wpcf7\" value=\"1484\" \/><input type=\"hidden\" name=\"_wpcf7_version\" value=\"6.1.6\" \/><input type=\"hidden\" name=\"_wpcf7_locale\" value=\"de_CH\" \/><input type=\"hidden\" name=\"_wpcf7_unit_tag\" value=\"wpcf7-f1484-o1\" \/><input type=\"hidden\" name=\"_wpcf7_container_post\" value=\"0\" \/><input type=\"hidden\" name=\"_wpcf7_posted_data_hash\" value=\"\" \/>\n<\/fieldset>\n<p><label> Your name<br \/>\n<span class=\"wpcf7-form-control-wrap\" data-name=\"your-name\"><input size=\"40\" maxlength=\"400\" class=\"wpcf7-form-control wpcf7-text wpcf7-validates-as-required\" autocomplete=\"name\" aria-required=\"true\" aria-invalid=\"false\" value=\"\" type=\"text\" name=\"your-name\" \/><\/span> <\/label>\n<\/p>\n<p><label> Your email<br \/>\n<span class=\"wpcf7-form-control-wrap\" data-name=\"your-email\"><input size=\"40\" maxlength=\"400\" class=\"wpcf7-form-control wpcf7-email wpcf7-validates-as-required wpcf7-text wpcf7-validates-as-email\" autocomplete=\"email\" aria-required=\"true\" aria-invalid=\"false\" value=\"\" type=\"email\" name=\"your-email\" \/><\/span> <\/label>\n<\/p>\n<p><label> Betreff<br \/>\n<span class=\"wpcf7-form-control-wrap\" data-name=\"your-subject\"><input size=\"40\" maxlength=\"400\" class=\"wpcf7-form-control wpcf7-text wpcf7-validates-as-required\" aria-required=\"true\" aria-invalid=\"false\" value=\"\" type=\"text\" name=\"your-subject\" \/><\/span> <\/label>\n<\/p>\n<p><label> Your message (optional)<br \/>\n<span class=\"wpcf7-form-control-wrap\" data-name=\"your-message\"><textarea cols=\"40\" rows=\"10\" maxlength=\"2000\" class=\"wpcf7-form-control wpcf7-textarea\" aria-invalid=\"false\" name=\"your-message\"><\/textarea><\/span> <\/label>\n<\/p>\n<p><input class=\"wpcf7-form-control wpcf7-submit has-spinner\" type=\"submit\" value=\"Submit\" \/>\n<\/p><div class=\"wpcf7-response-output\" aria-hidden=\"true\"><\/div>\n<\/form>\n<\/div>\n\n\n\n","protected":false},"excerpt":{"rendered":"","protected":false},"author":1,"featured_media":0,"parent":0,"menu_order":0,"comment_status":"closed","ping_status":"closed","template":"page-templates\/template-pagebuilder-full-width.php","meta":{"_bbp_topic_count":0,"_bbp_reply_count":0,"_bbp_total_topic_count":0,"_bbp_total_reply_count":0,"_bbp_voice_count":0,"_bbp_anonymous_reply_count":0,"_bbp_topic_count_hidden":0,"_bbp_reply_count_hidden":0,"_bbp_forum_subforum_count":0,"neve_meta_sidebar":"full-width","neve_meta_container":"","neve_meta_enable_content_width":"on","neve_meta_content_width":100,"neve_meta_title_alignment":"","neve_meta_author_avatar":"","neve_post_elements_order":"","neve_meta_disable_header":"","neve_meta_disable_footer":"","neve_meta_disable_title":"on","_themeisle_gutenberg_block_has_review":false,"footnotes":""},"class_list":["post-465","page","type-page","status-publish","hentry"],"featured_image_urls_v2":{"full":"","thumbnail":"","medium":"","medium_large":"","large":"","1536x1536":"","2048x2048":"","neve-blog":""},"post_excerpt_stackable_v2":"<p>Der Denk &#8211; und Impropilot Raum f\u00fcr kreative Improvisation, Entwicklung und Entfaltung Das Improvisationstheater f\u00fcr jung und alt Die kreative und spielerische M\u00f6glichkeit des Lernens und St\u00e4rkung Deines Profils Das Improvisationstheater umfasst sehr viele M\u00f6glichkeiten das pers\u00f6nliche Profil des Teilnehmers zu st\u00e4rken. Es f\u00f6rdert die kreative, emotionale und intellektuelle Entwicklung des Menschen. Es f\u00f6rdert Deine Spontanit\u00e4t und Flexibilit\u00e4t. Impro gibt Dir Raum zu Experimentieren, dich der Entfaltung hinzugeben, dich in kreativer und spielerischer Form in Ausdruck und Gestaltung zu formen. Du wirst bei Deinem Aufenthalt dem Humor, Selbstironie und der liebevollen Blamage begegnen. Wir begr\u00fcssen das kleine, leise Mauerbl\u00fcmchen, das&hellip;<\/p>\n","category_list_v2":"","author_info_v2":{"name":"webmaster@denkpilot.ch","url":"https:\/\/denkpilot.ch\/cms\/author\/webmasterdenkpilot-ch\/"},"comments_num_v2":"0 comments","yoast_head":"<!-- This site is optimized with the Yoast SEO plugin v27.6 - https:\/\/yoast.com\/product\/yoast-seo-wordpress\/ -->\n<title>Der Impropilot - Denkpilot<\/title>\n<meta name=\"robots\" content=\"index, follow, max-snippet:-1, max-image-preview:large, max-video-preview:-1\" \/>\n<link rel=\"canonical\" href=\"https:\/\/denkpilot.ch\/cms\/entertainment-2\/\" \/>\n<meta property=\"og:locale\" content=\"de_DE\" \/>\n<meta property=\"og:type\" content=\"article\" \/>\n<meta property=\"og:title\" content=\"Der Impropilot - Denkpilot\" \/>\n<meta property=\"og:url\" content=\"https:\/\/denkpilot.ch\/cms\/entertainment-2\/\" \/>\n<meta property=\"og:site_name\" content=\"Denkpilot\" \/>\n<meta property=\"article:modified_time\" content=\"2026-02-03T14:51:36+00:00\" \/>\n<meta name=\"twitter:card\" content=\"summary_large_image\" \/>\n<meta name=\"twitter:label1\" content=\"Gesch\u00e4tzte Lesezeit\" \/>\n\t<meta name=\"twitter:data1\" content=\"4\u00a0Minuten\" \/>\n<script type=\"application\/ld+json\" class=\"yoast-schema-graph\">{\"@context\":\"https:\\\/\\\/schema.org\",\"@graph\":[{\"@type\":\"WebPage\",\"@id\":\"https:\\\/\\\/denkpilot.ch\\\/cms\\\/entertainment-2\\\/\",\"url\":\"https:\\\/\\\/denkpilot.ch\\\/cms\\\/entertainment-2\\\/\",\"name\":\"Der Impropilot - Denkpilot\",\"isPartOf\":{\"@id\":\"https:\\\/\\\/denkpilot.ch\\\/cms\\\/#website\"},\"primaryImageOfPage\":{\"@id\":\"https:\\\/\\\/denkpilot.ch\\\/cms\\\/entertainment-2\\\/#primaryimage\"},\"image\":{\"@id\":\"https:\\\/\\\/denkpilot.ch\\\/cms\\\/entertainment-2\\\/#primaryimage\"},\"thumbnailUrl\":\"https:\\\/\\\/denkpilot.ch\\\/cms\\\/wp-content\\\/uploads\\\/2026\\\/02\\\/Meine-neue-Traumwelt-marc-strickler-februar-2026-Theater-Thalwil-1-pdf-724x1024.jpg\",\"datePublished\":\"2021-08-25T12:38:40+00:00\",\"dateModified\":\"2026-02-03T14:51:36+00:00\",\"breadcrumb\":{\"@id\":\"https:\\\/\\\/denkpilot.ch\\\/cms\\\/entertainment-2\\\/#breadcrumb\"},\"inLanguage\":\"de-CH\",\"potentialAction\":[{\"@type\":\"ReadAction\",\"target\":[\"https:\\\/\\\/denkpilot.ch\\\/cms\\\/entertainment-2\\\/\"]}]},{\"@type\":\"ImageObject\",\"inLanguage\":\"de-CH\",\"@id\":\"https:\\\/\\\/denkpilot.ch\\\/cms\\\/entertainment-2\\\/#primaryimage\",\"url\":\"https:\\\/\\\/denkpilot.ch\\\/cms\\\/wp-content\\\/uploads\\\/2026\\\/02\\\/Meine-neue-Traumwelt-marc-strickler-februar-2026-Theater-Thalwil-1-pdf.jpg\",\"contentUrl\":\"https:\\\/\\\/denkpilot.ch\\\/cms\\\/wp-content\\\/uploads\\\/2026\\\/02\\\/Meine-neue-Traumwelt-marc-strickler-februar-2026-Theater-Thalwil-1-pdf.jpg\"},{\"@type\":\"BreadcrumbList\",\"@id\":\"https:\\\/\\\/denkpilot.ch\\\/cms\\\/entertainment-2\\\/#breadcrumb\",\"itemListElement\":[{\"@type\":\"ListItem\",\"position\":1,\"name\":\"Home\",\"item\":\"https:\\\/\\\/denkpilot.ch\\\/cms\\\/\"},{\"@type\":\"ListItem\",\"position\":2,\"name\":\"Der Impropilot\"}]},{\"@type\":\"WebSite\",\"@id\":\"https:\\\/\\\/denkpilot.ch\\\/cms\\\/#website\",\"url\":\"https:\\\/\\\/denkpilot.ch\\\/cms\\\/\",\"name\":\"Denkpilot\",\"description\":\" Ein Knopf im Kopf ? Deine neuen Schritte zur Ver\u00e4nderung\",\"publisher\":{\"@id\":\"https:\\\/\\\/denkpilot.ch\\\/cms\\\/#organization\"},\"potentialAction\":[{\"@type\":\"SearchAction\",\"target\":{\"@type\":\"EntryPoint\",\"urlTemplate\":\"https:\\\/\\\/denkpilot.ch\\\/cms\\\/?s={search_term_string}\"},\"query-input\":{\"@type\":\"PropertyValueSpecification\",\"valueRequired\":true,\"valueName\":\"search_term_string\"}}],\"inLanguage\":\"de-CH\"},{\"@type\":\"Organization\",\"@id\":\"https:\\\/\\\/denkpilot.ch\\\/cms\\\/#organization\",\"name\":\"denkpilot.ch\",\"url\":\"https:\\\/\\\/denkpilot.ch\\\/cms\\\/\",\"logo\":{\"@type\":\"ImageObject\",\"inLanguage\":\"de-CH\",\"@id\":\"https:\\\/\\\/denkpilot.ch\\\/cms\\\/#\\\/schema\\\/logo\\\/image\\\/\",\"url\":\"https:\\\/\\\/denkpilot.ch\\\/cms\\\/wp-content\\\/uploads\\\/2021\\\/09\\\/gross-denken.png\",\"contentUrl\":\"https:\\\/\\\/denkpilot.ch\\\/cms\\\/wp-content\\\/uploads\\\/2021\\\/09\\\/gross-denken.png\",\"width\":256,\"height\":256,\"caption\":\"denkpilot.ch\"},\"image\":{\"@id\":\"https:\\\/\\\/denkpilot.ch\\\/cms\\\/#\\\/schema\\\/logo\\\/image\\\/\"}}]}<\/script>\n<!-- \/ Yoast SEO plugin. -->","yoast_head_json":{"title":"Der Impropilot - Denkpilot","robots":{"index":"index","follow":"follow","max-snippet":"max-snippet:-1","max-image-preview":"max-image-preview:large","max-video-preview":"max-video-preview:-1"},"canonical":"https:\/\/denkpilot.ch\/cms\/entertainment-2\/","og_locale":"de_DE","og_type":"article","og_title":"Der Impropilot - Denkpilot","og_url":"https:\/\/denkpilot.ch\/cms\/entertainment-2\/","og_site_name":"Denkpilot","article_modified_time":"2026-02-03T14:51:36+00:00","twitter_card":"summary_large_image","twitter_misc":{"Gesch\u00e4tzte Lesezeit":"4\u00a0Minuten"},"schema":{"@context":"https:\/\/schema.org","@graph":[{"@type":"WebPage","@id":"https:\/\/denkpilot.ch\/cms\/entertainment-2\/","url":"https:\/\/denkpilot.ch\/cms\/entertainment-2\/","name":"Der Impropilot - Denkpilot","isPartOf":{"@id":"https:\/\/denkpilot.ch\/cms\/#website"},"primaryImageOfPage":{"@id":"https:\/\/denkpilot.ch\/cms\/entertainment-2\/#primaryimage"},"image":{"@id":"https:\/\/denkpilot.ch\/cms\/entertainment-2\/#primaryimage"},"thumbnailUrl":"https:\/\/denkpilot.ch\/cms\/wp-content\/uploads\/2026\/02\/Meine-neue-Traumwelt-marc-strickler-februar-2026-Theater-Thalwil-1-pdf-724x1024.jpg","datePublished":"2021-08-25T12:38:40+00:00","dateModified":"2026-02-03T14:51:36+00:00","breadcrumb":{"@id":"https:\/\/denkpilot.ch\/cms\/entertainment-2\/#breadcrumb"},"inLanguage":"de-CH","potentialAction":[{"@type":"ReadAction","target":["https:\/\/denkpilot.ch\/cms\/entertainment-2\/"]}]},{"@type":"ImageObject","inLanguage":"de-CH","@id":"https:\/\/denkpilot.ch\/cms\/entertainment-2\/#primaryimage","url":"https:\/\/denkpilot.ch\/cms\/wp-content\/uploads\/2026\/02\/Meine-neue-Traumwelt-marc-strickler-februar-2026-Theater-Thalwil-1-pdf.jpg","contentUrl":"https:\/\/denkpilot.ch\/cms\/wp-content\/uploads\/2026\/02\/Meine-neue-Traumwelt-marc-strickler-februar-2026-Theater-Thalwil-1-pdf.jpg"},{"@type":"BreadcrumbList","@id":"https:\/\/denkpilot.ch\/cms\/entertainment-2\/#breadcrumb","itemListElement":[{"@type":"ListItem","position":1,"name":"Home","item":"https:\/\/denkpilot.ch\/cms\/"},{"@type":"ListItem","position":2,"name":"Der Impropilot"}]},{"@type":"WebSite","@id":"https:\/\/denkpilot.ch\/cms\/#website","url":"https:\/\/denkpilot.ch\/cms\/","name":"Denkpilot","description":" Ein Knopf im Kopf ? Deine neuen Schritte zur Ver\u00e4nderung","publisher":{"@id":"https:\/\/denkpilot.ch\/cms\/#organization"},"potentialAction":[{"@type":"SearchAction","target":{"@type":"EntryPoint","urlTemplate":"https:\/\/denkpilot.ch\/cms\/?s={search_term_string}"},"query-input":{"@type":"PropertyValueSpecification","valueRequired":true,"valueName":"search_term_string"}}],"inLanguage":"de-CH"},{"@type":"Organization","@id":"https:\/\/denkpilot.ch\/cms\/#organization","name":"denkpilot.ch","url":"https:\/\/denkpilot.ch\/cms\/","logo":{"@type":"ImageObject","inLanguage":"de-CH","@id":"https:\/\/denkpilot.ch\/cms\/#\/schema\/logo\/image\/","url":"https:\/\/denkpilot.ch\/cms\/wp-content\/uploads\/2021\/09\/gross-denken.png","contentUrl":"https:\/\/denkpilot.ch\/cms\/wp-content\/uploads\/2021\/09\/gross-denken.png","width":256,"height":256,"caption":"denkpilot.ch"},"image":{"@id":"https:\/\/denkpilot.ch\/cms\/#\/schema\/logo\/image\/"}}]}},"_links":{"self":[{"href":"https:\/\/denkpilot.ch\/cms\/wp-json\/wp\/v2\/pages\/465","targetHints":{"allow":["GET"]}}],"collection":[{"href":"https:\/\/denkpilot.ch\/cms\/wp-json\/wp\/v2\/pages"}],"about":[{"href":"https:\/\/denkpilot.ch\/cms\/wp-json\/wp\/v2\/types\/page"}],"author":[{"embeddable":true,"href":"https:\/\/denkpilot.ch\/cms\/wp-json\/wp\/v2\/users\/1"}],"replies":[{"embeddable":true,"href":"https:\/\/denkpilot.ch\/cms\/wp-json\/wp\/v2\/comments?post=465"}],"version-history":[{"count":72,"href":"https:\/\/denkpilot.ch\/cms\/wp-json\/wp\/v2\/pages\/465\/revisions"}],"predecessor-version":[{"id":1712,"href":"https:\/\/denkpilot.ch\/cms\/wp-json\/wp\/v2\/pages\/465\/revisions\/1712"}],"wp:attachment":[{"href":"https:\/\/denkpilot.ch\/cms\/wp-json\/wp\/v2\/media?parent=465"}],"curies":[{"name":"wp","href":"https:\/\/api.w.org\/{rel}","templated":true}]}}