{"id":1430,"date":"2022-06-07T13:13:34","date_gmt":"2022-06-07T11:13:34","guid":{"rendered":"https:\/\/denkpilot.ch\/cms\/?page_id=1430"},"modified":"2022-06-07T13:14:25","modified_gmt":"2022-06-07T11:14:25","slug":"datenschutzerklaerung","status":"publish","type":"page","link":"https:\/\/denkpilot.ch\/cms\/impressum\/datenschutzerklaerung\/","title":{"rendered":"Datenschutzerkl\u00e4rung"},"content":{"rendered":"\n<div id=\"wp-block-themeisle-blocks-advanced-columns-ea2627c2\" class=\"wp-block-themeisle-blocks-advanced-columns alignfull has-1-columns has-desktop-equal-layout has-tablet-equal-layout has-mobile-equal-layout has-vertical-unset seitenBackground\"><div class=\"wp-block-themeisle-blocks-advanced-columns-overlay\"><\/div><div class=\"innerblocks-wrap\">\n<div id=\"wp-block-themeisle-blocks-advanced-column-e853598c\" class=\"wp-block-themeisle-blocks-advanced-column\">\n<h1 class=\"has-white-color has-text-color wp-block-heading\"><strong>Datenschutzerkl\u00e4rung<\/strong> <\/h1>\n<\/div>\n<\/div><\/div>\n\n\n\n<div id=\"wp-block-themeisle-blocks-advanced-columns-b59cb4f4\" class=\"wp-block-themeisle-blocks-advanced-columns alignfull has-1-columns has-desktop-equal-layout has-tablet-equal-layout has-mobile-equal-layout has-vertical-unset\"><div class=\"wp-block-themeisle-blocks-advanced-columns-overlay\"><\/div><div class=\"innerblocks-wrap\">\n<div id=\"wp-block-themeisle-blocks-advanced-column-eb7de5a4\" class=\"wp-block-themeisle-blocks-advanced-column\">\n<p>Verantwortliche Person im Sinne der Datenschutzgesetze, insbesondere der EU-Datenschutzgrundverordnung (DSGVO), ist:<\/p>\n\n\n\n<p>Denkpilot<br>Marc Strickler<br>Muslistrasse 3<br>8820 W\u00e4denswil<\/p>\n\n\n\n<p>Telefon: 079 376 02 77<br>E-Mail: info@denkpilot.ch<br>Webseite: https:\/\/www.denkpilot.ch<\/p>\n\n\n\n<h3 class=\"has-neve-link-color-color has-text-color wp-block-heading\"><strong>Allgemeiner Hinweis<\/strong><\/h3>\n\n\n\n<p>Gest\u00fctzt auf Artikel 13 der schweizerischen Bundesverfassung und die datenschutzrechtlichen Bestimmungen des Bundes (Datenschutzgesetz, DSG) hat jede Person Anspruch auf Schutz ihrer Privatsph\u00e4re sowie auf Schutz vor Missbrauch ihrer pers\u00f6nlichen Daten. Der Betreiber dieser Seiten nimmt den Schutz Ihrer pers\u00f6nlichen Daten sehr ernst. Ich behandle Ihre personenbezogenen Daten vertraulich und entsprechend der gesetzliche Datenschutzvorschriften sowie dieser Datenschutzerkl\u00e4rung.<\/p>\n\n\n\n<p>In Zusammenarbeit mit meinen Hosting-Providern bem\u00fche ich mich, die Datenbanken so gut wie m\u00f6glich vor fremden Zugriffen, Verlusten, Missbrauch oder vor F\u00e4lschung zu sch\u00fctzen.<\/p>\n\n\n\n<p>Ich weise darauf hin, dass die Daten\u00fcbertragung im Internet (z.B. bei der Kommunikation per E-Mail) Sicherheitsl\u00fccken aufweisen kann. Ein l\u00fcckenloser Schutz der Daten vor dem Zugriff durch Dritte ist nicht m\u00f6glich.<\/p>\n\n\n\n<p>Durch die Nutzung dieser Webseite erkl\u00e4ren Sie sich mit der Erhebung, Verarbeitung und Nutzung von Daten gem\u00e4ss der nachfolgenden Beschreibung einverstanden. Diese Webseite kann ohne Registrierung besucht werden. Dabei werden Daten wie beispielsweise aufgerufene Seiten bzw. Namen der abgerufenen Datei, Datum und Uhrzeit zu statistischen Zwecken auf dem Server gespeichert, ohne dass diese Daten unmittelbar auf Ihre Person bezogen werden. Personenbezogene Daten, insbesondere Name, Adresse oder E-Mail-Adresse werden soweit m\u00f6glich auf freiwilliger Basis erhoben. Ohne Ihre Einwilligung erfolgt auf keinen Fall eine Weitergabe der Daten an Dritte.<\/p>\n\n\n\n<h3 class=\"has-neve-link-color-color has-text-color wp-block-heading\"><strong>Bearbeitung von Personendaten<\/strong><\/h3>\n\n\n\n<p>Personendaten sind alle Angaben, die sich auf eine bestimmte oder bestimmbare Person beziehen. Eine betroffene Person ist eine Person, \u00fcber die Personendaten bearbeitet werden. Bearbeiten umfasst jeden Umgang mit Personendaten, unabh\u00e4ngig von den angewandten Mitteln und Verfahren, insbesondere das Aufbewahren, Bekanntgeben, Beschaffen, L\u00f6schen, Speichern, Ver\u00e4ndern, Vernichten und Verwenden von Personendaten.<\/p>\n\n\n\n<p>Ich bearbeite Personendaten im Einklang mit dem schweizerischen Datenschutzrecht. Im \u00dcbrigen bearbeite ich \u2013 soweit und sofern die EU-DSGVO anwendbar ist \u2013 Personendaten gem\u00e4ss folgenden Rechtsgrundlagen im Zusammenhang mit Art. 6 Abs. 1 DSGVO:<\/p>\n\n\n\n<ul class=\"wp-block-list\"><li>lit. a) Bearbeitung von Personendaten mit Einwilligung der betroffenen Person.<\/li><li>lit. b) Bearbeitung von Personendaten zur Erf\u00fcllung eines Vertrages mit der betroffenen Person sowie zur Durchf\u00fchrung entsprechender vorvertraglicher Massnahmen.<\/li><li>lit. c) Bearbeitung von Personendaten zur Erf\u00fcllung einer rechtlichen Verpflichtung, der ich gem\u00e4ss allenfalls anwendbarem Recht der EU oder gem\u00e4ss allenfalls anwendbarem Recht eines Landes, in dem die DSGVO&nbsp;ganz oder teilweise anwendbar ist, unterliege.<\/li><li>lit. d) Bearbeitung von Personendaten, um lebenswichtige Interessen der betroffenen Person oder einer anderen nat\u00fcrlichen Person zu sch\u00fctzen.<\/li><li>lit. f) Bearbeitung von Personendaten, um die berechtigten Interessen von mir oder von Dritten zu wahren, sofern nicht die Grundfreiheiten und Grundrechte sowie Interessen der betroffenen Person \u00fcberwiegen. Berechtigte Interessen sind insbesondere mein betriebswirtschaftliches Interesse, meine Website bereitstellen zu k\u00f6nnen, die Informationssicherheit, die Durchsetzung von eigenen rechtlichen Anspr\u00fcchen und die Einhaltung von schweizerischem Recht.<\/li><\/ul>\n\n\n\n<p>Ich bearbeite Personendaten f\u00fcr jene Dauer, die f\u00fcr den jeweiligen Zweck oder die jeweiligen Zwecke erforderlich ist. Bei l\u00e4nger dauernden Aufbewahrungspflichten aufgrund von gesetzlichen und sonstigen Pflichten, denen wir unterliegen, schr\u00e4nke ich\u00a0 die Bearbeitung entsprechend ein.<\/p>\n\n\n\n<h3 class=\"has-neve-link-color-color has-text-color wp-block-heading\"><strong>Datenschutzerkl\u00e4rung f\u00fcr Cookies<\/strong><\/h3>\n\n\n\n<p>Diese Webseite verwendet Cookies. Das sind kleine Textdateien, die es m\u00f6glich machen, auf dem Endger\u00e4t des Nutzers spezifische, auf den Nutzer bezogene Informationen zu speichern, w\u00e4hrend er\/sie die Webseite nutzt. Cookies erm\u00f6glichen es, insbesondere Nutzungsh\u00e4ufigkeit und Nutzeranzahl der Seiten zu ermitteln, Verhaltensweisen der Seitennutzung zu analysieren, aber auch mein Angebot kundenfreundlicher zu gestalten.\u00a0Cookies bleiben \u00fcber das Ende einer Browser-Sitzung gespeichert und k\u00f6nnen bei einem erneuten Seitenbesuch wieder aufgerufen werden. Wenn Sie das nicht w\u00fcnschen, sollten Sie Ihren Internetbrowser so einstellen, dass er die Annahme von Cookies verweigert. Ausf\u00fchrliche Anleitungen zur Verwaltung der eigenen Daten im Zusammenhang mit Google-Produkten\u00a0finden Sie hier.<\/p>\n\n\n\n<h3 class=\"has-neve-link-color-color has-text-color wp-block-heading\"><strong>Datenschutzerkl\u00e4rung f\u00fcr Facebook<\/strong><\/h3>\n\n\n\n<p>Diese WebSite verwendet Funktionen von Facebook Inc., 1601 S. California Ave, Palo Alto, CA 94304, USA . Bei Aufruf unserer Seiten mit Facebook-Plug-Ins wird eine Verbindung zwischen Ihrem Browser und den Servern von Facebook aufgebaut. Dabei werden bereits Daten an Facebook \u00fcbertragen. Besitzen Sie einen Facebook-Account, k\u00f6nnen diese Daten damit verkn\u00fcpft werden. Wenn Sie keine Zuordnung dieser Daten zu Ihrem Facebook-Account w\u00fcnschen, loggen Sie sich bitte vor dem Besuch unserer Seite bei Facebook aus. Interaktionen, insbesondere das Nutzen einer Kommentarfunktion oder das Anklicken eines \u201eLike\u201c- oder \u201eTeilen\u201c-Buttons werden ebenfalls an Facebook weitergegeben. Mehr erfahren Sie unter\u00a0https:\/\/de-de.facebook.com\/about\/privacy.<\/p>\n\n\n\n<h3 class=\"has-neve-link-color-color has-text-color wp-block-heading\"><strong>Datenschutzerkl\u00e4rung f\u00fcr LinkedIn<\/strong><\/h3>\n\n\n\n<p>Diese WebSite nutzt Funktionen des Netzwerks LinkedIn. Anbieter ist die LinkedIn Corporation, 2029 Stierlin Court, Mountain View, CA 94043, USA. Bei jedem Abruf einer unserer Seiten, die Funktionen von LinkedIn enth\u00e4lt, wird eine Verbindung zu Servern von LinkedIn aufbaut. LinkedIn wird dar\u00fcber informiert, dass Sie unsere Internetseiten mit Ihrer IP-Adresse besucht haben. Wenn Sie den &#8220;Recommend-Button&#8221; von LinkedIn anklicken und in Ihrem Account bei LinkedIn eingeloggt sind, ist es LinkedIn m\u00f6glich, Ihren Besuch auf unserer Internetseite Ihnen und Ihrem Benutzerkonto zuzuordnen. Wir weisen darauf hin, dass wir als Anbieter der Seiten keine Kenntnis vom Inhalt der \u00fcbermittelten Daten sowie deren Nutzung durch LinkedIn haben. Weitere Informationen hierzu finden Sie in der Datenschutzerkl\u00e4rung von LinkedIn unter:\u00a0https:\/\/www.linkedin.com\/legal\/privacy-policy<\/p>\n\n\n\n<h3 class=\"has-neve-link-color-color has-text-color wp-block-heading\"><strong>Datenschutzerkl\u00e4rung f\u00fcr Kontaktformular<\/strong><\/h3>\n\n\n\n<p>Wenn Sie mir per Kontaktformular Anfragen zukommen lassen, werden Ihre Angaben aus dem Anfrageformular inklusive der von Ihnen dort angegebenen Kontaktdaten zwecks Bearbeitung der Anfrage und f\u00fcr den Fall von Anschlussfragen bei mir gespeichert. Diese Daten geben wir nicht ohne Ihre Einwilligung weiter.<\/p>\n\n\n\n<h3 class=\"has-neve-link-color-color has-text-color wp-block-heading\"><strong>Urheberrechte<\/strong><\/h3>\n\n\n\n<p>Die Urheber- und alle anderen Rechte an Inhalten, Bildern, Fotos oder anderen Dateien auf der Website, geh\u00f6ren ausschliesslich derm Betreiber dieser Website oder den speziell genannten Rechteinhabern. F\u00fcr die Reproduktion von s\u00e4mtlichen Dateien, ist die schriftliche Zustimmung des Urheberrechtstr\u00e4gers im Voraus einzuholen.Wer ohne Einwilligung des jeweiligen Rechteinhabers eine Urheberrechtsverletzung begeht, kann sich strafbar und allenfalls Schadenersatzpflichtig machen. Alle Angaben unseres Internetangebotes wurden sorgf\u00e4ltig gepr\u00fcft. Wir bem\u00fchen uns, unser Informationsangebot aktuell, inhaltlich richtig und vollst\u00e4ndig anzubieten. Trotzdem kann das Auftreten von Fehlern nicht v\u00f6llig ausgeschlossen werden, womit wir keine Garantie f\u00fcr Vollst\u00e4ndigkeit, Richtigkeit und Aktualit\u00e4t von Informationen auch journalistisch-redaktioneller Art \u00fcbernehmen k\u00f6nnen. Haftungsanspr\u00fcche aus Sch\u00e4den materieller oder ideeller Art, die durch die Nutzung der angebotenen Informationen verursacht wurden, sind ausgeschlossen, sofern kein nachweislich vors\u00e4tzliches oder grob fahrl\u00e4ssiges Verschulden vorliegt.<\/p>\n\n\n\n<p>Der Herausgeber kann nach eigenem Ermessen und ohne Ank\u00fcndigung Texte ver\u00e4ndern oder l\u00f6schen und ist nicht verpflichtet, Inhalte dieser Website zu aktualisieren. Die Benutzung bzw. der Zugang zu dieser Website geschieht auf eigene Gefahr des Besuchers. Der Herausgeber, seine Auftraggeber oder Partner sind nicht verantwortlich f\u00fcr Sch\u00e4den, wie direkte, indirekte, zuf\u00e4llige, vorab konkret zu bestimmende oder Folgesch\u00e4den, die angeblich durch den Besuch dieser Website entstanden sind und \u00fcbernehmen hierf\u00fcr folglich keine Haftung.<\/p>\n\n\n\n<p>Der Herausgeber \u00fcbernimmt ebenfalls keine Verantwortung und Haftung f\u00fcr die Inhalte und die Verf\u00fcgbarkeit von Webseiten Dritter, die \u00fcber externe Links dieser Webseite erreichbar sind. F\u00fcr den Inhalt der verlinkten Seiten sind ausschliesslich deren Betreiber verantwortlich. Der Herausgeber distanziert sich damit ausdr\u00fccklich von allen Inhalten Dritter, die m\u00f6glicherweise straf- oder haftungsrechtlich relevant sind oder gegen die guten Sitten verstossen.<\/p>\n\n\n\n<h3 class=\"has-neve-link-color-color has-text-color wp-block-heading\"><strong>\u00c4nderungen<\/strong><\/h3>\n\n\n\n<p>Ich kann diese Datenschutzerkl\u00e4rung jederzeit ohne Vorank\u00fcndigung anpassen. Es gilt die jeweils aktuelle, auf meiner Website publizierte Fassung. <\/p>\n<\/div>\n<\/div><\/div>\n","protected":false},"excerpt":{"rendered":"","protected":false},"author":1,"featured_media":0,"parent":510,"menu_order":0,"comment_status":"closed","ping_status":"closed","template":"page-templates\/template-pagebuilder-full-width.php","meta":{"_bbp_topic_count":0,"_bbp_reply_count":0,"_bbp_total_topic_count":0,"_bbp_total_reply_count":0,"_bbp_voice_count":0,"_bbp_anonymous_reply_count":0,"_bbp_topic_count_hidden":0,"_bbp_reply_count_hidden":0,"_bbp_forum_subforum_count":0,"neve_meta_sidebar":"full-width","neve_meta_container":"","neve_meta_enable_content_width":"on","neve_meta_content_width":100,"neve_meta_title_alignment":"","neve_meta_author_avatar":"","neve_post_elements_order":"","neve_meta_disable_header":"","neve_meta_disable_footer":"","neve_meta_disable_title":"on","_themeisle_gutenberg_block_has_review":false,"footnotes":""},"class_list":["post-1430","page","type-page","status-publish","hentry"],"featured_image_urls_v2":{"full":"","thumbnail":"","medium":"","medium_large":"","large":"","1536x1536":"","2048x2048":"","neve-blog":""},"post_excerpt_stackable_v2":"<p>Datenschutzerkl\u00e4rung Verantwortliche Person im Sinne der Datenschutzgesetze, insbesondere der EU-Datenschutzgrundverordnung (DSGVO), ist: DenkpilotMarc StricklerMuslistrasse 38820 W\u00e4denswil Telefon: 079 376 02 77E-Mail: info@denkpilot.chWebseite: https:\/\/www.denkpilot.ch Allgemeiner Hinweis Gest\u00fctzt auf Artikel 13 der schweizerischen Bundesverfassung und die datenschutzrechtlichen Bestimmungen des Bundes (Datenschutzgesetz, DSG) hat jede Person Anspruch auf Schutz ihrer Privatsph\u00e4re sowie auf Schutz vor Missbrauch ihrer pers\u00f6nlichen Daten. Der Betreiber dieser Seiten nimmt den Schutz Ihrer pers\u00f6nlichen Daten sehr ernst. Ich behandle Ihre personenbezogenen Daten vertraulich und entsprechend der gesetzliche Datenschutzvorschriften sowie dieser Datenschutzerkl\u00e4rung. In Zusammenarbeit mit meinen Hosting-Providern bem\u00fche ich mich, die Datenbanken so gut wie m\u00f6glich vor fremden Zugriffen, Verlusten,&hellip;<\/p>\n","category_list_v2":"","author_info_v2":{"name":"webmaster@denkpilot.ch","url":"https:\/\/denkpilot.ch\/cms\/author\/webmasterdenkpilot-ch\/"},"comments_num_v2":"0 comments","yoast_head":"<!-- This site is optimized with the Yoast SEO plugin v27.6 - https:\/\/yoast.com\/product\/yoast-seo-wordpress\/ -->\n<title>Datenschutzerkl\u00e4rung - Denkpilot<\/title>\n<meta name=\"description\" content=\"Verantwortlich f\u00fcr die Inhalte (Text und Bild) ist: Denkpilot Marc Strickler, Muslistrasse 3, 8820 W\u00e4denswil, info@denpilot.ch.\" \/>\n<meta name=\"robots\" content=\"index, follow, max-snippet:-1, max-image-preview:large, max-video-preview:-1\" \/>\n<link rel=\"canonical\" href=\"https:\/\/denkpilot.ch\/cms\/impressum\/datenschutzerklaerung\/\" \/>\n<meta property=\"og:locale\" content=\"de_DE\" \/>\n<meta property=\"og:type\" content=\"article\" \/>\n<meta property=\"og:title\" content=\"Datenschutzerkl\u00e4rung - Denkpilot\" \/>\n<meta property=\"og:description\" content=\"Verantwortlich f\u00fcr die Inhalte (Text und Bild) ist: Denkpilot Marc Strickler, Muslistrasse 3, 8820 W\u00e4denswil, info@denpilot.ch.\" \/>\n<meta property=\"og:url\" content=\"https:\/\/denkpilot.ch\/cms\/impressum\/datenschutzerklaerung\/\" \/>\n<meta property=\"og:site_name\" content=\"Denkpilot\" \/>\n<meta property=\"article:modified_time\" content=\"2022-06-07T11:14:25+00:00\" \/>\n<meta name=\"twitter:card\" content=\"summary_large_image\" \/>\n<meta name=\"twitter:label1\" content=\"Gesch\u00e4tzte Lesezeit\" \/>\n\t<meta name=\"twitter:data1\" content=\"7\u00a0Minuten\" \/>\n<script type=\"application\/ld+json\" class=\"yoast-schema-graph\">{\"@context\":\"https:\\\/\\\/schema.org\",\"@graph\":[{\"@type\":\"WebPage\",\"@id\":\"https:\\\/\\\/denkpilot.ch\\\/cms\\\/impressum\\\/datenschutzerklaerung\\\/\",\"url\":\"https:\\\/\\\/denkpilot.ch\\\/cms\\\/impressum\\\/datenschutzerklaerung\\\/\",\"name\":\"Datenschutzerkl\u00e4rung - Denkpilot\",\"isPartOf\":{\"@id\":\"https:\\\/\\\/denkpilot.ch\\\/cms\\\/#website\"},\"datePublished\":\"2022-06-07T11:13:34+00:00\",\"dateModified\":\"2022-06-07T11:14:25+00:00\",\"description\":\"Verantwortlich f\u00fcr die Inhalte (Text und Bild) ist: Denkpilot Marc Strickler, Muslistrasse 3, 8820 W\u00e4denswil, info@denpilot.ch.\",\"breadcrumb\":{\"@id\":\"https:\\\/\\\/denkpilot.ch\\\/cms\\\/impressum\\\/datenschutzerklaerung\\\/#breadcrumb\"},\"inLanguage\":\"de-CH\",\"potentialAction\":[{\"@type\":\"ReadAction\",\"target\":[\"https:\\\/\\\/denkpilot.ch\\\/cms\\\/impressum\\\/datenschutzerklaerung\\\/\"]}]},{\"@type\":\"BreadcrumbList\",\"@id\":\"https:\\\/\\\/denkpilot.ch\\\/cms\\\/impressum\\\/datenschutzerklaerung\\\/#breadcrumb\",\"itemListElement\":[{\"@type\":\"ListItem\",\"position\":1,\"name\":\"Home\",\"item\":\"https:\\\/\\\/denkpilot.ch\\\/cms\\\/\"},{\"@type\":\"ListItem\",\"position\":2,\"name\":\"Impressum\",\"item\":\"https:\\\/\\\/denkpilot.ch\\\/cms\\\/impressum\\\/\"},{\"@type\":\"ListItem\",\"position\":3,\"name\":\"Datenschutzerkl\u00e4rung\"}]},{\"@type\":\"WebSite\",\"@id\":\"https:\\\/\\\/denkpilot.ch\\\/cms\\\/#website\",\"url\":\"https:\\\/\\\/denkpilot.ch\\\/cms\\\/\",\"name\":\"Denkpilot\",\"description\":\" Ein Knopf im Kopf ? Deine neuen Schritte zur Ver\u00e4nderung\",\"publisher\":{\"@id\":\"https:\\\/\\\/denkpilot.ch\\\/cms\\\/#organization\"},\"potentialAction\":[{\"@type\":\"SearchAction\",\"target\":{\"@type\":\"EntryPoint\",\"urlTemplate\":\"https:\\\/\\\/denkpilot.ch\\\/cms\\\/?s={search_term_string}\"},\"query-input\":{\"@type\":\"PropertyValueSpecification\",\"valueRequired\":true,\"valueName\":\"search_term_string\"}}],\"inLanguage\":\"de-CH\"},{\"@type\":\"Organization\",\"@id\":\"https:\\\/\\\/denkpilot.ch\\\/cms\\\/#organization\",\"name\":\"denkpilot.ch\",\"url\":\"https:\\\/\\\/denkpilot.ch\\\/cms\\\/\",\"logo\":{\"@type\":\"ImageObject\",\"inLanguage\":\"de-CH\",\"@id\":\"https:\\\/\\\/denkpilot.ch\\\/cms\\\/#\\\/schema\\\/logo\\\/image\\\/\",\"url\":\"https:\\\/\\\/denkpilot.ch\\\/cms\\\/wp-content\\\/uploads\\\/2021\\\/09\\\/gross-denken.png\",\"contentUrl\":\"https:\\\/\\\/denkpilot.ch\\\/cms\\\/wp-content\\\/uploads\\\/2021\\\/09\\\/gross-denken.png\",\"width\":256,\"height\":256,\"caption\":\"denkpilot.ch\"},\"image\":{\"@id\":\"https:\\\/\\\/denkpilot.ch\\\/cms\\\/#\\\/schema\\\/logo\\\/image\\\/\"}}]}<\/script>\n<!-- \/ Yoast SEO plugin. -->","yoast_head_json":{"title":"Datenschutzerkl\u00e4rung - Denkpilot","description":"Verantwortlich f\u00fcr die Inhalte (Text und Bild) ist: Denkpilot Marc Strickler, Muslistrasse 3, 8820 W\u00e4denswil, info@denpilot.ch.","robots":{"index":"index","follow":"follow","max-snippet":"max-snippet:-1","max-image-preview":"max-image-preview:large","max-video-preview":"max-video-preview:-1"},"canonical":"https:\/\/denkpilot.ch\/cms\/impressum\/datenschutzerklaerung\/","og_locale":"de_DE","og_type":"article","og_title":"Datenschutzerkl\u00e4rung - Denkpilot","og_description":"Verantwortlich f\u00fcr die Inhalte (Text und Bild) ist: Denkpilot Marc Strickler, Muslistrasse 3, 8820 W\u00e4denswil, info@denpilot.ch.","og_url":"https:\/\/denkpilot.ch\/cms\/impressum\/datenschutzerklaerung\/","og_site_name":"Denkpilot","article_modified_time":"2022-06-07T11:14:25+00:00","twitter_card":"summary_large_image","twitter_misc":{"Gesch\u00e4tzte Lesezeit":"7\u00a0Minuten"},"schema":{"@context":"https:\/\/schema.org","@graph":[{"@type":"WebPage","@id":"https:\/\/denkpilot.ch\/cms\/impressum\/datenschutzerklaerung\/","url":"https:\/\/denkpilot.ch\/cms\/impressum\/datenschutzerklaerung\/","name":"Datenschutzerkl\u00e4rung - Denkpilot","isPartOf":{"@id":"https:\/\/denkpilot.ch\/cms\/#website"},"datePublished":"2022-06-07T11:13:34+00:00","dateModified":"2022-06-07T11:14:25+00:00","description":"Verantwortlich f\u00fcr die Inhalte (Text und Bild) ist: Denkpilot Marc Strickler, Muslistrasse 3, 8820 W\u00e4denswil, info@denpilot.ch.","breadcrumb":{"@id":"https:\/\/denkpilot.ch\/cms\/impressum\/datenschutzerklaerung\/#breadcrumb"},"inLanguage":"de-CH","potentialAction":[{"@type":"ReadAction","target":["https:\/\/denkpilot.ch\/cms\/impressum\/datenschutzerklaerung\/"]}]},{"@type":"BreadcrumbList","@id":"https:\/\/denkpilot.ch\/cms\/impressum\/datenschutzerklaerung\/#breadcrumb","itemListElement":[{"@type":"ListItem","position":1,"name":"Home","item":"https:\/\/denkpilot.ch\/cms\/"},{"@type":"ListItem","position":2,"name":"Impressum","item":"https:\/\/denkpilot.ch\/cms\/impressum\/"},{"@type":"ListItem","position":3,"name":"Datenschutzerkl\u00e4rung"}]},{"@type":"WebSite","@id":"https:\/\/denkpilot.ch\/cms\/#website","url":"https:\/\/denkpilot.ch\/cms\/","name":"Denkpilot","description":" Ein Knopf im Kopf ? Deine neuen Schritte zur Ver\u00e4nderung","publisher":{"@id":"https:\/\/denkpilot.ch\/cms\/#organization"},"potentialAction":[{"@type":"SearchAction","target":{"@type":"EntryPoint","urlTemplate":"https:\/\/denkpilot.ch\/cms\/?s={search_term_string}"},"query-input":{"@type":"PropertyValueSpecification","valueRequired":true,"valueName":"search_term_string"}}],"inLanguage":"de-CH"},{"@type":"Organization","@id":"https:\/\/denkpilot.ch\/cms\/#organization","name":"denkpilot.ch","url":"https:\/\/denkpilot.ch\/cms\/","logo":{"@type":"ImageObject","inLanguage":"de-CH","@id":"https:\/\/denkpilot.ch\/cms\/#\/schema\/logo\/image\/","url":"https:\/\/denkpilot.ch\/cms\/wp-content\/uploads\/2021\/09\/gross-denken.png","contentUrl":"https:\/\/denkpilot.ch\/cms\/wp-content\/uploads\/2021\/09\/gross-denken.png","width":256,"height":256,"caption":"denkpilot.ch"},"image":{"@id":"https:\/\/denkpilot.ch\/cms\/#\/schema\/logo\/image\/"}}]}},"_links":{"self":[{"href":"https:\/\/denkpilot.ch\/cms\/wp-json\/wp\/v2\/pages\/1430","targetHints":{"allow":["GET"]}}],"collection":[{"href":"https:\/\/denkpilot.ch\/cms\/wp-json\/wp\/v2\/pages"}],"about":[{"href":"https:\/\/denkpilot.ch\/cms\/wp-json\/wp\/v2\/types\/page"}],"author":[{"embeddable":true,"href":"https:\/\/denkpilot.ch\/cms\/wp-json\/wp\/v2\/users\/1"}],"replies":[{"embeddable":true,"href":"https:\/\/denkpilot.ch\/cms\/wp-json\/wp\/v2\/comments?post=1430"}],"version-history":[{"count":2,"href":"https:\/\/denkpilot.ch\/cms\/wp-json\/wp\/v2\/pages\/1430\/revisions"}],"predecessor-version":[{"id":1574,"href":"https:\/\/denkpilot.ch\/cms\/wp-json\/wp\/v2\/pages\/1430\/revisions\/1574"}],"up":[{"embeddable":true,"href":"https:\/\/denkpilot.ch\/cms\/wp-json\/wp\/v2\/pages\/510"}],"wp:attachment":[{"href":"https:\/\/denkpilot.ch\/cms\/wp-json\/wp\/v2\/media?parent=1430"}],"curies":[{"name":"wp","href":"https:\/\/api.w.org\/{rel}","templated":true}]}}