{"id":1428,"date":"2022-06-07T10:33:45","date_gmt":"2022-06-07T08:33:45","guid":{"rendered":"https:\/\/denkpilot.ch\/cms\/?page_id=1428"},"modified":"2022-06-07T13:14:38","modified_gmt":"2022-06-07T11:14:38","slug":"agb","status":"publish","type":"page","link":"https:\/\/denkpilot.ch\/cms\/impressum\/agb\/","title":{"rendered":"AGB"},"content":{"rendered":"\n<div id=\"wp-block-themeisle-blocks-advanced-columns-ea2627c2\" class=\"wp-block-themeisle-blocks-advanced-columns alignfull has-1-columns has-desktop-equal-layout has-tablet-equal-layout has-mobile-equal-layout has-vertical-unset seitenBackground\"><div class=\"wp-block-themeisle-blocks-advanced-columns-overlay\"><\/div><div class=\"innerblocks-wrap\">\n<div id=\"wp-block-themeisle-blocks-advanced-column-e853598c\" class=\"wp-block-themeisle-blocks-advanced-column\">\n<h1 class=\"has-white-color has-text-color wp-block-heading\"><strong>AGB und Grundlagen der Zusammenarbeit<\/strong> <\/h1>\n<\/div>\n<\/div><\/div>\n\n\n\n<div id=\"wp-block-themeisle-blocks-advanced-columns-b59cb4f4\" class=\"wp-block-themeisle-blocks-advanced-columns alignfull has-1-columns has-desktop-equal-layout has-tablet-equal-layout has-mobile-equal-layout has-vertical-unset\"><div class=\"wp-block-themeisle-blocks-advanced-columns-overlay\"><\/div><div class=\"innerblocks-wrap\">\n<div id=\"wp-block-themeisle-blocks-advanced-column-eb7de5a4\" class=\"wp-block-themeisle-blocks-advanced-column\">\n<h3 class=\"has-neve-link-color-color has-text-color wp-block-heading\"><strong>A \u00a0 \u00a0 Grunds\u00e4tze<\/strong><\/h3>\n\n\n\n<ol class=\"wp-block-list\"><li>Marc Strickler bietet f\u00fcr Private die auf www. denkpilot.ch aufgef\u00fchrten Beratungs- und Coaching-Dienstleistungen an.<\/li><li>Das Kontaktgespr\u00e4ch von maximal 20 Minuten ist unverbindlich und kostenlos. Das Gleiche gilt auch f\u00fcr erstmalige Anfragen in elektronischer Form.<\/li><li>Das Kontaktgespr\u00e4ch dient ausschliesslich des gegenseitigen Kennenlernens, einem kurzen \u00dcberblick \u00fcber die Situa\u00adtion, der Beantwortung von Fragen sowie der Kl\u00e4rung, ob und in welcher Form eine Zu\u00adsammenarbeit in Frage kommt.<\/li><li>F\u00fchrt das Kontaktgespr\u00e4ch zu einer ersten Kl\u00e4rung der Situation und Beratung, welches Vorgehen im Einzelfall vorgeschlagen wird, so wird dieses \u2013 ungeachtet der Fortf\u00fchrung der weiteren Zusammenarbeit \u2013 kostenpflichtig.<\/li><li>Marc Strickler erbringt seine Dienstleistung auf der Grundlage der vom Kunden zur Verf\u00fcgung gestellten Daten und Informationen.<\/li><li>Die Gew\u00e4hr f\u00fcr deren sachliche Richtigkeit und Vollst\u00e4ndigkeit liegt beim Kunden.<\/li><li>Stellungnahmen und Empfehlungen bereiten lediglich die pers\u00f6nliche Entscheidung des Kunden vor. Sie k\u00f6nnen sie in keinem Fall ersetzen.<\/li><\/ol>\n\n\n\n<p>\u200b<\/p>\n\n\n\n<h3 class=\"has-neve-link-color-color has-text-color wp-block-heading\"><strong>B \u00a0 \u00a0 Vertragliches<\/strong><\/h3>\n\n\n\n<ol class=\"wp-block-list\"><li>Im Rahmen des ersten Kontaktgespr\u00e4chs sch\u00e4tzt Marc Strickler den zu erwartenden Be\u00adratungs-\/Coaching-Aufwand. Die Sch\u00e4tzung ist stets unverbindlich.<\/li><li>Eine verbindliche Offerte in der Zusammenarbeit mit Privaten wird nur auf ausdr\u00fccklichen Wunsch erstellt..<\/li><li>Zeichnet sich im Laufe der Zusammenarbeit gegen\u00fcber der Aufwandsch\u00e4tzung oder ein Mehraufwand ab, informiert Marc Strickler den Kunden und passt mit ihm das bestehende Vertragsverh\u00e4ltnis an.<\/li><li>Soweit es sich um Coaching, Beratungsgespr\u00e4che, Prozessarbeit etc. handelt, haben beide Vertragsparteien das Recht, jederzeit vom Vertragsverh\u00e4ltnis zur\u00fcckzutreten.<\/li><li>Fallen durch den R\u00fccktritt Kosten an, so hat der Kunde diese zu erstatten.<\/li><\/ol>\n\n\n\n<p>\u200b<\/p>\n\n\n\n<h3 class=\"has-neve-link-color-color has-text-color wp-block-heading\"><strong>C \u00a0 \u00a0 Honorar bei vers\u00e4umten oder abgesagten Term<\/strong><\/h3>\n\n\n\n<ol class=\"wp-block-list\"><li>Das Buchen eines Termines durch den Kunden stellt eine verbindliche Offertanfrage dar. Wird der Termin von Marc Strickler best\u00e4tigt, so ist der Termin f\u00fcr beide Parteien verbindlich.<\/li><li>Termine, welche vom Kunden l\u00e4nger als 48 Stunden im Voraus abgesagt werden, werden nicht in Rechnung gestellt. F\u00fcr innerhalb 48 Stunden vor dem vereinbarten Termin abgesagte Termine kann dem Kunden ein angemessenes Ausfallhonorar bis max. 100% der reservierten Zeit verrechnet werden.<\/li><li>F\u00fcr ohne Mitteilung des Kunden ausgefallene Termine kann die daf\u00fcr reservierte Zeit zum vollen Honorar (inkl. Vorbereitungszeit) in Rechnung gestellt werden.<\/li><\/ol>\n\n\n\n<p>\u200b<\/p>\n\n\n\n<h3 class=\"has-neve-link-color-color has-text-color wp-block-heading\"><strong>D\u00a0 \u00a0 \u00a0Verrechenbare Leistungen<\/strong><\/h3>\n\n\n\n<ol class=\"wp-block-list\"><li>Die von Marc Strickler erbrachten Leistungen werden nach Aufwand, nach aktuell g\u00fcltigem oder vereinbartem Stundenansatz, in Rechnung gestellt. Weitere ausgewiesene Kosten und Spesen bleiben vorbehalten.<\/li><\/ol>\n\n\n\n<ol class=\"wp-block-list\" start=\"2\"><li>Als verrechenbare Leistungen gelten insbesondere:<\/li><\/ol>\n\n\n\n<ul class=\"wp-block-list\"><li>Beratungs- und Coachinggespr\u00e4che in den R\u00e4umen vom Seeblicktheater, ausw\u00e4rts (outdoor coaching) oder telefonisch.<\/li><li>Bearbeitungszeit \u2013 Vorbereitung und Nachbearbeitung von Beratungs- und Coachingges\u00adpr\u00e4chen.<\/li><li>Zeit f\u00fcr die Durchf\u00fchrung und Auswertung.<\/li><li>Schriftliche Zusammenfassungen, Beratungsberichte, Gutachten.<\/li><li>Recherchen und Abkl\u00e4rungen im Auftrag des Kunden.<\/li><li>Spesen nach Vereinbarung.<\/li><li>Reisezeiten nach Vereinbarung.<\/li><\/ul>\n\n\n\n<p>\u200b<\/p>\n\n\n\n<h3 class=\"has-neve-link-color-color has-text-color wp-block-heading\"><strong>E\u00a0 \u00a0 \u00a0Zahlungsbedingungen<\/strong><\/h3>\n\n\n\n<ol class=\"wp-block-list\"><li>Die Einzel-Coachings werden \u00fcblicherweise nach Ende der erfolgten Dienstleistung und die Coaching-Pakete nach dem ersten Beratungs-\/Coachinggespr\u00e4ch in Rechnung gestellt, zahlbar innerhalb von 20 Tagen. &nbsp;<\/li><li>Muss ein Kunde f\u00fcr die Zahlung ausstehender Honorare gemahnt werden, so f\u00e4llt mit der Mahnung ein Verzugszins von 5% an.<\/li><li>Die Parteien k\u00f6nnen besondere Zahlungsbedingungen (Bar-, Pauschal- oder Ratenzahlungen) vorg\u00e4ngig vereinbaren.<\/li><li>Marc Strickler ist ohne weiteres berechtigt, die Fortf\u00fchrung ihrer Coaching-T\u00e4tigkeit von der Zahlung ausstehender Honorare abh\u00e4ngig zu machen.<\/li><\/ol>\n\n\n\n<p>\u200b<\/p>\n\n\n\n<h3 class=\"has-neve-link-color-color has-text-color wp-block-heading\"><strong>F\u00a0 \u00a0 \u00a0Mitwirkung und Haftung<\/strong><\/h3>\n\n\n\n<ol class=\"wp-block-list\"><li>Beim Coaching handelt es sich um einen freien, aktiven und eigenverantwortlichen Prozess. Ein Erfolg kann nicht versprochen werden.<\/li><li>Marc Strickler steht dem Kunden als Prozessbegleiter und als Unterst\u00fctzung bei eigenen Entscheidungen und Ver\u00e4nderungen zur Seite \u2013 die eigentliche Ver\u00e4nderungsarbeit wird vom Kunden geleistet.<\/li><li>Der Kunde ist w\u00e4hrend und zwischen den Coaching-Sitzungen in vollem Umfang f\u00fcr seine k\u00f6rperliche und geistige Gesundheit selbst verantwortlich.<\/li><li>Der Kunde ist gehalten, pers\u00f6nliche Vorg\u00e4nge (inkl. Medikamente und Stimulantien) und Befinden als Teil des Coaching-Prozesses von sich aus zu thematisieren.<\/li><li>Das Coaching ist keine Psychotherapie und soll diese nicht ersetzen. Das Coaching setzt eine normale k\u00f6rperliche und geistige Belastbarkeit voraus. Bei Beschwerden mit Krankheitswert ist der Kunde aufgefordert, sich in \u00e4rztliche Behandlung zu begeben.<\/li><li>\u200bS\u00e4mtliche Massnahmen, die der Kunde aufgrund des Coachings \/ der Beratung durchf\u00fchrt, liegen in seinem eigenen Verantwortungsbereich.<\/li><li>Jegliche Haftung von Marc Strickler aus diesem Vertragsverh\u00e4ltnis wird im Rahmen des gesetzlich Zul\u00e4ssigen wegbedungen.<\/li><\/ol>\n\n\n\n<p>\u200b<\/p>\n\n\n\n<h3 class=\"has-neve-link-color-color has-text-color wp-block-heading\"><strong>G\u00a0 \u00a0 \u00a0Vertraulichkeit und Datenschutz<\/strong><\/h3>\n\n\n\n<ol class=\"wp-block-list\"><li>Alle Beratungs- und Coachinggespr\u00e4che erfolgen vertraulich und unterliegen der beruflichen Schweigepflicht.<\/li><li>Ohne ausdr\u00fcckliche Zustimmung der Beteiligten erfolgen keine Informationen bez\u00fcglich Inhaltes und Verlauf der Beratungen an Dritte (z.B. Arbeitgeber etc.).<\/li><li>Die Parteien k\u00f6nnen vereinbaren, dass bestimmte Informationen an bestimmte Drittpersonen weitergegeben werden. Vorbehalten bleibt die Herausgabe von Informationen aufgrund von zwingenden gesetzlichen Vorschriften oder beh\u00f6rdlichen Anordnungen.<\/li><li>F\u00fcr die eigene Dokumentation und Planung der Beratung resp. des Coachings erstellt Marc Strickler vor, w\u00e4hrend und nach der Beratung private, vertrauliche Handnotizen. Diese werden entweder zerst\u00f6rt oder besonders gesch\u00fctzt aufbewahrt und sind Dritten nicht zu\u00adg\u00e4nglich. Als private Handnotizen sind diese gem\u00e4ss Datenschutzgesetz ausdr\u00fccklich vom Auskunftsrecht ausgenommen.<\/li><\/ol>\n\n\n\n<p>\u200b<\/p>\n\n\n\n<h3 class=\"has-neve-link-color-color has-text-color wp-block-heading\"><strong>H\u00a0 \u00a0 \u00a0\u00dcbriges<\/strong><\/h3>\n\n\n\n<ol class=\"wp-block-list\"><li>Diese Vereinbarung bildet &#8211; in der jeweils aktuellen Version auf www.denkpilot.ch verf\u00fcgbar &#8211; Grundlage der Zusammenarbeit. Einseitige \u00c4nderungen bed\u00fcrfen der vorg\u00e4ngigen schrift\u00adlichen Zustimmung.<\/li><li>Meinungsverschiedenheiten und Differenzen versuchen die Parteien einvernehmlich zu l\u00f6sen. N\u00f6tigenfalls ziehen sie dazu einen Vermittler bei.<\/li><li>Gegenseitige, ausgewiesene Anspr\u00fcche d\u00fcrfen ohne vorg\u00e4ngige Zustimmung der Partei\u00aden nicht verrechnet werden.<\/li><\/ol>\n\n\n\n<p><strong>I &nbsp; &nbsp; Anwendbares Recht und Gerichtsstand<\/strong><\/p>\n\n\n\n<p>Diese Vereinbarung untersteht schweizerischem Recht. S\u00e4mtliche Streitigkeiten im Zusammenhang mit dem Abschluss, der G\u00fcltigkeit, der Auslegung oder Erf\u00fcllung dieser Vereinbarung unterstehen unwiderruflich und ausschliesslich der Gerichtsbarkeit am Sitz von Marc Strickler.<\/p>\n<\/div>\n<\/div><\/div>\n","protected":false},"excerpt":{"rendered":"","protected":false},"author":1,"featured_media":0,"parent":510,"menu_order":0,"comment_status":"closed","ping_status":"closed","template":"page-templates\/template-pagebuilder-full-width.php","meta":{"_bbp_topic_count":0,"_bbp_reply_count":0,"_bbp_total_topic_count":0,"_bbp_total_reply_count":0,"_bbp_voice_count":0,"_bbp_anonymous_reply_count":0,"_bbp_topic_count_hidden":0,"_bbp_reply_count_hidden":0,"_bbp_forum_subforum_count":0,"neve_meta_sidebar":"full-width","neve_meta_container":"","neve_meta_enable_content_width":"on","neve_meta_content_width":100,"neve_meta_title_alignment":"","neve_meta_author_avatar":"","neve_post_elements_order":"","neve_meta_disable_header":"","neve_meta_disable_footer":"","neve_meta_disable_title":"on","_themeisle_gutenberg_block_has_review":false,"footnotes":""},"class_list":["post-1428","page","type-page","status-publish","hentry"],"featured_image_urls_v2":{"full":"","thumbnail":"","medium":"","medium_large":"","large":"","1536x1536":"","2048x2048":"","neve-blog":""},"post_excerpt_stackable_v2":"<p>AGB und Grundlagen der Zusammenarbeit A \u00a0 \u00a0 Grunds\u00e4tze Marc Strickler bietet f\u00fcr Private die auf www. denkpilot.ch aufgef\u00fchrten Beratungs- und Coaching-Dienstleistungen an.Das Kontaktgespr\u00e4ch von maximal 20 Minuten ist unverbindlich und kostenlos. Das Gleiche gilt auch f\u00fcr erstmalige Anfragen in elektronischer Form.Das Kontaktgespr\u00e4ch dient ausschliesslich des gegenseitigen Kennenlernens, einem kurzen \u00dcberblick \u00fcber die Situa\u00adtion, der Beantwortung von Fragen sowie der Kl\u00e4rung, ob und in welcher Form eine Zu\u00adsammenarbeit in Frage kommt.F\u00fchrt das Kontaktgespr\u00e4ch zu einer ersten Kl\u00e4rung der Situation und Beratung, welches Vorgehen im Einzelfall vorgeschlagen wird, so wird dieses \u2013 ungeachtet der Fortf\u00fchrung der weiteren Zusammenarbeit \u2013 kostenpflichtig.Marc Strickler&hellip;<\/p>\n","category_list_v2":"","author_info_v2":{"name":"webmaster@denkpilot.ch","url":"https:\/\/denkpilot.ch\/cms\/author\/webmasterdenkpilot-ch\/"},"comments_num_v2":"0 comments","yoast_head":"<!-- This site is optimized with the Yoast SEO plugin v27.6 - https:\/\/yoast.com\/product\/yoast-seo-wordpress\/ -->\n<title>AGB - Denkpilot<\/title>\n<meta name=\"description\" content=\"Verantwortlich f\u00fcr die Inhalte (Text und Bild) ist: Denkpilot Marc Strickler, Muslistrasse 3, 8820 W\u00e4denswil, info@denpilot.ch.\" \/>\n<meta name=\"robots\" content=\"index, follow, max-snippet:-1, max-image-preview:large, max-video-preview:-1\" \/>\n<link rel=\"canonical\" href=\"https:\/\/denkpilot.ch\/cms\/impressum\/agb\/\" \/>\n<meta property=\"og:locale\" content=\"de_DE\" \/>\n<meta property=\"og:type\" content=\"article\" \/>\n<meta property=\"og:title\" content=\"AGB - Denkpilot\" \/>\n<meta property=\"og:description\" content=\"Verantwortlich f\u00fcr die Inhalte (Text und Bild) ist: Denkpilot Marc Strickler, Muslistrasse 3, 8820 W\u00e4denswil, info@denpilot.ch.\" \/>\n<meta property=\"og:url\" content=\"https:\/\/denkpilot.ch\/cms\/impressum\/agb\/\" \/>\n<meta property=\"og:site_name\" content=\"Denkpilot\" \/>\n<meta property=\"article:modified_time\" content=\"2022-06-07T11:14:38+00:00\" \/>\n<meta name=\"twitter:card\" content=\"summary_large_image\" \/>\n<meta name=\"twitter:label1\" content=\"Gesch\u00e4tzte Lesezeit\" \/>\n\t<meta name=\"twitter:data1\" content=\"5\u00a0Minuten\" \/>\n<script type=\"application\/ld+json\" class=\"yoast-schema-graph\">{\"@context\":\"https:\\\/\\\/schema.org\",\"@graph\":[{\"@type\":\"WebPage\",\"@id\":\"https:\\\/\\\/denkpilot.ch\\\/cms\\\/impressum\\\/agb\\\/\",\"url\":\"https:\\\/\\\/denkpilot.ch\\\/cms\\\/impressum\\\/agb\\\/\",\"name\":\"AGB - Denkpilot\",\"isPartOf\":{\"@id\":\"https:\\\/\\\/denkpilot.ch\\\/cms\\\/#website\"},\"datePublished\":\"2022-06-07T08:33:45+00:00\",\"dateModified\":\"2022-06-07T11:14:38+00:00\",\"description\":\"Verantwortlich f\u00fcr die Inhalte (Text und Bild) ist: Denkpilot Marc Strickler, Muslistrasse 3, 8820 W\u00e4denswil, info@denpilot.ch.\",\"breadcrumb\":{\"@id\":\"https:\\\/\\\/denkpilot.ch\\\/cms\\\/impressum\\\/agb\\\/#breadcrumb\"},\"inLanguage\":\"de-CH\",\"potentialAction\":[{\"@type\":\"ReadAction\",\"target\":[\"https:\\\/\\\/denkpilot.ch\\\/cms\\\/impressum\\\/agb\\\/\"]}]},{\"@type\":\"BreadcrumbList\",\"@id\":\"https:\\\/\\\/denkpilot.ch\\\/cms\\\/impressum\\\/agb\\\/#breadcrumb\",\"itemListElement\":[{\"@type\":\"ListItem\",\"position\":1,\"name\":\"Home\",\"item\":\"https:\\\/\\\/denkpilot.ch\\\/cms\\\/\"},{\"@type\":\"ListItem\",\"position\":2,\"name\":\"Impressum\",\"item\":\"https:\\\/\\\/denkpilot.ch\\\/cms\\\/impressum\\\/\"},{\"@type\":\"ListItem\",\"position\":3,\"name\":\"AGB\"}]},{\"@type\":\"WebSite\",\"@id\":\"https:\\\/\\\/denkpilot.ch\\\/cms\\\/#website\",\"url\":\"https:\\\/\\\/denkpilot.ch\\\/cms\\\/\",\"name\":\"Denkpilot\",\"description\":\" Ein Knopf im Kopf ? Deine neuen Schritte zur Ver\u00e4nderung\",\"publisher\":{\"@id\":\"https:\\\/\\\/denkpilot.ch\\\/cms\\\/#organization\"},\"potentialAction\":[{\"@type\":\"SearchAction\",\"target\":{\"@type\":\"EntryPoint\",\"urlTemplate\":\"https:\\\/\\\/denkpilot.ch\\\/cms\\\/?s={search_term_string}\"},\"query-input\":{\"@type\":\"PropertyValueSpecification\",\"valueRequired\":true,\"valueName\":\"search_term_string\"}}],\"inLanguage\":\"de-CH\"},{\"@type\":\"Organization\",\"@id\":\"https:\\\/\\\/denkpilot.ch\\\/cms\\\/#organization\",\"name\":\"denkpilot.ch\",\"url\":\"https:\\\/\\\/denkpilot.ch\\\/cms\\\/\",\"logo\":{\"@type\":\"ImageObject\",\"inLanguage\":\"de-CH\",\"@id\":\"https:\\\/\\\/denkpilot.ch\\\/cms\\\/#\\\/schema\\\/logo\\\/image\\\/\",\"url\":\"https:\\\/\\\/denkpilot.ch\\\/cms\\\/wp-content\\\/uploads\\\/2021\\\/09\\\/gross-denken.png\",\"contentUrl\":\"https:\\\/\\\/denkpilot.ch\\\/cms\\\/wp-content\\\/uploads\\\/2021\\\/09\\\/gross-denken.png\",\"width\":256,\"height\":256,\"caption\":\"denkpilot.ch\"},\"image\":{\"@id\":\"https:\\\/\\\/denkpilot.ch\\\/cms\\\/#\\\/schema\\\/logo\\\/image\\\/\"}}]}<\/script>\n<!-- \/ Yoast SEO plugin. -->","yoast_head_json":{"title":"AGB - Denkpilot","description":"Verantwortlich f\u00fcr die Inhalte (Text und Bild) ist: Denkpilot Marc Strickler, Muslistrasse 3, 8820 W\u00e4denswil, info@denpilot.ch.","robots":{"index":"index","follow":"follow","max-snippet":"max-snippet:-1","max-image-preview":"max-image-preview:large","max-video-preview":"max-video-preview:-1"},"canonical":"https:\/\/denkpilot.ch\/cms\/impressum\/agb\/","og_locale":"de_DE","og_type":"article","og_title":"AGB - Denkpilot","og_description":"Verantwortlich f\u00fcr die Inhalte (Text und Bild) ist: Denkpilot Marc Strickler, Muslistrasse 3, 8820 W\u00e4denswil, info@denpilot.ch.","og_url":"https:\/\/denkpilot.ch\/cms\/impressum\/agb\/","og_site_name":"Denkpilot","article_modified_time":"2022-06-07T11:14:38+00:00","twitter_card":"summary_large_image","twitter_misc":{"Gesch\u00e4tzte Lesezeit":"5\u00a0Minuten"},"schema":{"@context":"https:\/\/schema.org","@graph":[{"@type":"WebPage","@id":"https:\/\/denkpilot.ch\/cms\/impressum\/agb\/","url":"https:\/\/denkpilot.ch\/cms\/impressum\/agb\/","name":"AGB - Denkpilot","isPartOf":{"@id":"https:\/\/denkpilot.ch\/cms\/#website"},"datePublished":"2022-06-07T08:33:45+00:00","dateModified":"2022-06-07T11:14:38+00:00","description":"Verantwortlich f\u00fcr die Inhalte (Text und Bild) ist: Denkpilot Marc Strickler, Muslistrasse 3, 8820 W\u00e4denswil, info@denpilot.ch.","breadcrumb":{"@id":"https:\/\/denkpilot.ch\/cms\/impressum\/agb\/#breadcrumb"},"inLanguage":"de-CH","potentialAction":[{"@type":"ReadAction","target":["https:\/\/denkpilot.ch\/cms\/impressum\/agb\/"]}]},{"@type":"BreadcrumbList","@id":"https:\/\/denkpilot.ch\/cms\/impressum\/agb\/#breadcrumb","itemListElement":[{"@type":"ListItem","position":1,"name":"Home","item":"https:\/\/denkpilot.ch\/cms\/"},{"@type":"ListItem","position":2,"name":"Impressum","item":"https:\/\/denkpilot.ch\/cms\/impressum\/"},{"@type":"ListItem","position":3,"name":"AGB"}]},{"@type":"WebSite","@id":"https:\/\/denkpilot.ch\/cms\/#website","url":"https:\/\/denkpilot.ch\/cms\/","name":"Denkpilot","description":" Ein Knopf im Kopf ? Deine neuen Schritte zur Ver\u00e4nderung","publisher":{"@id":"https:\/\/denkpilot.ch\/cms\/#organization"},"potentialAction":[{"@type":"SearchAction","target":{"@type":"EntryPoint","urlTemplate":"https:\/\/denkpilot.ch\/cms\/?s={search_term_string}"},"query-input":{"@type":"PropertyValueSpecification","valueRequired":true,"valueName":"search_term_string"}}],"inLanguage":"de-CH"},{"@type":"Organization","@id":"https:\/\/denkpilot.ch\/cms\/#organization","name":"denkpilot.ch","url":"https:\/\/denkpilot.ch\/cms\/","logo":{"@type":"ImageObject","inLanguage":"de-CH","@id":"https:\/\/denkpilot.ch\/cms\/#\/schema\/logo\/image\/","url":"https:\/\/denkpilot.ch\/cms\/wp-content\/uploads\/2021\/09\/gross-denken.png","contentUrl":"https:\/\/denkpilot.ch\/cms\/wp-content\/uploads\/2021\/09\/gross-denken.png","width":256,"height":256,"caption":"denkpilot.ch"},"image":{"@id":"https:\/\/denkpilot.ch\/cms\/#\/schema\/logo\/image\/"}}]}},"_links":{"self":[{"href":"https:\/\/denkpilot.ch\/cms\/wp-json\/wp\/v2\/pages\/1428","targetHints":{"allow":["GET"]}}],"collection":[{"href":"https:\/\/denkpilot.ch\/cms\/wp-json\/wp\/v2\/pages"}],"about":[{"href":"https:\/\/denkpilot.ch\/cms\/wp-json\/wp\/v2\/types\/page"}],"author":[{"embeddable":true,"href":"https:\/\/denkpilot.ch\/cms\/wp-json\/wp\/v2\/users\/1"}],"replies":[{"embeddable":true,"href":"https:\/\/denkpilot.ch\/cms\/wp-json\/wp\/v2\/comments?post=1428"}],"version-history":[{"count":1,"href":"https:\/\/denkpilot.ch\/cms\/wp-json\/wp\/v2\/pages\/1428\/revisions"}],"predecessor-version":[{"id":1429,"href":"https:\/\/denkpilot.ch\/cms\/wp-json\/wp\/v2\/pages\/1428\/revisions\/1429"}],"up":[{"embeddable":true,"href":"https:\/\/denkpilot.ch\/cms\/wp-json\/wp\/v2\/pages\/510"}],"wp:attachment":[{"href":"https:\/\/denkpilot.ch\/cms\/wp-json\/wp\/v2\/media?parent=1428"}],"curies":[{"name":"wp","href":"https:\/\/api.w.org\/{rel}","templated":true}]}}